{"id":8861,"date":"2025-01-17T10:37:22","date_gmt":"2025-01-17T09:37:22","guid":{"rendered":"https:\/\/equaid.com\/?post_type=product&#038;p=8861"},"modified":"2025-08-08T09:02:56","modified_gmt":"2025-08-08T07:02:56","slug":"60-capsulas-equaid-plus-probiotic-500mg-esp","status":"publish","type":"product","link":"https:\/\/equaid.com\/es\/equaidvet-es\/60-capsulas-equaid-plus-probiotic-500mg-esp\/","title":{"rendered":"60 Capsulas eQuaid plus Probiotic (500mg)"},"content":{"rendered":"<p>Las capsulas de leche de yegua es un buen recurso para la gente acostumbrada a tomar c\u00e1psulas, pastillas o comprimidos.<br \/>\nTambi\u00e9n es un buen recurso para personas que durante un tiempo no est\u00e1n en su casa y no les es posible tomar la leche en polvo o congelada, es un formato m\u00e1s pr\u00e1ctico de tomar.<\/p>\n","protected":false},"excerpt":{"rendered":"<p><strong>Bote de 60 capsulas de 500mg <\/strong>de leche de yegua en polvo liofilizada.<br \/>\nAconsejado para obtener <strong>beneficios nutricionales, digestivos, inmunol\u00f3gicos<\/strong>, y para mejorar el estado an\u00edmico y energ\u00e9tico.<br \/>\nSe recomienda tomar de 1 a 4 capsulas diarias, seg\u00fan las necesidades.<br \/>\nComposicion: 100% leche de yegua eQuaid, Capsula Enterica vegetal.<\/p>\n","protected":false},"featured_media":9097,"comment_status":"open","ping_status":"closed","template":"","meta":{"_acf_changed":false},"product_brand":[],"product_cat":[143],"product_tag":[],"class_list":{"0":"post-8861","1":"product","2":"type-product","3":"status-publish","4":"has-post-thumbnail","6":"product_cat-equaidvet-es","8":"first","9":"instock","10":"taxable","11":"shipping-taxable","12":"purchasable","13":"product-type-simple"},"acf":[],"yoast_head":"<!-- This site is optimized with the Yoast SEO plugin v27.4 - https:\/\/yoast.com\/product\/yoast-seo-wordpress\/ -->\n<title>60 Capsulas eQuaid plus Probiotic (500mg) - eQuaid\u00ae Llet d&#039;euga | Botiga online<\/title>\n<meta name=\"robots\" content=\"index, follow, max-snippet:-1, max-image-preview:large, max-video-preview:-1\" \/>\n<link rel=\"canonical\" href=\"https:\/\/equaid.com\/es\/equaidvet-es\/60-capsulas-equaid-plus-probiotic-500mg-esp\/\" \/>\n<meta property=\"og:locale\" content=\"es_ES\" \/>\n<meta property=\"og:type\" content=\"article\" \/>\n<meta property=\"og:title\" content=\"60 Capsulas eQuaid plus Probiotic (500mg) - eQuaid\u00ae Llet d&#039;euga | Botiga online\" \/>\n<meta property=\"og:description\" content=\"Bote de 60 capsulas de 500mg de leche de yegua en polvo liofilizada. Aconsejado para obtener beneficios nutricionales, digestivos, inmunol\u00f3gicos, y para mejorar el estado an\u00edmico y energ\u00e9tico. Se recomienda tomar de 1 a 4 capsulas diarias, seg\u00fan las necesidades. Composicion: 100% leche de yegua eQuaid, Capsula Enterica vegetal.\" \/>\n<meta property=\"og:url\" content=\"https:\/\/equaid.com\/es\/equaidvet-es\/60-capsulas-equaid-plus-probiotic-500mg-esp\/\" \/>\n<meta property=\"og:site_name\" content=\"eQuaid\u00ae Llet d&#039;euga | Botiga online\" \/>\n<meta property=\"article:modified_time\" content=\"2025-08-08T07:02:56+00:00\" \/>\n<meta property=\"og:image\" content=\"https:\/\/equaid.com\/wp-content\/uploads\/2025\/02\/eQuaid-VET-Capsulas.png\" \/>\n\t<meta property=\"og:image:width\" content=\"700\" \/>\n\t<meta property=\"og:image:height\" content=\"700\" \/>\n\t<meta property=\"og:image:type\" content=\"image\/png\" \/>\n<meta name=\"twitter:card\" content=\"summary_large_image\" \/>\n<meta name=\"twitter:label1\" content=\"Tiempo de lectura\" \/>\n\t<meta name=\"twitter:data1\" content=\"1 minuto\" \/>\n<script type=\"application\/ld+json\" class=\"yoast-schema-graph\">{\"@context\":\"https:\\\/\\\/schema.org\",\"@graph\":[{\"@type\":\"WebPage\",\"@id\":\"https:\\\/\\\/equaid.com\\\/es\\\/equaidvet-es\\\/60-capsulas-equaid-plus-probiotic-500mg-esp\\\/\",\"url\":\"https:\\\/\\\/equaid.com\\\/es\\\/equaidvet-es\\\/60-capsulas-equaid-plus-probiotic-500mg-esp\\\/\",\"name\":\"60 Capsulas eQuaid plus Probiotic (500mg) - eQuaid\u00ae Llet d&#039;euga | Botiga online\",\"isPartOf\":{\"@id\":\"https:\\\/\\\/equaid.com\\\/es\\\/#website\"},\"primaryImageOfPage\":{\"@id\":\"https:\\\/\\\/equaid.com\\\/es\\\/equaidvet-es\\\/60-capsulas-equaid-plus-probiotic-500mg-esp\\\/#primaryimage\"},\"image\":{\"@id\":\"https:\\\/\\\/equaid.com\\\/es\\\/equaidvet-es\\\/60-capsulas-equaid-plus-probiotic-500mg-esp\\\/#primaryimage\"},\"thumbnailUrl\":\"https:\\\/\\\/equaid.com\\\/wp-content\\\/uploads\\\/2025\\\/02\\\/eQuaid-VET-Capsulas.png\",\"datePublished\":\"2025-01-17T09:37:22+00:00\",\"dateModified\":\"2025-08-08T07:02:56+00:00\",\"breadcrumb\":{\"@id\":\"https:\\\/\\\/equaid.com\\\/es\\\/equaidvet-es\\\/60-capsulas-equaid-plus-probiotic-500mg-esp\\\/#breadcrumb\"},\"inLanguage\":\"es\",\"potentialAction\":[{\"@type\":\"ReadAction\",\"target\":[\"https:\\\/\\\/equaid.com\\\/es\\\/equaidvet-es\\\/60-capsulas-equaid-plus-probiotic-500mg-esp\\\/\"]}]},{\"@type\":\"ImageObject\",\"inLanguage\":\"es\",\"@id\":\"https:\\\/\\\/equaid.com\\\/es\\\/equaidvet-es\\\/60-capsulas-equaid-plus-probiotic-500mg-esp\\\/#primaryimage\",\"url\":\"https:\\\/\\\/equaid.com\\\/wp-content\\\/uploads\\\/2025\\\/02\\\/eQuaid-VET-Capsulas.png\",\"contentUrl\":\"https:\\\/\\\/equaid.com\\\/wp-content\\\/uploads\\\/2025\\\/02\\\/eQuaid-VET-Capsulas.png\",\"width\":700,\"height\":700,\"caption\":\"Probiotico para tu mascota\"},{\"@type\":\"BreadcrumbList\",\"@id\":\"https:\\\/\\\/equaid.com\\\/es\\\/equaidvet-es\\\/60-capsulas-equaid-plus-probiotic-500mg-esp\\\/#breadcrumb\",\"itemListElement\":[{\"@type\":\"ListItem\",\"position\":1,\"name\":\"Home\",\"item\":\"https:\\\/\\\/equaid.com\\\/es\\\/\"},{\"@type\":\"ListItem\",\"position\":2,\"name\":\"Tienda\",\"item\":\"https:\\\/\\\/equaid.com\\\/es\\\/tienda\\\/\"},{\"@type\":\"ListItem\",\"position\":3,\"name\":\"60 Capsulas eQuaid plus Probiotic (500mg)\"}]},{\"@type\":\"WebSite\",\"@id\":\"https:\\\/\\\/equaid.com\\\/es\\\/#website\",\"url\":\"https:\\\/\\\/equaid.com\\\/es\\\/\",\"name\":\"eQuaid\u00ae Llet d'euga | Botiga online\",\"description\":\"\",\"publisher\":{\"@id\":\"https:\\\/\\\/equaid.com\\\/es\\\/#organization\"},\"potentialAction\":[{\"@type\":\"SearchAction\",\"target\":{\"@type\":\"EntryPoint\",\"urlTemplate\":\"https:\\\/\\\/equaid.com\\\/es\\\/?s={search_term_string}\"},\"query-input\":{\"@type\":\"PropertyValueSpecification\",\"valueRequired\":true,\"valueName\":\"search_term_string\"}}],\"inLanguage\":\"es\"},{\"@type\":\"Organization\",\"@id\":\"https:\\\/\\\/equaid.com\\\/es\\\/#organization\",\"name\":\"eQuaid\u00ae Llet d'euga | Botiga online\",\"url\":\"https:\\\/\\\/equaid.com\\\/es\\\/\",\"logo\":{\"@type\":\"ImageObject\",\"inLanguage\":\"es\",\"@id\":\"https:\\\/\\\/equaid.com\\\/es\\\/#\\\/schema\\\/logo\\\/image\\\/\",\"url\":\"https:\\\/\\\/equaid.com\\\/wp-content\\\/uploads\\\/2024\\\/06\\\/logo-granja.svg\",\"contentUrl\":\"https:\\\/\\\/equaid.com\\\/wp-content\\\/uploads\\\/2024\\\/06\\\/logo-granja.svg\",\"width\":1,\"height\":1,\"caption\":\"eQuaid\u00ae Llet d'euga | Botiga online\"},\"image\":{\"@id\":\"https:\\\/\\\/equaid.com\\\/es\\\/#\\\/schema\\\/logo\\\/image\\\/\"}}]}<\/script>\n<!-- \/ Yoast SEO plugin. -->","yoast_head_json":{"title":"60 Capsulas eQuaid plus Probiotic (500mg) - eQuaid\u00ae Llet d&#039;euga | Botiga online","robots":{"index":"index","follow":"follow","max-snippet":"max-snippet:-1","max-image-preview":"max-image-preview:large","max-video-preview":"max-video-preview:-1"},"canonical":"https:\/\/equaid.com\/es\/equaidvet-es\/60-capsulas-equaid-plus-probiotic-500mg-esp\/","og_locale":"es_ES","og_type":"article","og_title":"60 Capsulas eQuaid plus Probiotic (500mg) - eQuaid\u00ae Llet d&#039;euga | Botiga online","og_description":"Bote de 60 capsulas de 500mg de leche de yegua en polvo liofilizada. Aconsejado para obtener beneficios nutricionales, digestivos, inmunol\u00f3gicos, y para mejorar el estado an\u00edmico y energ\u00e9tico. Se recomienda tomar de 1 a 4 capsulas diarias, seg\u00fan las necesidades. Composicion: 100% leche de yegua eQuaid, Capsula Enterica vegetal.","og_url":"https:\/\/equaid.com\/es\/equaidvet-es\/60-capsulas-equaid-plus-probiotic-500mg-esp\/","og_site_name":"eQuaid\u00ae Llet d&#039;euga | Botiga online","article_modified_time":"2025-08-08T07:02:56+00:00","og_image":[{"width":700,"height":700,"url":"https:\/\/equaid.com\/wp-content\/uploads\/2025\/02\/eQuaid-VET-Capsulas.png","type":"image\/png"}],"twitter_card":"summary_large_image","twitter_misc":{"Tiempo de lectura":"1 minuto"},"schema":{"@context":"https:\/\/schema.org","@graph":[{"@type":"WebPage","@id":"https:\/\/equaid.com\/es\/equaidvet-es\/60-capsulas-equaid-plus-probiotic-500mg-esp\/","url":"https:\/\/equaid.com\/es\/equaidvet-es\/60-capsulas-equaid-plus-probiotic-500mg-esp\/","name":"60 Capsulas eQuaid plus Probiotic (500mg) - eQuaid\u00ae Llet d&#039;euga | Botiga online","isPartOf":{"@id":"https:\/\/equaid.com\/es\/#website"},"primaryImageOfPage":{"@id":"https:\/\/equaid.com\/es\/equaidvet-es\/60-capsulas-equaid-plus-probiotic-500mg-esp\/#primaryimage"},"image":{"@id":"https:\/\/equaid.com\/es\/equaidvet-es\/60-capsulas-equaid-plus-probiotic-500mg-esp\/#primaryimage"},"thumbnailUrl":"https:\/\/equaid.com\/wp-content\/uploads\/2025\/02\/eQuaid-VET-Capsulas.png","datePublished":"2025-01-17T09:37:22+00:00","dateModified":"2025-08-08T07:02:56+00:00","breadcrumb":{"@id":"https:\/\/equaid.com\/es\/equaidvet-es\/60-capsulas-equaid-plus-probiotic-500mg-esp\/#breadcrumb"},"inLanguage":"es","potentialAction":[{"@type":"ReadAction","target":["https:\/\/equaid.com\/es\/equaidvet-es\/60-capsulas-equaid-plus-probiotic-500mg-esp\/"]}]},{"@type":"ImageObject","inLanguage":"es","@id":"https:\/\/equaid.com\/es\/equaidvet-es\/60-capsulas-equaid-plus-probiotic-500mg-esp\/#primaryimage","url":"https:\/\/equaid.com\/wp-content\/uploads\/2025\/02\/eQuaid-VET-Capsulas.png","contentUrl":"https:\/\/equaid.com\/wp-content\/uploads\/2025\/02\/eQuaid-VET-Capsulas.png","width":700,"height":700,"caption":"Probiotico para tu mascota"},{"@type":"BreadcrumbList","@id":"https:\/\/equaid.com\/es\/equaidvet-es\/60-capsulas-equaid-plus-probiotic-500mg-esp\/#breadcrumb","itemListElement":[{"@type":"ListItem","position":1,"name":"Home","item":"https:\/\/equaid.com\/es\/"},{"@type":"ListItem","position":2,"name":"Tienda","item":"https:\/\/equaid.com\/es\/tienda\/"},{"@type":"ListItem","position":3,"name":"60 Capsulas eQuaid plus Probiotic (500mg)"}]},{"@type":"WebSite","@id":"https:\/\/equaid.com\/es\/#website","url":"https:\/\/equaid.com\/es\/","name":"eQuaid\u00ae Llet d'euga | Botiga online","description":"","publisher":{"@id":"https:\/\/equaid.com\/es\/#organization"},"potentialAction":[{"@type":"SearchAction","target":{"@type":"EntryPoint","urlTemplate":"https:\/\/equaid.com\/es\/?s={search_term_string}"},"query-input":{"@type":"PropertyValueSpecification","valueRequired":true,"valueName":"search_term_string"}}],"inLanguage":"es"},{"@type":"Organization","@id":"https:\/\/equaid.com\/es\/#organization","name":"eQuaid\u00ae Llet d'euga | Botiga online","url":"https:\/\/equaid.com\/es\/","logo":{"@type":"ImageObject","inLanguage":"es","@id":"https:\/\/equaid.com\/es\/#\/schema\/logo\/image\/","url":"https:\/\/equaid.com\/wp-content\/uploads\/2024\/06\/logo-granja.svg","contentUrl":"https:\/\/equaid.com\/wp-content\/uploads\/2024\/06\/logo-granja.svg","width":1,"height":1,"caption":"eQuaid\u00ae Llet d'euga | Botiga online"},"image":{"@id":"https:\/\/equaid.com\/es\/#\/schema\/logo\/image\/"}}]}},"_links":{"self":[{"href":"https:\/\/equaid.com\/es\/wp-json\/wp\/v2\/product\/8861","targetHints":{"allow":["GET"]}}],"collection":[{"href":"https:\/\/equaid.com\/es\/wp-json\/wp\/v2\/product"}],"about":[{"href":"https:\/\/equaid.com\/es\/wp-json\/wp\/v2\/types\/product"}],"replies":[{"embeddable":true,"href":"https:\/\/equaid.com\/es\/wp-json\/wp\/v2\/comments?post=8861"}],"wp:featuredmedia":[{"embeddable":true,"href":"https:\/\/equaid.com\/es\/wp-json\/wp\/v2\/media\/9097"}],"wp:attachment":[{"href":"https:\/\/equaid.com\/es\/wp-json\/wp\/v2\/media?parent=8861"}],"wp:term":[{"taxonomy":"product_brand","embeddable":true,"href":"https:\/\/equaid.com\/es\/wp-json\/wp\/v2\/product_brand?post=8861"},{"taxonomy":"product_cat","embeddable":true,"href":"https:\/\/equaid.com\/es\/wp-json\/wp\/v2\/product_cat?post=8861"},{"taxonomy":"product_tag","embeddable":true,"href":"https:\/\/equaid.com\/es\/wp-json\/wp\/v2\/product_tag?post=8861"}],"curies":[{"name":"wp","href":"https:\/\/api.w.org\/{rel}","templated":true}]}}