{"id":3852,"date":"2024-06-25T11:03:47","date_gmt":"2024-06-25T11:03:47","guid":{"rendered":"https:\/\/equaid.com\/product\/2gr-equaid-plus-probiotic-15-sobres-monodosis\/"},"modified":"2024-10-16T17:18:53","modified_gmt":"2024-10-16T15:18:53","slug":"2gr-equaid-plus-probiotic-15-sobres-monodosis","status":"publish","type":"product","link":"https:\/\/equaid.com\/es\/equaid-es\/equaid-probiotics\/2gr-equaid-plus-probiotic-15-sobres-monodosis\/","title":{"rendered":"2gr eQuaid plus Probiotico 15 Sobres monodosis"},"content":{"rendered":"<p>Es un probi\u00f3tico natural preparado con eQuaid\u00aecomplet que contiene una amplia gama de bacterias intr\u00ednsecas de la leche (se han aislado hasta 191 bacterias del \u00e1cido l\u00e1ctico en la leche de yegua ) sin lugar a dudas su presencia <strong>ayuda mejorar la diversidad, el equilibrio del microbioma y sobre todo a reforzar el sistema de defensas<\/strong>.<br \/>\n* eQuaid\u00aecomplet es el simbi\u00f3tico m\u00e1s completo que existe en el mercado y de mayor potencial para garantizar una estabilidad en el microbioma, similar a la que nos aporta la leche materna al crear el microbioma inicial.<br \/>\nLa leche materna es el primer probi\u00f3tico que ingerimos y la leche de yegua nos aportara pr\u00e1cticamente los mismos elementos con lo cual garantizamos la supervivencia y una colonizaci\u00f3n equilibrada del microbioma.<br \/>\nUtilizamos eQuaid\u00ae complet como crio protector de las bacterias probi\u00f3ticas que tambi\u00e9n act\u00faa como simbi\u00f3tico para garantizar la supervivencia y estabilizaci\u00f3n de las bacterias en el organismo.<br \/>\nPOSOLOGIA: <strong>1 sobre de 2g\/d\u00eda<\/strong><br \/>\nSe puede incorporar a la dieta diaria en uso continuo para mejorar la vitalidad, energ\u00eda y aumentar las defensas.<\/p>\n","protected":false},"excerpt":{"rendered":"<p>eQuaid\u00aePlus es el <strong>formato liofilizado de eQuaid\u00aeComplet<\/strong>; una materia activa creada al 100% con leche de yegua estabilizada y enriquecida con sus propias bacterias, para convertirla en el probi\u00f3tico y simbi\u00f3tico de amplio espectro m\u00e1s completo del mercado.<br \/>\nEspecialmente aconsejada para obtener <strong>beneficios nutricionales, digestivos, inmunol\u00f3gicos<\/strong>, y mejorar el estado an\u00edmico y energ\u00e9tico.<br \/>\nComposicion: 100% leche de Yegua eQuaid<\/p>\n","protected":false},"featured_media":8421,"comment_status":"closed","ping_status":"closed","template":"","meta":{"_acf_changed":false},"product_brand":[],"product_cat":[80],"product_tag":[],"class_list":{"0":"post-3852","1":"product","2":"type-product","3":"status-publish","4":"has-post-thumbnail","6":"product_cat-equaid-probiotics","8":"first","9":"instock","10":"taxable","11":"shipping-taxable","12":"purchasable","13":"product-type-simple"},"acf":[],"yoast_head":"<!-- This site is optimized with the Yoast SEO plugin v27.4 - https:\/\/yoast.com\/product\/yoast-seo-wordpress\/ -->\n<title>2gr eQuaid plus Probiotico 15 Sobres monodosis - eQuaid\u00ae Llet d&#039;euga | Botiga online<\/title>\n<meta name=\"robots\" content=\"index, follow, max-snippet:-1, max-image-preview:large, max-video-preview:-1\" \/>\n<link rel=\"canonical\" href=\"https:\/\/equaid.com\/es\/equaid-es\/equaid-probiotics\/2gr-equaid-plus-probiotic-15-sobres-monodosis\/\" \/>\n<meta property=\"og:locale\" content=\"es_ES\" \/>\n<meta property=\"og:type\" content=\"article\" \/>\n<meta property=\"og:title\" content=\"2gr eQuaid plus Probiotico 15 Sobres monodosis - eQuaid\u00ae Llet d&#039;euga | Botiga online\" \/>\n<meta property=\"og:description\" content=\"eQuaid\u00aePlus es el formato liofilizado de eQuaid\u00aeComplet; una materia activa creada al 100% con leche de yegua estabilizada y enriquecida con sus propias bacterias, para convertirla en el probi\u00f3tico y simbi\u00f3tico de amplio espectro m\u00e1s completo del mercado. Especialmente aconsejada para obtener beneficios nutricionales, digestivos, inmunol\u00f3gicos, y mejorar el estado an\u00edmico y energ\u00e9tico. Composicion: 100% leche de Yegua eQuaid\" \/>\n<meta property=\"og:url\" content=\"https:\/\/equaid.com\/es\/equaid-es\/equaid-probiotics\/2gr-equaid-plus-probiotic-15-sobres-monodosis\/\" \/>\n<meta property=\"og:site_name\" content=\"eQuaid\u00ae Llet d&#039;euga | Botiga online\" \/>\n<meta property=\"article:modified_time\" content=\"2024-10-16T15:18:53+00:00\" \/>\n<meta property=\"og:image\" content=\"https:\/\/equaid.com\/wp-content\/uploads\/2024\/06\/eQuaid-productes-botiga-en-Capsulas-1.webp\" \/>\n\t<meta property=\"og:image:width\" content=\"700\" \/>\n\t<meta property=\"og:image:height\" content=\"700\" \/>\n\t<meta property=\"og:image:type\" content=\"image\/webp\" \/>\n<meta name=\"twitter:card\" content=\"summary_large_image\" \/>\n<meta name=\"twitter:label1\" content=\"Tiempo de lectura\" \/>\n\t<meta name=\"twitter:data1\" content=\"2 minutos\" \/>\n<script type=\"application\/ld+json\" class=\"yoast-schema-graph\">{\"@context\":\"https:\\\/\\\/schema.org\",\"@graph\":[{\"@type\":\"WebPage\",\"@id\":\"https:\\\/\\\/equaid.com\\\/es\\\/equaid-es\\\/equaid-probiotics\\\/2gr-equaid-plus-probiotic-15-sobres-monodosis\\\/\",\"url\":\"https:\\\/\\\/equaid.com\\\/es\\\/equaid-es\\\/equaid-probiotics\\\/2gr-equaid-plus-probiotic-15-sobres-monodosis\\\/\",\"name\":\"2gr eQuaid plus Probiotico 15 Sobres monodosis - eQuaid\u00ae Llet d&#039;euga | Botiga online\",\"isPartOf\":{\"@id\":\"https:\\\/\\\/equaid.com\\\/es\\\/#website\"},\"primaryImageOfPage\":{\"@id\":\"https:\\\/\\\/equaid.com\\\/es\\\/equaid-es\\\/equaid-probiotics\\\/2gr-equaid-plus-probiotic-15-sobres-monodosis\\\/#primaryimage\"},\"image\":{\"@id\":\"https:\\\/\\\/equaid.com\\\/es\\\/equaid-es\\\/equaid-probiotics\\\/2gr-equaid-plus-probiotic-15-sobres-monodosis\\\/#primaryimage\"},\"thumbnailUrl\":\"https:\\\/\\\/equaid.com\\\/wp-content\\\/uploads\\\/2024\\\/06\\\/eQuaid-productes-botiga-en-Capsulas-1.webp\",\"datePublished\":\"2024-06-25T11:03:47+00:00\",\"dateModified\":\"2024-10-16T15:18:53+00:00\",\"breadcrumb\":{\"@id\":\"https:\\\/\\\/equaid.com\\\/es\\\/equaid-es\\\/equaid-probiotics\\\/2gr-equaid-plus-probiotic-15-sobres-monodosis\\\/#breadcrumb\"},\"inLanguage\":\"es\",\"potentialAction\":[{\"@type\":\"ReadAction\",\"target\":[\"https:\\\/\\\/equaid.com\\\/es\\\/equaid-es\\\/equaid-probiotics\\\/2gr-equaid-plus-probiotic-15-sobres-monodosis\\\/\"]}]},{\"@type\":\"ImageObject\",\"inLanguage\":\"es\",\"@id\":\"https:\\\/\\\/equaid.com\\\/es\\\/equaid-es\\\/equaid-probiotics\\\/2gr-equaid-plus-probiotic-15-sobres-monodosis\\\/#primaryimage\",\"url\":\"https:\\\/\\\/equaid.com\\\/wp-content\\\/uploads\\\/2024\\\/06\\\/eQuaid-productes-botiga-en-Capsulas-1.webp\",\"contentUrl\":\"https:\\\/\\\/equaid.com\\\/wp-content\\\/uploads\\\/2024\\\/06\\\/eQuaid-productes-botiga-en-Capsulas-1.webp\",\"width\":700,\"height\":700,\"caption\":\"probi\u00f3tico de leche de yegua en sobres eQuaid\"},{\"@type\":\"BreadcrumbList\",\"@id\":\"https:\\\/\\\/equaid.com\\\/es\\\/equaid-es\\\/equaid-probiotics\\\/2gr-equaid-plus-probiotic-15-sobres-monodosis\\\/#breadcrumb\",\"itemListElement\":[{\"@type\":\"ListItem\",\"position\":1,\"name\":\"Home\",\"item\":\"https:\\\/\\\/equaid.com\\\/es\\\/\"},{\"@type\":\"ListItem\",\"position\":2,\"name\":\"Tienda\",\"item\":\"https:\\\/\\\/equaid.com\\\/es\\\/tienda\\\/\"},{\"@type\":\"ListItem\",\"position\":3,\"name\":\"2gr eQuaid plus Probiotico 15 Sobres monodosis\"}]},{\"@type\":\"WebSite\",\"@id\":\"https:\\\/\\\/equaid.com\\\/es\\\/#website\",\"url\":\"https:\\\/\\\/equaid.com\\\/es\\\/\",\"name\":\"eQuaid\u00ae Llet d'euga | Botiga online\",\"description\":\"\",\"publisher\":{\"@id\":\"https:\\\/\\\/equaid.com\\\/es\\\/#organization\"},\"potentialAction\":[{\"@type\":\"SearchAction\",\"target\":{\"@type\":\"EntryPoint\",\"urlTemplate\":\"https:\\\/\\\/equaid.com\\\/es\\\/?s={search_term_string}\"},\"query-input\":{\"@type\":\"PropertyValueSpecification\",\"valueRequired\":true,\"valueName\":\"search_term_string\"}}],\"inLanguage\":\"es\"},{\"@type\":\"Organization\",\"@id\":\"https:\\\/\\\/equaid.com\\\/es\\\/#organization\",\"name\":\"eQuaid\u00ae Llet d'euga | Botiga online\",\"url\":\"https:\\\/\\\/equaid.com\\\/es\\\/\",\"logo\":{\"@type\":\"ImageObject\",\"inLanguage\":\"es\",\"@id\":\"https:\\\/\\\/equaid.com\\\/es\\\/#\\\/schema\\\/logo\\\/image\\\/\",\"url\":\"https:\\\/\\\/equaid.com\\\/wp-content\\\/uploads\\\/2024\\\/06\\\/logo-granja.svg\",\"contentUrl\":\"https:\\\/\\\/equaid.com\\\/wp-content\\\/uploads\\\/2024\\\/06\\\/logo-granja.svg\",\"width\":1,\"height\":1,\"caption\":\"eQuaid\u00ae Llet d'euga | Botiga online\"},\"image\":{\"@id\":\"https:\\\/\\\/equaid.com\\\/es\\\/#\\\/schema\\\/logo\\\/image\\\/\"}}]}<\/script>\n<!-- \/ Yoast SEO plugin. -->","yoast_head_json":{"title":"2gr eQuaid plus Probiotico 15 Sobres monodosis - eQuaid\u00ae Llet d&#039;euga | Botiga online","robots":{"index":"index","follow":"follow","max-snippet":"max-snippet:-1","max-image-preview":"max-image-preview:large","max-video-preview":"max-video-preview:-1"},"canonical":"https:\/\/equaid.com\/es\/equaid-es\/equaid-probiotics\/2gr-equaid-plus-probiotic-15-sobres-monodosis\/","og_locale":"es_ES","og_type":"article","og_title":"2gr eQuaid plus Probiotico 15 Sobres monodosis - eQuaid\u00ae Llet d&#039;euga | Botiga online","og_description":"eQuaid\u00aePlus es el formato liofilizado de eQuaid\u00aeComplet; una materia activa creada al 100% con leche de yegua estabilizada y enriquecida con sus propias bacterias, para convertirla en el probi\u00f3tico y simbi\u00f3tico de amplio espectro m\u00e1s completo del mercado. Especialmente aconsejada para obtener beneficios nutricionales, digestivos, inmunol\u00f3gicos, y mejorar el estado an\u00edmico y energ\u00e9tico. Composicion: 100% leche de Yegua eQuaid","og_url":"https:\/\/equaid.com\/es\/equaid-es\/equaid-probiotics\/2gr-equaid-plus-probiotic-15-sobres-monodosis\/","og_site_name":"eQuaid\u00ae Llet d&#039;euga | Botiga online","article_modified_time":"2024-10-16T15:18:53+00:00","og_image":[{"width":700,"height":700,"url":"https:\/\/equaid.com\/wp-content\/uploads\/2024\/06\/eQuaid-productes-botiga-en-Capsulas-1.webp","type":"image\/webp"}],"twitter_card":"summary_large_image","twitter_misc":{"Tiempo de lectura":"2 minutos"},"schema":{"@context":"https:\/\/schema.org","@graph":[{"@type":"WebPage","@id":"https:\/\/equaid.com\/es\/equaid-es\/equaid-probiotics\/2gr-equaid-plus-probiotic-15-sobres-monodosis\/","url":"https:\/\/equaid.com\/es\/equaid-es\/equaid-probiotics\/2gr-equaid-plus-probiotic-15-sobres-monodosis\/","name":"2gr eQuaid plus Probiotico 15 Sobres monodosis - eQuaid\u00ae Llet d&#039;euga | Botiga online","isPartOf":{"@id":"https:\/\/equaid.com\/es\/#website"},"primaryImageOfPage":{"@id":"https:\/\/equaid.com\/es\/equaid-es\/equaid-probiotics\/2gr-equaid-plus-probiotic-15-sobres-monodosis\/#primaryimage"},"image":{"@id":"https:\/\/equaid.com\/es\/equaid-es\/equaid-probiotics\/2gr-equaid-plus-probiotic-15-sobres-monodosis\/#primaryimage"},"thumbnailUrl":"https:\/\/equaid.com\/wp-content\/uploads\/2024\/06\/eQuaid-productes-botiga-en-Capsulas-1.webp","datePublished":"2024-06-25T11:03:47+00:00","dateModified":"2024-10-16T15:18:53+00:00","breadcrumb":{"@id":"https:\/\/equaid.com\/es\/equaid-es\/equaid-probiotics\/2gr-equaid-plus-probiotic-15-sobres-monodosis\/#breadcrumb"},"inLanguage":"es","potentialAction":[{"@type":"ReadAction","target":["https:\/\/equaid.com\/es\/equaid-es\/equaid-probiotics\/2gr-equaid-plus-probiotic-15-sobres-monodosis\/"]}]},{"@type":"ImageObject","inLanguage":"es","@id":"https:\/\/equaid.com\/es\/equaid-es\/equaid-probiotics\/2gr-equaid-plus-probiotic-15-sobres-monodosis\/#primaryimage","url":"https:\/\/equaid.com\/wp-content\/uploads\/2024\/06\/eQuaid-productes-botiga-en-Capsulas-1.webp","contentUrl":"https:\/\/equaid.com\/wp-content\/uploads\/2024\/06\/eQuaid-productes-botiga-en-Capsulas-1.webp","width":700,"height":700,"caption":"probi\u00f3tico de leche de yegua en sobres eQuaid"},{"@type":"BreadcrumbList","@id":"https:\/\/equaid.com\/es\/equaid-es\/equaid-probiotics\/2gr-equaid-plus-probiotic-15-sobres-monodosis\/#breadcrumb","itemListElement":[{"@type":"ListItem","position":1,"name":"Home","item":"https:\/\/equaid.com\/es\/"},{"@type":"ListItem","position":2,"name":"Tienda","item":"https:\/\/equaid.com\/es\/tienda\/"},{"@type":"ListItem","position":3,"name":"2gr eQuaid plus Probiotico 15 Sobres monodosis"}]},{"@type":"WebSite","@id":"https:\/\/equaid.com\/es\/#website","url":"https:\/\/equaid.com\/es\/","name":"eQuaid\u00ae Llet d'euga | Botiga online","description":"","publisher":{"@id":"https:\/\/equaid.com\/es\/#organization"},"potentialAction":[{"@type":"SearchAction","target":{"@type":"EntryPoint","urlTemplate":"https:\/\/equaid.com\/es\/?s={search_term_string}"},"query-input":{"@type":"PropertyValueSpecification","valueRequired":true,"valueName":"search_term_string"}}],"inLanguage":"es"},{"@type":"Organization","@id":"https:\/\/equaid.com\/es\/#organization","name":"eQuaid\u00ae Llet d'euga | Botiga online","url":"https:\/\/equaid.com\/es\/","logo":{"@type":"ImageObject","inLanguage":"es","@id":"https:\/\/equaid.com\/es\/#\/schema\/logo\/image\/","url":"https:\/\/equaid.com\/wp-content\/uploads\/2024\/06\/logo-granja.svg","contentUrl":"https:\/\/equaid.com\/wp-content\/uploads\/2024\/06\/logo-granja.svg","width":1,"height":1,"caption":"eQuaid\u00ae Llet d'euga | Botiga online"},"image":{"@id":"https:\/\/equaid.com\/es\/#\/schema\/logo\/image\/"}}]}},"_links":{"self":[{"href":"https:\/\/equaid.com\/es\/wp-json\/wp\/v2\/product\/3852","targetHints":{"allow":["GET"]}}],"collection":[{"href":"https:\/\/equaid.com\/es\/wp-json\/wp\/v2\/product"}],"about":[{"href":"https:\/\/equaid.com\/es\/wp-json\/wp\/v2\/types\/product"}],"replies":[{"embeddable":true,"href":"https:\/\/equaid.com\/es\/wp-json\/wp\/v2\/comments?post=3852"}],"wp:featuredmedia":[{"embeddable":true,"href":"https:\/\/equaid.com\/es\/wp-json\/wp\/v2\/media\/8421"}],"wp:attachment":[{"href":"https:\/\/equaid.com\/es\/wp-json\/wp\/v2\/media?parent=3852"}],"wp:term":[{"taxonomy":"product_brand","embeddable":true,"href":"https:\/\/equaid.com\/es\/wp-json\/wp\/v2\/product_brand?post=3852"},{"taxonomy":"product_cat","embeddable":true,"href":"https:\/\/equaid.com\/es\/wp-json\/wp\/v2\/product_cat?post=3852"},{"taxonomy":"product_tag","embeddable":true,"href":"https:\/\/equaid.com\/es\/wp-json\/wp\/v2\/product_tag?post=3852"}],"curies":[{"name":"wp","href":"https:\/\/api.w.org\/{rel}","templated":true}]}}