{"id":3846,"date":"2024-07-02T15:34:45","date_gmt":"2024-07-02T13:34:45","guid":{"rendered":"https:\/\/equaid.com\/product\/equaid-crema-facial-24h-50ml\/"},"modified":"2024-07-02T15:34:45","modified_gmt":"2024-07-02T13:34:45","slug":"equaid-crema-facial-24h-50ml","status":"publish","type":"product","link":"https:\/\/equaid.com\/es\/equaid-es\/comprar-cosmetica-con-leche-de-yegua\/equaid-crema-facial-24h-50ml\/","title":{"rendered":"eQuaid Crema Facial 24h (50ml)"},"content":{"rendered":"<p>La leche de yegua aplicada sobre la piel ayuda a su protecci\u00f3n, regeneraci\u00f3n y hidrataci\u00f3n, dejando una extrema suavidad y sedosidad a las zonas donde ha sido aplicada.<br \/>Gracias a que las vitaminas de la leche de yegua tambi\u00e9n pueden ser absorbidas por la piel, esta crema nutre y cuida el cutis. <\/p>\n","protected":false},"excerpt":{"rendered":"<p>Crema especialmente formulada para aplicar a la cara, ayuda a la regeneraci\u00f3n y el saneamiento de la piel, gracias a su elevada cantidad de leche de yegua.<br \/>Crema de absorci\u00f3n muy r\u00e1pida que act\u00faa como protecci\u00f3n de los efectos externos y del sol. <\/p>\n","protected":false},"featured_media":2560,"comment_status":"open","ping_status":"closed","template":"","meta":{"_acf_changed":false},"product_brand":[],"product_cat":[79],"product_tag":[],"class_list":{"0":"post-3846","1":"product","2":"type-product","3":"status-publish","4":"has-post-thumbnail","6":"product_cat-comprar-cosmetica-con-leche-de-yegua","8":"first","9":"instock","10":"taxable","11":"shipping-taxable","12":"purchasable","13":"product-type-simple"},"acf":[],"yoast_head":"<!-- This site is optimized with the Yoast SEO plugin v27.4 - https:\/\/yoast.com\/product\/yoast-seo-wordpress\/ -->\n<title>eQuaid Crema Facial 24h (50ml) - eQuaid\u00ae Llet d&#039;euga | Botiga online<\/title>\n<meta name=\"robots\" content=\"index, follow, max-snippet:-1, max-image-preview:large, max-video-preview:-1\" \/>\n<link rel=\"canonical\" href=\"https:\/\/equaid.com\/es\/equaid-es\/comprar-cosmetica-con-leche-de-yegua\/equaid-crema-facial-24h-50ml\/\" \/>\n<meta property=\"og:locale\" content=\"es_ES\" \/>\n<meta property=\"og:type\" content=\"article\" \/>\n<meta property=\"og:title\" content=\"eQuaid Crema Facial 24h (50ml) - eQuaid\u00ae Llet d&#039;euga | Botiga online\" \/>\n<meta property=\"og:description\" content=\"Crema especialmente formulada para aplicar a la cara, ayuda a la regeneraci\u00f3n y el saneamiento de la piel, gracias a su elevada cantidad de leche de yegua.Crema de absorci\u00f3n muy r\u00e1pida que act\u00faa como protecci\u00f3n de los efectos externos y del sol.\" \/>\n<meta property=\"og:url\" content=\"https:\/\/equaid.com\/es\/equaid-es\/comprar-cosmetica-con-leche-de-yegua\/equaid-crema-facial-24h-50ml\/\" \/>\n<meta property=\"og:site_name\" content=\"eQuaid\u00ae Llet d&#039;euga | Botiga online\" \/>\n<meta property=\"og:image\" content=\"https:\/\/equaid.com\/wp-content\/uploads\/2024\/07\/crema-facial-amb-llet-d-euga.jpg\" \/>\n\t<meta property=\"og:image:width\" content=\"800\" \/>\n\t<meta property=\"og:image:height\" content=\"800\" \/>\n\t<meta property=\"og:image:type\" content=\"image\/jpeg\" \/>\n<meta name=\"twitter:card\" content=\"summary_large_image\" \/>\n<script type=\"application\/ld+json\" class=\"yoast-schema-graph\">{\"@context\":\"https:\\\/\\\/schema.org\",\"@graph\":[{\"@type\":\"WebPage\",\"@id\":\"https:\\\/\\\/equaid.com\\\/es\\\/equaid-es\\\/comprar-cosmetica-con-leche-de-yegua\\\/equaid-crema-facial-24h-50ml\\\/\",\"url\":\"https:\\\/\\\/equaid.com\\\/es\\\/equaid-es\\\/comprar-cosmetica-con-leche-de-yegua\\\/equaid-crema-facial-24h-50ml\\\/\",\"name\":\"eQuaid Crema Facial 24h (50ml) - eQuaid\u00ae Llet d&#039;euga | Botiga online\",\"isPartOf\":{\"@id\":\"https:\\\/\\\/equaid.com\\\/es\\\/#website\"},\"primaryImageOfPage\":{\"@id\":\"https:\\\/\\\/equaid.com\\\/es\\\/equaid-es\\\/comprar-cosmetica-con-leche-de-yegua\\\/equaid-crema-facial-24h-50ml\\\/#primaryimage\"},\"image\":{\"@id\":\"https:\\\/\\\/equaid.com\\\/es\\\/equaid-es\\\/comprar-cosmetica-con-leche-de-yegua\\\/equaid-crema-facial-24h-50ml\\\/#primaryimage\"},\"thumbnailUrl\":\"https:\\\/\\\/equaid.com\\\/wp-content\\\/uploads\\\/2024\\\/07\\\/crema-facial-amb-llet-d-euga.jpg\",\"datePublished\":\"2024-07-02T13:34:45+00:00\",\"breadcrumb\":{\"@id\":\"https:\\\/\\\/equaid.com\\\/es\\\/equaid-es\\\/comprar-cosmetica-con-leche-de-yegua\\\/equaid-crema-facial-24h-50ml\\\/#breadcrumb\"},\"inLanguage\":\"es\",\"potentialAction\":[{\"@type\":\"ReadAction\",\"target\":[\"https:\\\/\\\/equaid.com\\\/es\\\/equaid-es\\\/comprar-cosmetica-con-leche-de-yegua\\\/equaid-crema-facial-24h-50ml\\\/\"]}]},{\"@type\":\"ImageObject\",\"inLanguage\":\"es\",\"@id\":\"https:\\\/\\\/equaid.com\\\/es\\\/equaid-es\\\/comprar-cosmetica-con-leche-de-yegua\\\/equaid-crema-facial-24h-50ml\\\/#primaryimage\",\"url\":\"https:\\\/\\\/equaid.com\\\/wp-content\\\/uploads\\\/2024\\\/07\\\/crema-facial-amb-llet-d-euga.jpg\",\"contentUrl\":\"https:\\\/\\\/equaid.com\\\/wp-content\\\/uploads\\\/2024\\\/07\\\/crema-facial-amb-llet-d-euga.jpg\",\"width\":800,\"height\":800},{\"@type\":\"BreadcrumbList\",\"@id\":\"https:\\\/\\\/equaid.com\\\/es\\\/equaid-es\\\/comprar-cosmetica-con-leche-de-yegua\\\/equaid-crema-facial-24h-50ml\\\/#breadcrumb\",\"itemListElement\":[{\"@type\":\"ListItem\",\"position\":1,\"name\":\"Home\",\"item\":\"https:\\\/\\\/equaid.com\\\/es\\\/\"},{\"@type\":\"ListItem\",\"position\":2,\"name\":\"Tienda\",\"item\":\"https:\\\/\\\/equaid.com\\\/es\\\/tienda\\\/\"},{\"@type\":\"ListItem\",\"position\":3,\"name\":\"eQuaid Crema Facial 24h (50ml)\"}]},{\"@type\":\"WebSite\",\"@id\":\"https:\\\/\\\/equaid.com\\\/es\\\/#website\",\"url\":\"https:\\\/\\\/equaid.com\\\/es\\\/\",\"name\":\"eQuaid\u00ae Llet d'euga | Botiga online\",\"description\":\"\",\"publisher\":{\"@id\":\"https:\\\/\\\/equaid.com\\\/es\\\/#organization\"},\"potentialAction\":[{\"@type\":\"SearchAction\",\"target\":{\"@type\":\"EntryPoint\",\"urlTemplate\":\"https:\\\/\\\/equaid.com\\\/es\\\/?s={search_term_string}\"},\"query-input\":{\"@type\":\"PropertyValueSpecification\",\"valueRequired\":true,\"valueName\":\"search_term_string\"}}],\"inLanguage\":\"es\"},{\"@type\":\"Organization\",\"@id\":\"https:\\\/\\\/equaid.com\\\/es\\\/#organization\",\"name\":\"eQuaid\u00ae Llet d'euga | Botiga online\",\"url\":\"https:\\\/\\\/equaid.com\\\/es\\\/\",\"logo\":{\"@type\":\"ImageObject\",\"inLanguage\":\"es\",\"@id\":\"https:\\\/\\\/equaid.com\\\/es\\\/#\\\/schema\\\/logo\\\/image\\\/\",\"url\":\"https:\\\/\\\/equaid.com\\\/wp-content\\\/uploads\\\/2024\\\/06\\\/logo-granja.svg\",\"contentUrl\":\"https:\\\/\\\/equaid.com\\\/wp-content\\\/uploads\\\/2024\\\/06\\\/logo-granja.svg\",\"width\":1,\"height\":1,\"caption\":\"eQuaid\u00ae Llet d'euga | Botiga online\"},\"image\":{\"@id\":\"https:\\\/\\\/equaid.com\\\/es\\\/#\\\/schema\\\/logo\\\/image\\\/\"}}]}<\/script>\n<!-- \/ Yoast SEO plugin. -->","yoast_head_json":{"title":"eQuaid Crema Facial 24h (50ml) - eQuaid\u00ae Llet d&#039;euga | Botiga online","robots":{"index":"index","follow":"follow","max-snippet":"max-snippet:-1","max-image-preview":"max-image-preview:large","max-video-preview":"max-video-preview:-1"},"canonical":"https:\/\/equaid.com\/es\/equaid-es\/comprar-cosmetica-con-leche-de-yegua\/equaid-crema-facial-24h-50ml\/","og_locale":"es_ES","og_type":"article","og_title":"eQuaid Crema Facial 24h (50ml) - eQuaid\u00ae Llet d&#039;euga | Botiga online","og_description":"Crema especialmente formulada para aplicar a la cara, ayuda a la regeneraci\u00f3n y el saneamiento de la piel, gracias a su elevada cantidad de leche de yegua.Crema de absorci\u00f3n muy r\u00e1pida que act\u00faa como protecci\u00f3n de los efectos externos y del sol.","og_url":"https:\/\/equaid.com\/es\/equaid-es\/comprar-cosmetica-con-leche-de-yegua\/equaid-crema-facial-24h-50ml\/","og_site_name":"eQuaid\u00ae Llet d&#039;euga | Botiga online","og_image":[{"width":800,"height":800,"url":"https:\/\/equaid.com\/wp-content\/uploads\/2024\/07\/crema-facial-amb-llet-d-euga.jpg","type":"image\/jpeg"}],"twitter_card":"summary_large_image","schema":{"@context":"https:\/\/schema.org","@graph":[{"@type":"WebPage","@id":"https:\/\/equaid.com\/es\/equaid-es\/comprar-cosmetica-con-leche-de-yegua\/equaid-crema-facial-24h-50ml\/","url":"https:\/\/equaid.com\/es\/equaid-es\/comprar-cosmetica-con-leche-de-yegua\/equaid-crema-facial-24h-50ml\/","name":"eQuaid Crema Facial 24h (50ml) - eQuaid\u00ae Llet d&#039;euga | Botiga online","isPartOf":{"@id":"https:\/\/equaid.com\/es\/#website"},"primaryImageOfPage":{"@id":"https:\/\/equaid.com\/es\/equaid-es\/comprar-cosmetica-con-leche-de-yegua\/equaid-crema-facial-24h-50ml\/#primaryimage"},"image":{"@id":"https:\/\/equaid.com\/es\/equaid-es\/comprar-cosmetica-con-leche-de-yegua\/equaid-crema-facial-24h-50ml\/#primaryimage"},"thumbnailUrl":"https:\/\/equaid.com\/wp-content\/uploads\/2024\/07\/crema-facial-amb-llet-d-euga.jpg","datePublished":"2024-07-02T13:34:45+00:00","breadcrumb":{"@id":"https:\/\/equaid.com\/es\/equaid-es\/comprar-cosmetica-con-leche-de-yegua\/equaid-crema-facial-24h-50ml\/#breadcrumb"},"inLanguage":"es","potentialAction":[{"@type":"ReadAction","target":["https:\/\/equaid.com\/es\/equaid-es\/comprar-cosmetica-con-leche-de-yegua\/equaid-crema-facial-24h-50ml\/"]}]},{"@type":"ImageObject","inLanguage":"es","@id":"https:\/\/equaid.com\/es\/equaid-es\/comprar-cosmetica-con-leche-de-yegua\/equaid-crema-facial-24h-50ml\/#primaryimage","url":"https:\/\/equaid.com\/wp-content\/uploads\/2024\/07\/crema-facial-amb-llet-d-euga.jpg","contentUrl":"https:\/\/equaid.com\/wp-content\/uploads\/2024\/07\/crema-facial-amb-llet-d-euga.jpg","width":800,"height":800},{"@type":"BreadcrumbList","@id":"https:\/\/equaid.com\/es\/equaid-es\/comprar-cosmetica-con-leche-de-yegua\/equaid-crema-facial-24h-50ml\/#breadcrumb","itemListElement":[{"@type":"ListItem","position":1,"name":"Home","item":"https:\/\/equaid.com\/es\/"},{"@type":"ListItem","position":2,"name":"Tienda","item":"https:\/\/equaid.com\/es\/tienda\/"},{"@type":"ListItem","position":3,"name":"eQuaid Crema Facial 24h (50ml)"}]},{"@type":"WebSite","@id":"https:\/\/equaid.com\/es\/#website","url":"https:\/\/equaid.com\/es\/","name":"eQuaid\u00ae Llet d'euga | Botiga online","description":"","publisher":{"@id":"https:\/\/equaid.com\/es\/#organization"},"potentialAction":[{"@type":"SearchAction","target":{"@type":"EntryPoint","urlTemplate":"https:\/\/equaid.com\/es\/?s={search_term_string}"},"query-input":{"@type":"PropertyValueSpecification","valueRequired":true,"valueName":"search_term_string"}}],"inLanguage":"es"},{"@type":"Organization","@id":"https:\/\/equaid.com\/es\/#organization","name":"eQuaid\u00ae Llet d'euga | Botiga online","url":"https:\/\/equaid.com\/es\/","logo":{"@type":"ImageObject","inLanguage":"es","@id":"https:\/\/equaid.com\/es\/#\/schema\/logo\/image\/","url":"https:\/\/equaid.com\/wp-content\/uploads\/2024\/06\/logo-granja.svg","contentUrl":"https:\/\/equaid.com\/wp-content\/uploads\/2024\/06\/logo-granja.svg","width":1,"height":1,"caption":"eQuaid\u00ae Llet d'euga | Botiga online"},"image":{"@id":"https:\/\/equaid.com\/es\/#\/schema\/logo\/image\/"}}]}},"_links":{"self":[{"href":"https:\/\/equaid.com\/es\/wp-json\/wp\/v2\/product\/3846","targetHints":{"allow":["GET"]}}],"collection":[{"href":"https:\/\/equaid.com\/es\/wp-json\/wp\/v2\/product"}],"about":[{"href":"https:\/\/equaid.com\/es\/wp-json\/wp\/v2\/types\/product"}],"replies":[{"embeddable":true,"href":"https:\/\/equaid.com\/es\/wp-json\/wp\/v2\/comments?post=3846"}],"wp:featuredmedia":[{"embeddable":true,"href":"https:\/\/equaid.com\/es\/wp-json\/wp\/v2\/media\/2560"}],"wp:attachment":[{"href":"https:\/\/equaid.com\/es\/wp-json\/wp\/v2\/media?parent=3846"}],"wp:term":[{"taxonomy":"product_brand","embeddable":true,"href":"https:\/\/equaid.com\/es\/wp-json\/wp\/v2\/product_brand?post=3846"},{"taxonomy":"product_cat","embeddable":true,"href":"https:\/\/equaid.com\/es\/wp-json\/wp\/v2\/product_cat?post=3846"},{"taxonomy":"product_tag","embeddable":true,"href":"https:\/\/equaid.com\/es\/wp-json\/wp\/v2\/product_tag?post=3846"}],"curies":[{"name":"wp","href":"https:\/\/api.w.org\/{rel}","templated":true}]}}