{"id":10565,"date":"2026-03-18T09:31:36","date_gmt":"2026-03-18T08:31:36","guid":{"rendered":"https:\/\/equaid.com\/sin%20categor\u00eda\/formatge-amb-llet-deuga\/"},"modified":"2026-03-18T10:07:52","modified_gmt":"2026-03-18T09:07:52","slug":"formatge-amb-llet-deuga","status":"publish","type":"product","link":"https:\/\/equaid.com\/es\/equaid-es\/equaid-probiotics\/formatge-amb-llet-deuga\/","title":{"rendered":"Queso de leche de yegua"},"content":{"rendered":"<p data-path-to-node=\"2\">En eQuaid continuamos innovando con nuestros productos naturales, os presentamos una combinaci\u00f3n muy especial: queso elaborado con leche de vaca y leche de yegua.<\/p>\n<p data-path-to-node=\"3\">La suavidad y ligereza de la leche de yegua se fusiona con la cremosidad de la leche de vaca para crear un queso \u00fanico, delicado y sorprendentemente equilibrado. Un producto diferente, pensado para quien busca nuevos sabores y una experiencia gastron\u00f3mica especial.<\/p>\n<p data-path-to-node=\"4\">\ud83c\udf3f Natural<\/p>\n<p data-path-to-node=\"4\">\ud83d\udc0e Con leche de yegua<\/p>\n<p data-path-to-node=\"4\">\ud83e\uddc0 Sabor suave y textura cremosa<\/p>\n<p data-path-to-node=\"5\">Desc\u00fabrelo y d\u00e9jate sorprender por una nueva manera de disfrutar del queso.<\/p>\n<p data-path-to-node=\"6\">Utilizamos la leche de yegua como un ingrediente noble que act\u00faa como diamante y genera una alquimia \u00fanica\u2026<\/p>\n<p data-path-to-node=\"7\">Su sola presencia, en un 4 por 1.000, transforma la estructura del queso, desbloqueando aromas y texturas que la leche de vaca guarda bajo llave.<\/p>\n<p data-path-to-node=\"8\">Lisozima de yegua, el filtro natural que purifica el queso y desvela matices \u00fanicos.<\/p>\n<p data-path-to-node=\"9\"><b data-path-to-node=\"9\" data-index-in-node=\"0\">Vista y textura de pasta:<\/b> descubrid una corteza natural y una pasta color marfil cremosa al corte. Textura sedosa y fundente en boca gracias a la estructura del 3 por mil.<\/p>\n<p data-path-to-node=\"10\"><b data-path-to-node=\"10\" data-index-in-node=\"0\">Aromas puros y complejos:<\/b> Notas de hierba fresca de monta\u00f1a, l\u00e1ctico dulce y un toque suave de fruto seco. La leche de yegua aporta una nitidez arom\u00e1tica excepcional.<\/p>\n<p data-path-to-node=\"11\"><b data-path-to-node=\"11\" data-index-in-node=\"0\">Gusto persistente y elegante:<\/b> Sabor equilibrado con un Umami sutil, dulzor persistente y una elegancia sensorial inigualable.<\/p>\n","protected":false},"excerpt":{"rendered":"<p>En eQuaid continuamos innovando con nuestros productos naturales, os presentamos una combinaci\u00f3n muy especial: queso elaborado con leche de vaca y leche de yegua. La suavidad y ligereza de la leche de yegua se fusiona con la cremosidad de la leche de vaca para crear un queso \u00fanico, delicado y sorprendentemente equilibrado. Un producto diferente, [&hellip;]<\/p>\n","protected":false},"featured_media":10577,"comment_status":"open","ping_status":"closed","template":"","meta":{"_acf_changed":false},"product_brand":[],"product_cat":[80],"product_tag":[],"class_list":{"0":"post-10565","1":"product","2":"type-product","3":"status-publish","4":"has-post-thumbnail","6":"product_cat-equaid-probiotics","8":"first","9":"instock","10":"taxable","11":"shipping-taxable","12":"purchasable","13":"product-type-simple"},"acf":[],"yoast_head":"<!-- This site is optimized with the Yoast SEO plugin v27.4 - https:\/\/yoast.com\/product\/yoast-seo-wordpress\/ -->\n<title>Queso de leche de yegua - eQuaid\u00ae Llet d&#039;euga | Botiga online<\/title>\n<meta name=\"robots\" content=\"index, follow, max-snippet:-1, max-image-preview:large, max-video-preview:-1\" \/>\n<link rel=\"canonical\" href=\"https:\/\/equaid.com\/es\/equaid-es\/equaid-probiotics\/formatge-amb-llet-deuga\/\" \/>\n<meta property=\"og:locale\" content=\"es_ES\" \/>\n<meta property=\"og:type\" content=\"article\" \/>\n<meta property=\"og:title\" content=\"Queso de leche de yegua - eQuaid\u00ae Llet d&#039;euga | Botiga online\" \/>\n<meta property=\"og:description\" content=\"En eQuaid continuamos innovando con nuestros productos naturales, os presentamos una combinaci\u00f3n muy especial: queso elaborado con leche de vaca y leche de yegua. La suavidad y ligereza de la leche de yegua se fusiona con la cremosidad de la leche de vaca para crear un queso \u00fanico, delicado y sorprendentemente equilibrado. Un producto diferente, [&hellip;]\" \/>\n<meta property=\"og:url\" content=\"https:\/\/equaid.com\/es\/equaid-es\/equaid-probiotics\/formatge-amb-llet-deuga\/\" \/>\n<meta property=\"og:site_name\" content=\"eQuaid\u00ae Llet d&#039;euga | Botiga online\" \/>\n<meta property=\"article:modified_time\" content=\"2026-03-18T09:07:52+00:00\" \/>\n<meta property=\"og:image\" content=\"https:\/\/equaid.com\/wp-content\/uploads\/2026\/03\/2.png\" \/>\n\t<meta property=\"og:image:width\" content=\"1080\" \/>\n\t<meta property=\"og:image:height\" content=\"1080\" \/>\n\t<meta property=\"og:image:type\" content=\"image\/png\" \/>\n<meta name=\"twitter:card\" content=\"summary_large_image\" \/>\n<meta name=\"twitter:label1\" content=\"Tiempo de lectura\" \/>\n\t<meta name=\"twitter:data1\" content=\"2 minutos\" \/>\n<script type=\"application\/ld+json\" class=\"yoast-schema-graph\">{\"@context\":\"https:\\\/\\\/schema.org\",\"@graph\":[{\"@type\":\"WebPage\",\"@id\":\"https:\\\/\\\/equaid.com\\\/es\\\/equaid-es\\\/equaid-probiotics\\\/formatge-amb-llet-deuga\\\/\",\"url\":\"https:\\\/\\\/equaid.com\\\/es\\\/equaid-es\\\/equaid-probiotics\\\/formatge-amb-llet-deuga\\\/\",\"name\":\"Queso de leche de yegua - eQuaid\u00ae Llet d&#039;euga | Botiga online\",\"isPartOf\":{\"@id\":\"https:\\\/\\\/equaid.com\\\/es\\\/#website\"},\"primaryImageOfPage\":{\"@id\":\"https:\\\/\\\/equaid.com\\\/es\\\/equaid-es\\\/equaid-probiotics\\\/formatge-amb-llet-deuga\\\/#primaryimage\"},\"image\":{\"@id\":\"https:\\\/\\\/equaid.com\\\/es\\\/equaid-es\\\/equaid-probiotics\\\/formatge-amb-llet-deuga\\\/#primaryimage\"},\"thumbnailUrl\":\"https:\\\/\\\/equaid.com\\\/wp-content\\\/uploads\\\/2026\\\/03\\\/2.png\",\"datePublished\":\"2026-03-18T08:31:36+00:00\",\"dateModified\":\"2026-03-18T09:07:52+00:00\",\"breadcrumb\":{\"@id\":\"https:\\\/\\\/equaid.com\\\/es\\\/equaid-es\\\/equaid-probiotics\\\/formatge-amb-llet-deuga\\\/#breadcrumb\"},\"inLanguage\":\"es\",\"potentialAction\":[{\"@type\":\"ReadAction\",\"target\":[\"https:\\\/\\\/equaid.com\\\/es\\\/equaid-es\\\/equaid-probiotics\\\/formatge-amb-llet-deuga\\\/\"]}]},{\"@type\":\"ImageObject\",\"inLanguage\":\"es\",\"@id\":\"https:\\\/\\\/equaid.com\\\/es\\\/equaid-es\\\/equaid-probiotics\\\/formatge-amb-llet-deuga\\\/#primaryimage\",\"url\":\"https:\\\/\\\/equaid.com\\\/wp-content\\\/uploads\\\/2026\\\/03\\\/2.png\",\"contentUrl\":\"https:\\\/\\\/equaid.com\\\/wp-content\\\/uploads\\\/2026\\\/03\\\/2.png\",\"width\":1080,\"height\":1080},{\"@type\":\"BreadcrumbList\",\"@id\":\"https:\\\/\\\/equaid.com\\\/es\\\/equaid-es\\\/equaid-probiotics\\\/formatge-amb-llet-deuga\\\/#breadcrumb\",\"itemListElement\":[{\"@type\":\"ListItem\",\"position\":1,\"name\":\"Home\",\"item\":\"https:\\\/\\\/equaid.com\\\/es\\\/\"},{\"@type\":\"ListItem\",\"position\":2,\"name\":\"Tienda\",\"item\":\"https:\\\/\\\/equaid.com\\\/es\\\/tienda\\\/\"},{\"@type\":\"ListItem\",\"position\":3,\"name\":\"Queso de leche de yegua\"}]},{\"@type\":\"WebSite\",\"@id\":\"https:\\\/\\\/equaid.com\\\/es\\\/#website\",\"url\":\"https:\\\/\\\/equaid.com\\\/es\\\/\",\"name\":\"eQuaid\u00ae Llet d'euga | Botiga online\",\"description\":\"\",\"publisher\":{\"@id\":\"https:\\\/\\\/equaid.com\\\/es\\\/#organization\"},\"potentialAction\":[{\"@type\":\"SearchAction\",\"target\":{\"@type\":\"EntryPoint\",\"urlTemplate\":\"https:\\\/\\\/equaid.com\\\/es\\\/?s={search_term_string}\"},\"query-input\":{\"@type\":\"PropertyValueSpecification\",\"valueRequired\":true,\"valueName\":\"search_term_string\"}}],\"inLanguage\":\"es\"},{\"@type\":\"Organization\",\"@id\":\"https:\\\/\\\/equaid.com\\\/es\\\/#organization\",\"name\":\"eQuaid\u00ae Llet d'euga | Botiga online\",\"url\":\"https:\\\/\\\/equaid.com\\\/es\\\/\",\"logo\":{\"@type\":\"ImageObject\",\"inLanguage\":\"es\",\"@id\":\"https:\\\/\\\/equaid.com\\\/es\\\/#\\\/schema\\\/logo\\\/image\\\/\",\"url\":\"https:\\\/\\\/equaid.com\\\/wp-content\\\/uploads\\\/2024\\\/06\\\/logo-granja.svg\",\"contentUrl\":\"https:\\\/\\\/equaid.com\\\/wp-content\\\/uploads\\\/2024\\\/06\\\/logo-granja.svg\",\"width\":1,\"height\":1,\"caption\":\"eQuaid\u00ae Llet d'euga | Botiga online\"},\"image\":{\"@id\":\"https:\\\/\\\/equaid.com\\\/es\\\/#\\\/schema\\\/logo\\\/image\\\/\"}}]}<\/script>\n<!-- \/ Yoast SEO plugin. -->","yoast_head_json":{"title":"Queso de leche de yegua - eQuaid\u00ae Llet d&#039;euga | Botiga online","robots":{"index":"index","follow":"follow","max-snippet":"max-snippet:-1","max-image-preview":"max-image-preview:large","max-video-preview":"max-video-preview:-1"},"canonical":"https:\/\/equaid.com\/es\/equaid-es\/equaid-probiotics\/formatge-amb-llet-deuga\/","og_locale":"es_ES","og_type":"article","og_title":"Queso de leche de yegua - eQuaid\u00ae Llet d&#039;euga | Botiga online","og_description":"En eQuaid continuamos innovando con nuestros productos naturales, os presentamos una combinaci\u00f3n muy especial: queso elaborado con leche de vaca y leche de yegua. La suavidad y ligereza de la leche de yegua se fusiona con la cremosidad de la leche de vaca para crear un queso \u00fanico, delicado y sorprendentemente equilibrado. Un producto diferente, [&hellip;]","og_url":"https:\/\/equaid.com\/es\/equaid-es\/equaid-probiotics\/formatge-amb-llet-deuga\/","og_site_name":"eQuaid\u00ae Llet d&#039;euga | Botiga online","article_modified_time":"2026-03-18T09:07:52+00:00","og_image":[{"width":1080,"height":1080,"url":"https:\/\/equaid.com\/wp-content\/uploads\/2026\/03\/2.png","type":"image\/png"}],"twitter_card":"summary_large_image","twitter_misc":{"Tiempo de lectura":"2 minutos"},"schema":{"@context":"https:\/\/schema.org","@graph":[{"@type":"WebPage","@id":"https:\/\/equaid.com\/es\/equaid-es\/equaid-probiotics\/formatge-amb-llet-deuga\/","url":"https:\/\/equaid.com\/es\/equaid-es\/equaid-probiotics\/formatge-amb-llet-deuga\/","name":"Queso de leche de yegua - eQuaid\u00ae Llet d&#039;euga | Botiga online","isPartOf":{"@id":"https:\/\/equaid.com\/es\/#website"},"primaryImageOfPage":{"@id":"https:\/\/equaid.com\/es\/equaid-es\/equaid-probiotics\/formatge-amb-llet-deuga\/#primaryimage"},"image":{"@id":"https:\/\/equaid.com\/es\/equaid-es\/equaid-probiotics\/formatge-amb-llet-deuga\/#primaryimage"},"thumbnailUrl":"https:\/\/equaid.com\/wp-content\/uploads\/2026\/03\/2.png","datePublished":"2026-03-18T08:31:36+00:00","dateModified":"2026-03-18T09:07:52+00:00","breadcrumb":{"@id":"https:\/\/equaid.com\/es\/equaid-es\/equaid-probiotics\/formatge-amb-llet-deuga\/#breadcrumb"},"inLanguage":"es","potentialAction":[{"@type":"ReadAction","target":["https:\/\/equaid.com\/es\/equaid-es\/equaid-probiotics\/formatge-amb-llet-deuga\/"]}]},{"@type":"ImageObject","inLanguage":"es","@id":"https:\/\/equaid.com\/es\/equaid-es\/equaid-probiotics\/formatge-amb-llet-deuga\/#primaryimage","url":"https:\/\/equaid.com\/wp-content\/uploads\/2026\/03\/2.png","contentUrl":"https:\/\/equaid.com\/wp-content\/uploads\/2026\/03\/2.png","width":1080,"height":1080},{"@type":"BreadcrumbList","@id":"https:\/\/equaid.com\/es\/equaid-es\/equaid-probiotics\/formatge-amb-llet-deuga\/#breadcrumb","itemListElement":[{"@type":"ListItem","position":1,"name":"Home","item":"https:\/\/equaid.com\/es\/"},{"@type":"ListItem","position":2,"name":"Tienda","item":"https:\/\/equaid.com\/es\/tienda\/"},{"@type":"ListItem","position":3,"name":"Queso de leche de yegua"}]},{"@type":"WebSite","@id":"https:\/\/equaid.com\/es\/#website","url":"https:\/\/equaid.com\/es\/","name":"eQuaid\u00ae Llet d'euga | Botiga online","description":"","publisher":{"@id":"https:\/\/equaid.com\/es\/#organization"},"potentialAction":[{"@type":"SearchAction","target":{"@type":"EntryPoint","urlTemplate":"https:\/\/equaid.com\/es\/?s={search_term_string}"},"query-input":{"@type":"PropertyValueSpecification","valueRequired":true,"valueName":"search_term_string"}}],"inLanguage":"es"},{"@type":"Organization","@id":"https:\/\/equaid.com\/es\/#organization","name":"eQuaid\u00ae Llet d'euga | Botiga online","url":"https:\/\/equaid.com\/es\/","logo":{"@type":"ImageObject","inLanguage":"es","@id":"https:\/\/equaid.com\/es\/#\/schema\/logo\/image\/","url":"https:\/\/equaid.com\/wp-content\/uploads\/2024\/06\/logo-granja.svg","contentUrl":"https:\/\/equaid.com\/wp-content\/uploads\/2024\/06\/logo-granja.svg","width":1,"height":1,"caption":"eQuaid\u00ae Llet d'euga | Botiga online"},"image":{"@id":"https:\/\/equaid.com\/es\/#\/schema\/logo\/image\/"}}]}},"_links":{"self":[{"href":"https:\/\/equaid.com\/es\/wp-json\/wp\/v2\/product\/10565","targetHints":{"allow":["GET"]}}],"collection":[{"href":"https:\/\/equaid.com\/es\/wp-json\/wp\/v2\/product"}],"about":[{"href":"https:\/\/equaid.com\/es\/wp-json\/wp\/v2\/types\/product"}],"replies":[{"embeddable":true,"href":"https:\/\/equaid.com\/es\/wp-json\/wp\/v2\/comments?post=10565"}],"wp:featuredmedia":[{"embeddable":true,"href":"https:\/\/equaid.com\/es\/wp-json\/wp\/v2\/media\/10577"}],"wp:attachment":[{"href":"https:\/\/equaid.com\/es\/wp-json\/wp\/v2\/media?parent=10565"}],"wp:term":[{"taxonomy":"product_brand","embeddable":true,"href":"https:\/\/equaid.com\/es\/wp-json\/wp\/v2\/product_brand?post=10565"},{"taxonomy":"product_cat","embeddable":true,"href":"https:\/\/equaid.com\/es\/wp-json\/wp\/v2\/product_cat?post=10565"},{"taxonomy":"product_tag","embeddable":true,"href":"https:\/\/equaid.com\/es\/wp-json\/wp\/v2\/product_tag?post=10565"}],"curies":[{"name":"wp","href":"https:\/\/api.w.org\/{rel}","templated":true}]}}