{"id":4270,"date":"2024-06-25T10:51:53","date_gmt":"2024-06-25T08:51:53","guid":{"rendered":"https:\/\/equaid.com\/entrega-i-devolucions\/"},"modified":"2024-09-13T12:49:29","modified_gmt":"2024-09-13T10:49:29","slug":"envios-y-devoluciones","status":"publish","type":"page","link":"https:\/\/equaid.com\/es\/envios-y-devoluciones\/","title":{"rendered":"Envios y Devoluciones"},"content":{"rendered":"\n<h3 class=\"wp-block-heading\">El transporte de su paquete<\/h3>\n\n\n\n<p><strong>A nivel Nacional<\/strong>&nbsp;(Espa\u00f1a) los paquetes se mandan por MRW en 24 horas (no se hacen entregas los s\u00e1bados y festivos) despu\u00e9s de la recepci\u00f3n de su pago, siempre que haya dado tiempo de preparar el pedido el mismo d\u00eda, pedidos efectuados antes de las 12 del mediod\u00eda. Gastos de env\u00edo incluyen el embalaje, la manipulaci\u00f3n y env\u00edo. Y un seguro para cubrir el importe del reenvi\u00f3 en caso de perdida del paquete.<\/p>\n\n\n\n<p><strong>A Nivel Internacional<\/strong> se buscara el mejor transporte dependiendo de la zona y pa\u00eds, Utilizamos la plataforma Packlink&nbsp;para buscar la&nbsp;compa\u00f1ia de transporte mas apropiada seg\u00fan las necesidades.<\/p>\n\n\n\n<h3 class=\"wp-block-heading\">Devoluciones<\/h3>\n\n\n\n<p>Solo se aceptan devoluciones en caso de producto defectuoso o afectaciones en el mismo por el transporte, pero se deber\u00e1 notificar al transportista al efectuar la recogida que el paquete esta da\u00f1ado y dejar constancia en la empresa transportista, de lo contrario no podremos presentar reclamaciones y en consecuencia tampoco podemos cubrir el da\u00f1o ocasionado por el transportista.<\/p>\n","protected":false},"excerpt":{"rendered":"<p>El transporte de su paquete A nivel Nacional&nbsp;(Espa\u00f1a) los paquetes se mandan por MRW en 24 horas (no se hacen entregas los s\u00e1bados y festivos) despu\u00e9s de la recepci\u00f3n de su pago, siempre que haya dado tiempo de preparar el pedido el mismo d\u00eda, pedidos efectuados antes de las 12 del mediod\u00eda. Gastos de env\u00edo [&hellip;]<\/p>\n","protected":false},"author":1,"featured_media":0,"parent":0,"menu_order":0,"comment_status":"closed","ping_status":"closed","template":"","meta":{"_acf_changed":false,"footnotes":""},"class_list":["post-4270","page","type-page","status-publish","hentry"],"acf":[],"yoast_head":"<!-- This site is optimized with the Yoast SEO plugin v27.4 - https:\/\/yoast.com\/product\/yoast-seo-wordpress\/ -->\n<title>Envios y Devoluciones - eQuaid\u00ae Llet d&#039;euga | Botiga online<\/title>\n<meta name=\"robots\" content=\"index, follow, max-snippet:-1, max-image-preview:large, max-video-preview:-1\" \/>\n<link rel=\"canonical\" href=\"https:\/\/equaid.com\/es\/envios-y-devoluciones\/\" \/>\n<meta property=\"og:locale\" content=\"es_ES\" \/>\n<meta property=\"og:type\" content=\"article\" \/>\n<meta property=\"og:title\" content=\"Envios y Devoluciones - eQuaid\u00ae Llet d&#039;euga | Botiga online\" \/>\n<meta property=\"og:description\" content=\"El transporte de su paquete A nivel Nacional&nbsp;(Espa\u00f1a) los paquetes se mandan por MRW en 24 horas (no se hacen entregas los s\u00e1bados y festivos) despu\u00e9s de la recepci\u00f3n de su pago, siempre que haya dado tiempo de preparar el pedido el mismo d\u00eda, pedidos efectuados antes de las 12 del mediod\u00eda. Gastos de env\u00edo [&hellip;]\" \/>\n<meta property=\"og:url\" content=\"https:\/\/equaid.com\/es\/envios-y-devoluciones\/\" \/>\n<meta property=\"og:site_name\" content=\"eQuaid\u00ae Llet d&#039;euga | Botiga online\" \/>\n<meta property=\"article:modified_time\" content=\"2024-09-13T10:49:29+00:00\" \/>\n<meta name=\"twitter:card\" content=\"summary_large_image\" \/>\n<meta name=\"twitter:label1\" content=\"Tiempo de lectura\" \/>\n\t<meta name=\"twitter:data1\" content=\"1 minuto\" \/>\n<script type=\"application\/ld+json\" class=\"yoast-schema-graph\">{\"@context\":\"https:\\\/\\\/schema.org\",\"@graph\":[{\"@type\":\"WebPage\",\"@id\":\"https:\\\/\\\/equaid.com\\\/es\\\/envios-y-devoluciones\\\/\",\"url\":\"https:\\\/\\\/equaid.com\\\/es\\\/envios-y-devoluciones\\\/\",\"name\":\"Envios y Devoluciones - eQuaid\u00ae Llet d&#039;euga | Botiga online\",\"isPartOf\":{\"@id\":\"https:\\\/\\\/equaid.com\\\/es\\\/#website\"},\"datePublished\":\"2024-06-25T08:51:53+00:00\",\"dateModified\":\"2024-09-13T10:49:29+00:00\",\"breadcrumb\":{\"@id\":\"https:\\\/\\\/equaid.com\\\/es\\\/envios-y-devoluciones\\\/#breadcrumb\"},\"inLanguage\":\"es\",\"potentialAction\":[{\"@type\":\"ReadAction\",\"target\":[\"https:\\\/\\\/equaid.com\\\/es\\\/envios-y-devoluciones\\\/\"]}]},{\"@type\":\"BreadcrumbList\",\"@id\":\"https:\\\/\\\/equaid.com\\\/es\\\/envios-y-devoluciones\\\/#breadcrumb\",\"itemListElement\":[{\"@type\":\"ListItem\",\"position\":1,\"name\":\"Home\",\"item\":\"https:\\\/\\\/equaid.com\\\/es\\\/\"},{\"@type\":\"ListItem\",\"position\":2,\"name\":\"Envios y Devoluciones\"}]},{\"@type\":\"WebSite\",\"@id\":\"https:\\\/\\\/equaid.com\\\/es\\\/#website\",\"url\":\"https:\\\/\\\/equaid.com\\\/es\\\/\",\"name\":\"eQuaid\u00ae Llet d'euga | Botiga online\",\"description\":\"\",\"publisher\":{\"@id\":\"https:\\\/\\\/equaid.com\\\/es\\\/#organization\"},\"potentialAction\":[{\"@type\":\"SearchAction\",\"target\":{\"@type\":\"EntryPoint\",\"urlTemplate\":\"https:\\\/\\\/equaid.com\\\/es\\\/?s={search_term_string}\"},\"query-input\":{\"@type\":\"PropertyValueSpecification\",\"valueRequired\":true,\"valueName\":\"search_term_string\"}}],\"inLanguage\":\"es\"},{\"@type\":\"Organization\",\"@id\":\"https:\\\/\\\/equaid.com\\\/es\\\/#organization\",\"name\":\"eQuaid\u00ae Llet d'euga | Botiga online\",\"url\":\"https:\\\/\\\/equaid.com\\\/es\\\/\",\"logo\":{\"@type\":\"ImageObject\",\"inLanguage\":\"es\",\"@id\":\"https:\\\/\\\/equaid.com\\\/es\\\/#\\\/schema\\\/logo\\\/image\\\/\",\"url\":\"https:\\\/\\\/equaid.com\\\/wp-content\\\/uploads\\\/2024\\\/06\\\/logo-granja.svg\",\"contentUrl\":\"https:\\\/\\\/equaid.com\\\/wp-content\\\/uploads\\\/2024\\\/06\\\/logo-granja.svg\",\"width\":1,\"height\":1,\"caption\":\"eQuaid\u00ae Llet d'euga | Botiga online\"},\"image\":{\"@id\":\"https:\\\/\\\/equaid.com\\\/es\\\/#\\\/schema\\\/logo\\\/image\\\/\"}}]}<\/script>\n<!-- \/ Yoast SEO plugin. -->","yoast_head_json":{"title":"Envios y Devoluciones - eQuaid\u00ae Llet d&#039;euga | Botiga online","robots":{"index":"index","follow":"follow","max-snippet":"max-snippet:-1","max-image-preview":"max-image-preview:large","max-video-preview":"max-video-preview:-1"},"canonical":"https:\/\/equaid.com\/es\/envios-y-devoluciones\/","og_locale":"es_ES","og_type":"article","og_title":"Envios y Devoluciones - eQuaid\u00ae Llet d&#039;euga | Botiga online","og_description":"El transporte de su paquete A nivel Nacional&nbsp;(Espa\u00f1a) los paquetes se mandan por MRW en 24 horas (no se hacen entregas los s\u00e1bados y festivos) despu\u00e9s de la recepci\u00f3n de su pago, siempre que haya dado tiempo de preparar el pedido el mismo d\u00eda, pedidos efectuados antes de las 12 del mediod\u00eda. Gastos de env\u00edo [&hellip;]","og_url":"https:\/\/equaid.com\/es\/envios-y-devoluciones\/","og_site_name":"eQuaid\u00ae Llet d&#039;euga | Botiga online","article_modified_time":"2024-09-13T10:49:29+00:00","twitter_card":"summary_large_image","twitter_misc":{"Tiempo de lectura":"1 minuto"},"schema":{"@context":"https:\/\/schema.org","@graph":[{"@type":"WebPage","@id":"https:\/\/equaid.com\/es\/envios-y-devoluciones\/","url":"https:\/\/equaid.com\/es\/envios-y-devoluciones\/","name":"Envios y Devoluciones - eQuaid\u00ae Llet d&#039;euga | Botiga online","isPartOf":{"@id":"https:\/\/equaid.com\/es\/#website"},"datePublished":"2024-06-25T08:51:53+00:00","dateModified":"2024-09-13T10:49:29+00:00","breadcrumb":{"@id":"https:\/\/equaid.com\/es\/envios-y-devoluciones\/#breadcrumb"},"inLanguage":"es","potentialAction":[{"@type":"ReadAction","target":["https:\/\/equaid.com\/es\/envios-y-devoluciones\/"]}]},{"@type":"BreadcrumbList","@id":"https:\/\/equaid.com\/es\/envios-y-devoluciones\/#breadcrumb","itemListElement":[{"@type":"ListItem","position":1,"name":"Home","item":"https:\/\/equaid.com\/es\/"},{"@type":"ListItem","position":2,"name":"Envios y Devoluciones"}]},{"@type":"WebSite","@id":"https:\/\/equaid.com\/es\/#website","url":"https:\/\/equaid.com\/es\/","name":"eQuaid\u00ae Llet d'euga | Botiga online","description":"","publisher":{"@id":"https:\/\/equaid.com\/es\/#organization"},"potentialAction":[{"@type":"SearchAction","target":{"@type":"EntryPoint","urlTemplate":"https:\/\/equaid.com\/es\/?s={search_term_string}"},"query-input":{"@type":"PropertyValueSpecification","valueRequired":true,"valueName":"search_term_string"}}],"inLanguage":"es"},{"@type":"Organization","@id":"https:\/\/equaid.com\/es\/#organization","name":"eQuaid\u00ae Llet d'euga | Botiga online","url":"https:\/\/equaid.com\/es\/","logo":{"@type":"ImageObject","inLanguage":"es","@id":"https:\/\/equaid.com\/es\/#\/schema\/logo\/image\/","url":"https:\/\/equaid.com\/wp-content\/uploads\/2024\/06\/logo-granja.svg","contentUrl":"https:\/\/equaid.com\/wp-content\/uploads\/2024\/06\/logo-granja.svg","width":1,"height":1,"caption":"eQuaid\u00ae Llet d'euga | Botiga online"},"image":{"@id":"https:\/\/equaid.com\/es\/#\/schema\/logo\/image\/"}}]}},"_links":{"self":[{"href":"https:\/\/equaid.com\/es\/wp-json\/wp\/v2\/pages\/4270","targetHints":{"allow":["GET"]}}],"collection":[{"href":"https:\/\/equaid.com\/es\/wp-json\/wp\/v2\/pages"}],"about":[{"href":"https:\/\/equaid.com\/es\/wp-json\/wp\/v2\/types\/page"}],"author":[{"embeddable":true,"href":"https:\/\/equaid.com\/es\/wp-json\/wp\/v2\/users\/1"}],"replies":[{"embeddable":true,"href":"https:\/\/equaid.com\/es\/wp-json\/wp\/v2\/comments?post=4270"}],"version-history":[{"count":2,"href":"https:\/\/equaid.com\/es\/wp-json\/wp\/v2\/pages\/4270\/revisions"}],"predecessor-version":[{"id":4275,"href":"https:\/\/equaid.com\/es\/wp-json\/wp\/v2\/pages\/4270\/revisions\/4275"}],"wp:attachment":[{"href":"https:\/\/equaid.com\/es\/wp-json\/wp\/v2\/media?parent=4270"}],"curies":[{"name":"wp","href":"https:\/\/api.w.org\/{rel}","templated":true}]}}