{"id":2214,"date":"2024-06-25T10:46:48","date_gmt":"2024-06-25T08:46:48","guid":{"rendered":"https:\/\/equaid.com\/carrito\/"},"modified":"2025-01-21T19:19:48","modified_gmt":"2025-01-21T18:19:48","slug":"carrito","status":"publish","type":"page","link":"https:\/\/equaid.com\/es\/carrito\/","title":{"rendered":"Carrito"},"content":{"rendered":"\n<p class=\"has-large-font-size\">Consigue un <strong>30% de descuento<\/strong> en cosm\u00e9tica<\/p>\n\n\n\n<p class=\"has-medium-font-size\">Estos meses de enero y febrero son duros, por agradecer tu compra, con el cup\u00f3n eQuaid25 consigue un 30% de descuento en cosm\u00e9tica.<em> \u00a1Nos ayudas y nosotros te ayudamos!<\/em><\/p>\n\n\n<div data-align-buttons=\"true\" data-block-name=\"woocommerce\/handpicked-products\" data-columns=\"6\" data-products=\"[3847,3844,3843,3845,8335]\" class=\"wc-block-grid wp-block-handpicked-products wp-block-woocommerce-handpicked-products wc-block-handpicked-products has-6-columns has-multiple-rows has-aligned-buttons\"><ul class=\"wc-block-grid__products\"><li class=\"wc-block-grid__product\"><span class=\"gtm4wp_productdata\" style=\"display:none; visibility:hidden;\" data-gtm4wp_product_data=\"{&quot;internal_id&quot;:3843,&quot;item_id&quot;:3843,&quot;item_name&quot;:&quot;eQuaid Crema Corporal Infantil (200ml)&quot;,&quot;sku&quot;:&quot;QCB&quot;,&quot;price&quot;:24,&quot;stocklevel&quot;:null,&quot;stockstatus&quot;:&quot;instock&quot;,&quot;google_business_vertical&quot;:&quot;retail&quot;,&quot;item_category&quot;:&quot;eQuaid&quot;,&quot;item_category2&quot;:&quot;Cosm\\u00e9tica&quot;,&quot;id&quot;:3843,&quot;productlink&quot;:&quot;https:\\\/\\\/equaid.com\\\/es\\\/equaid-es\\\/comprar-cosmetica-con-leche-de-yegua\\\/equaid-crema-corporal-infantil-200ml\\\/&quot;,&quot;item_list_name&quot;:&quot;Lista general de productos&quot;,&quot;index&quot;:0,&quot;product_type&quot;:&quot;simple&quot;,&quot;item_brand&quot;:&quot;&quot;}\"><\/span>\n\t\t\t\t<a href=\"https:\/\/equaid.com\/es\/equaid-es\/comprar-cosmetica-con-leche-de-yegua\/equaid-crema-corporal-infantil-200ml\/\" class=\"wc-block-grid__product-link\">\n\t\t\t\t\t\n\t\t\t\t\t<div class=\"wc-block-grid__product-image\"><img loading=\"lazy\" decoding=\"async\" width=\"300\" height=\"300\" src=\"https:\/\/equaid.com\/wp-content\/uploads\/2024\/07\/crema-corporal-infantil-llet-euga-300x300.jpg\" class=\"attachment-woocommerce_thumbnail size-woocommerce_thumbnail\" alt=\"eQuaid Crema Corporal Infantil (200ml)\" srcset=\"https:\/\/equaid.com\/wp-content\/uploads\/2024\/07\/crema-corporal-infantil-llet-euga-300x300.jpg 300w, https:\/\/equaid.com\/wp-content\/uploads\/2024\/07\/crema-corporal-infantil-llet-euga-100x100.jpg 100w, https:\/\/equaid.com\/wp-content\/uploads\/2024\/07\/crema-corporal-infantil-llet-euga-600x600.jpg 600w, https:\/\/equaid.com\/wp-content\/uploads\/2024\/07\/crema-corporal-infantil-llet-euga-150x150.jpg 150w, https:\/\/equaid.com\/wp-content\/uploads\/2024\/07\/crema-corporal-infantil-llet-euga-768x768.jpg 768w, https:\/\/equaid.com\/wp-content\/uploads\/2024\/07\/crema-corporal-infantil-llet-euga.jpg 800w\" sizes=\"(max-width: 300px) 100vw, 300px\" \/><\/div>\n\t\t\t\t\t<div class=\"wc-block-grid__product-title\">eQuaid Crema Corporal Infantil (200ml)<\/div>\n\t\t\t\t<\/a>\n\t\t\t\t<div class=\"wc-block-grid__product-price price\"><span class=\"woocommerce-Price-amount amount\">24,00&nbsp;<span class=\"woocommerce-Price-currencySymbol\">&euro;<\/span><\/span><\/div>\n\t\t\t\t\n\t\t\t\t<div class=\"wp-block-button wc-block-grid__product-add-to-cart\"><a href=\"\/es\/wp-json\/wp\/v2\/pages\/2214?add-to-cart=3843\" aria-label=\"A\u00f1adir al carrito: &ldquo;eQuaid Crema Corporal Infantil (200ml)&rdquo;\" data-quantity=\"1\" data-product_id=\"3843\" data-product_sku=\"QCB\" data-price=\"24\" rel=\"nofollow\" class=\"wp-block-button__link  add_to_cart_button ajax_add_to_cart\">A\u00f1adir al carrito<\/a><\/div>\n\t\t\t<\/li><li class=\"wc-block-grid__product\"><span class=\"gtm4wp_productdata\" style=\"display:none; visibility:hidden;\" data-gtm4wp_product_data=\"{&quot;internal_id&quot;:3844,&quot;item_id&quot;:3844,&quot;item_name&quot;:&quot;eQuaid Crema Corporal (200ml)&quot;,&quot;sku&quot;:&quot;QC4&quot;,&quot;price&quot;:28,&quot;stocklevel&quot;:null,&quot;stockstatus&quot;:&quot;instock&quot;,&quot;google_business_vertical&quot;:&quot;retail&quot;,&quot;item_category&quot;:&quot;eQuaid&quot;,&quot;item_category2&quot;:&quot;Cosm\\u00e9tica&quot;,&quot;id&quot;:3844,&quot;productlink&quot;:&quot;https:\\\/\\\/equaid.com\\\/es\\\/equaid-es\\\/comprar-cosmetica-con-leche-de-yegua\\\/equaid-crema-corporal-200ml\\\/&quot;,&quot;item_list_name&quot;:&quot;Lista general de productos&quot;,&quot;index&quot;:0,&quot;product_type&quot;:&quot;simple&quot;,&quot;item_brand&quot;:&quot;&quot;}\"><\/span>\n\t\t\t\t<a href=\"https:\/\/equaid.com\/es\/equaid-es\/comprar-cosmetica-con-leche-de-yegua\/equaid-crema-corporal-200ml\/\" class=\"wc-block-grid__product-link\">\n\t\t\t\t\t\n\t\t\t\t\t<div class=\"wc-block-grid__product-image\"><img loading=\"lazy\" decoding=\"async\" width=\"300\" height=\"300\" src=\"https:\/\/equaid.com\/wp-content\/uploads\/2024\/07\/crema-corporal-llet-euga-300x300.jpg\" class=\"attachment-woocommerce_thumbnail size-woocommerce_thumbnail\" alt=\"eQuaid Crema Corporal (200ml)\" srcset=\"https:\/\/equaid.com\/wp-content\/uploads\/2024\/07\/crema-corporal-llet-euga-300x300.jpg 300w, https:\/\/equaid.com\/wp-content\/uploads\/2024\/07\/crema-corporal-llet-euga-100x100.jpg 100w, https:\/\/equaid.com\/wp-content\/uploads\/2024\/07\/crema-corporal-llet-euga-600x600.jpg 600w, https:\/\/equaid.com\/wp-content\/uploads\/2024\/07\/crema-corporal-llet-euga-150x150.jpg 150w, https:\/\/equaid.com\/wp-content\/uploads\/2024\/07\/crema-corporal-llet-euga-768x768.jpg 768w, https:\/\/equaid.com\/wp-content\/uploads\/2024\/07\/crema-corporal-llet-euga.jpg 800w\" sizes=\"(max-width: 300px) 100vw, 300px\" \/><\/div>\n\t\t\t\t\t<div class=\"wc-block-grid__product-title\">eQuaid Crema Corporal (200ml)<\/div>\n\t\t\t\t<\/a>\n\t\t\t\t<div class=\"wc-block-grid__product-price price\"><span class=\"woocommerce-Price-amount amount\">28,00&nbsp;<span class=\"woocommerce-Price-currencySymbol\">&euro;<\/span><\/span><\/div>\n\t\t\t\t\n\t\t\t\t<div class=\"wp-block-button wc-block-grid__product-add-to-cart\"><a href=\"\/es\/wp-json\/wp\/v2\/pages\/2214?add-to-cart=3844\" aria-label=\"A\u00f1adir al carrito: &ldquo;eQuaid Crema Corporal (200ml)&rdquo;\" data-quantity=\"1\" data-product_id=\"3844\" data-product_sku=\"QC4\" data-price=\"28\" rel=\"nofollow\" class=\"wp-block-button__link  add_to_cart_button ajax_add_to_cart\">A\u00f1adir al carrito<\/a><\/div>\n\t\t\t<\/li><li class=\"wc-block-grid__product\"><span class=\"gtm4wp_productdata\" style=\"display:none; visibility:hidden;\" data-gtm4wp_product_data=\"{&quot;internal_id&quot;:3845,&quot;item_id&quot;:3845,&quot;item_name&quot;:&quot;eQuaid Gel Facial Sport (50ml)&quot;,&quot;sku&quot;:&quot;QGF&quot;,&quot;price&quot;:28,&quot;stocklevel&quot;:null,&quot;stockstatus&quot;:&quot;instock&quot;,&quot;google_business_vertical&quot;:&quot;retail&quot;,&quot;item_category&quot;:&quot;eQuaid&quot;,&quot;item_category2&quot;:&quot;Cosm\\u00e9tica&quot;,&quot;id&quot;:3845,&quot;productlink&quot;:&quot;https:\\\/\\\/equaid.com\\\/es\\\/equaid-es\\\/comprar-cosmetica-con-leche-de-yegua\\\/equaid-gel-facial-sport-50ml\\\/&quot;,&quot;item_list_name&quot;:&quot;Lista general de productos&quot;,&quot;index&quot;:0,&quot;product_type&quot;:&quot;simple&quot;,&quot;item_brand&quot;:&quot;&quot;}\"><\/span>\n\t\t\t\t<a href=\"https:\/\/equaid.com\/es\/equaid-es\/comprar-cosmetica-con-leche-de-yegua\/equaid-gel-facial-sport-50ml\/\" class=\"wc-block-grid__product-link\">\n\t\t\t\t\t\n\t\t\t\t\t<div class=\"wc-block-grid__product-image\"><img loading=\"lazy\" decoding=\"async\" width=\"300\" height=\"300\" src=\"https:\/\/equaid.com\/wp-content\/uploads\/2024\/07\/gel-facial-amb-llet-d-euga-300x300.jpg\" class=\"attachment-woocommerce_thumbnail size-woocommerce_thumbnail\" alt=\"eQuaid Gel Facial Sport (50ml)\" srcset=\"https:\/\/equaid.com\/wp-content\/uploads\/2024\/07\/gel-facial-amb-llet-d-euga-300x300.jpg 300w, https:\/\/equaid.com\/wp-content\/uploads\/2024\/07\/gel-facial-amb-llet-d-euga-100x100.jpg 100w, https:\/\/equaid.com\/wp-content\/uploads\/2024\/07\/gel-facial-amb-llet-d-euga-600x600.jpg 600w, https:\/\/equaid.com\/wp-content\/uploads\/2024\/07\/gel-facial-amb-llet-d-euga-150x150.jpg 150w, https:\/\/equaid.com\/wp-content\/uploads\/2024\/07\/gel-facial-amb-llet-d-euga-768x768.jpg 768w, https:\/\/equaid.com\/wp-content\/uploads\/2024\/07\/gel-facial-amb-llet-d-euga.jpg 800w\" sizes=\"(max-width: 300px) 100vw, 300px\" \/><\/div>\n\t\t\t\t\t<div class=\"wc-block-grid__product-title\">eQuaid Gel Facial Sport (50ml)<\/div>\n\t\t\t\t<\/a>\n\t\t\t\t<div class=\"wc-block-grid__product-price price\"><span class=\"woocommerce-Price-amount amount\">28,00&nbsp;<span class=\"woocommerce-Price-currencySymbol\">&euro;<\/span><\/span><\/div>\n\t\t\t\t\n\t\t\t\t<div class=\"wp-block-button wc-block-grid__product-add-to-cart\"><a href=\"\/es\/wp-json\/wp\/v2\/pages\/2214?add-to-cart=3845\" aria-label=\"A\u00f1adir al carrito: &ldquo;eQuaid Gel Facial Sport (50ml)&rdquo;\" data-quantity=\"1\" data-product_id=\"3845\" data-product_sku=\"QGF\" data-price=\"28\" rel=\"nofollow\" class=\"wp-block-button__link  add_to_cart_button ajax_add_to_cart\">A\u00f1adir al carrito<\/a><\/div>\n\t\t\t<\/li><li class=\"wc-block-grid__product\"><span class=\"gtm4wp_productdata\" style=\"display:none; visibility:hidden;\" data-gtm4wp_product_data=\"{&quot;internal_id&quot;:3847,&quot;item_id&quot;:3847,&quot;item_name&quot;:&quot;eQuaid Complet Jab\\u00f3n (120gr)&quot;,&quot;sku&quot;:&quot;QJP&quot;,&quot;price&quot;:9,&quot;stocklevel&quot;:null,&quot;stockstatus&quot;:&quot;instock&quot;,&quot;google_business_vertical&quot;:&quot;retail&quot;,&quot;item_category&quot;:&quot;eQuaid&quot;,&quot;item_category2&quot;:&quot;Cosm\\u00e9tica&quot;,&quot;id&quot;:3847,&quot;productlink&quot;:&quot;https:\\\/\\\/equaid.com\\\/es\\\/equaid-es\\\/comprar-cosmetica-con-leche-de-yegua\\\/equaid-complet-jabon-120gr\\\/&quot;,&quot;item_list_name&quot;:&quot;Lista general de productos&quot;,&quot;index&quot;:0,&quot;product_type&quot;:&quot;simple&quot;,&quot;item_brand&quot;:&quot;&quot;}\"><\/span>\n\t\t\t\t<a href=\"https:\/\/equaid.com\/es\/equaid-es\/comprar-cosmetica-con-leche-de-yegua\/equaid-complet-jabon-120gr\/\" class=\"wc-block-grid__product-link\">\n\t\t\t\t\t\n\t\t\t\t\t<div class=\"wc-block-grid__product-image\"><img loading=\"lazy\" decoding=\"async\" width=\"300\" height=\"300\" src=\"https:\/\/equaid.com\/wp-content\/uploads\/2024\/07\/sabo-llet-euga-300x300.jpg\" class=\"attachment-woocommerce_thumbnail size-woocommerce_thumbnail\" alt=\"eQuaid Complet Jab\u00f3n (120gr)\" srcset=\"https:\/\/equaid.com\/wp-content\/uploads\/2024\/07\/sabo-llet-euga-300x300.jpg 300w, https:\/\/equaid.com\/wp-content\/uploads\/2024\/07\/sabo-llet-euga-100x100.jpg 100w, https:\/\/equaid.com\/wp-content\/uploads\/2024\/07\/sabo-llet-euga-600x600.jpg 600w, https:\/\/equaid.com\/wp-content\/uploads\/2024\/07\/sabo-llet-euga-150x150.jpg 150w, https:\/\/equaid.com\/wp-content\/uploads\/2024\/07\/sabo-llet-euga-768x768.jpg 768w, https:\/\/equaid.com\/wp-content\/uploads\/2024\/07\/sabo-llet-euga.jpg 800w\" sizes=\"(max-width: 300px) 100vw, 300px\" \/><\/div>\n\t\t\t\t\t<div class=\"wc-block-grid__product-title\">eQuaid Complet Jab\u00f3n (120gr)<\/div>\n\t\t\t\t<\/a>\n\t\t\t\t<div class=\"wc-block-grid__product-price price\"><span class=\"woocommerce-Price-amount amount\">9,00&nbsp;<span class=\"woocommerce-Price-currencySymbol\">&euro;<\/span><\/span><\/div>\n\t\t\t\t\n\t\t\t\t<div class=\"wp-block-button wc-block-grid__product-add-to-cart\"><a href=\"\/es\/wp-json\/wp\/v2\/pages\/2214?add-to-cart=3847\" aria-label=\"A\u00f1adir al carrito: &ldquo;eQuaid Complet Jab\u00f3n (120gr)&rdquo;\" data-quantity=\"1\" data-product_id=\"3847\" data-product_sku=\"QJP\" data-price=\"9\" rel=\"nofollow\" class=\"wp-block-button__link  add_to_cart_button ajax_add_to_cart\">A\u00f1adir al carrito<\/a><\/div>\n\t\t\t<\/li><li class=\"wc-block-grid__product\"><span class=\"gtm4wp_productdata\" style=\"display:none; visibility:hidden;\" data-gtm4wp_product_data=\"{&quot;internal_id&quot;:8335,&quot;item_id&quot;:8335,&quot;item_name&quot;:&quot;eQuaid Pomada (40gr)&quot;,&quot;sku&quot;:&quot;QP60&quot;,&quot;price&quot;:20,&quot;stocklevel&quot;:null,&quot;stockstatus&quot;:&quot;instock&quot;,&quot;google_business_vertical&quot;:&quot;retail&quot;,&quot;item_category&quot;:&quot;eQuaid&quot;,&quot;item_category2&quot;:&quot;Cosm\\u00e9tica&quot;,&quot;id&quot;:8335,&quot;productlink&quot;:&quot;https:\\\/\\\/equaid.com\\\/es\\\/equaid-es\\\/comprar-cosmetica-con-leche-de-yegua\\\/equaid-pomada-40gr\\\/&quot;,&quot;item_list_name&quot;:&quot;Lista general de productos&quot;,&quot;index&quot;:0,&quot;product_type&quot;:&quot;simple&quot;,&quot;item_brand&quot;:&quot;&quot;}\"><\/span>\n\t\t\t\t<a href=\"https:\/\/equaid.com\/es\/equaid-es\/comprar-cosmetica-con-leche-de-yegua\/equaid-pomada-40gr\/\" class=\"wc-block-grid__product-link\">\n\t\t\t\t\t\n\t\t\t\t\t<div class=\"wc-block-grid__product-image\"><img loading=\"lazy\" decoding=\"async\" width=\"300\" height=\"300\" src=\"https:\/\/equaid.com\/wp-content\/uploads\/2024\/07\/eQuaid-Pomada-40gr-300x300.png\" class=\"attachment-woocommerce_thumbnail size-woocommerce_thumbnail\" alt=\"eQuaid Pomada (40gr)\" srcset=\"https:\/\/equaid.com\/wp-content\/uploads\/2024\/07\/eQuaid-Pomada-40gr-300x300.png 300w, https:\/\/equaid.com\/wp-content\/uploads\/2024\/07\/eQuaid-Pomada-40gr-100x100.png 100w, https:\/\/equaid.com\/wp-content\/uploads\/2024\/07\/eQuaid-Pomada-40gr-150x150.png 150w\" sizes=\"(max-width: 300px) 100vw, 300px\" \/><\/div>\n\t\t\t\t\t<div class=\"wc-block-grid__product-title\">eQuaid Pomada (40gr)<\/div>\n\t\t\t\t<\/a>\n\t\t\t\t<div class=\"wc-block-grid__product-price price\"><span class=\"woocommerce-Price-amount amount\">20,00&nbsp;<span class=\"woocommerce-Price-currencySymbol\">&euro;<\/span><\/span><\/div>\n\t\t\t\t\n\t\t\t\t<div class=\"wp-block-button wc-block-grid__product-add-to-cart\"><a href=\"\/es\/wp-json\/wp\/v2\/pages\/2214?add-to-cart=8335\" aria-label=\"A\u00f1adir al carrito: &ldquo;eQuaid Pomada (40gr)&rdquo;\" data-quantity=\"1\" data-product_id=\"8335\" data-product_sku=\"QP60\" data-price=\"20\" rel=\"nofollow\" class=\"wp-block-button__link  add_to_cart_button ajax_add_to_cart\">A\u00f1adir al carrito<\/a><\/div>\n\t\t\t<\/li><\/ul><\/div>\n\n\n<p class=\"has-medium-font-size\"><strong>Tu carrito<\/strong><\/p>\n\n\n\n<div data-block-name=\"woocommerce\/cart\" class=\"wp-block-woocommerce-cart alignwide is-loading\">\n<div data-block-name=\"woocommerce\/filled-cart-block\" class=\"wp-block-woocommerce-filled-cart-block\">\n<div data-block-name=\"woocommerce\/cart-items-block\" class=\"wp-block-woocommerce-cart-items-block\">\n<div data-block-name=\"woocommerce\/cart-line-items-block\" class=\"wp-block-woocommerce-cart-line-items-block\"><\/div>\n\n\n\n<p class=\"has-medium-font-size\"><\/p>\n<\/div>\n\n\n\n<div data-block-name=\"woocommerce\/cart-totals-block\" class=\"wp-block-woocommerce-cart-totals-block\">\n<div data-block-name=\"woocommerce\/cart-order-summary-block\" class=\"wp-block-woocommerce-cart-order-summary-block\">\n<div data-block-name=\"woocommerce\/cart-order-summary-heading-block\" data-content=\"Totales del carrito\" class=\"wp-block-woocommerce-cart-order-summary-heading-block\"><\/div>\n\n\n\n<div data-block-name=\"woocommerce\/cart-order-summary-coupon-form-block\" class=\"wp-block-woocommerce-cart-order-summary-coupon-form-block\"><\/div>\n\n\n\n<div data-block-name=\"woocommerce\/cart-order-summary-totals-block\" class=\"wp-block-woocommerce-cart-order-summary-totals-block\">\n<div data-block-name=\"woocommerce\/cart-order-summary-subtotal-block\" class=\"wp-block-woocommerce-cart-order-summary-subtotal-block\"><\/div>\n\n\n\n<div data-block-name=\"woocommerce\/cart-order-summary-fee-block\" class=\"wp-block-woocommerce-cart-order-summary-fee-block\"><\/div>\n\n\n\n<div data-block-name=\"woocommerce\/cart-order-summary-discount-block\" class=\"wp-block-woocommerce-cart-order-summary-discount-block\"><\/div>\n\n\n\n<div data-block-name=\"woocommerce\/cart-order-summary-shipping-block\" class=\"wp-block-woocommerce-cart-order-summary-shipping-block\"><\/div>\n\n\n\n<div data-block-name=\"woocommerce\/cart-order-summary-taxes-block\" class=\"wp-block-woocommerce-cart-order-summary-taxes-block\"><\/div>\n<\/div>\n<\/div>\n\n\n\n<div data-block-name=\"woocommerce\/cart-express-payment-block\" class=\"wp-block-woocommerce-cart-express-payment-block\"><\/div>\n\n\n\n<div data-block-name=\"woocommerce\/proceed-to-checkout-block\" class=\"wp-block-woocommerce-proceed-to-checkout-block\"><\/div>\n\n\n\n<div data-block-name=\"woocommerce\/cart-accepted-payment-methods-block\" class=\"wp-block-woocommerce-cart-accepted-payment-methods-block\"><\/div>\n<\/div>\n<\/div>\n\n\n\n<div data-block-name=\"woocommerce\/empty-cart-block\" class=\"wp-block-woocommerce-empty-cart-block\">\n<h2 class=\"wp-block-heading has-text-align-center with-empty-cart-icon wc-block-cart__empty-cart__title\">Tu carrito est\u00e1 vac\u00edo<\/h2>\n\n\n\n<hr class=\"wp-block-separator has-alpha-channel-opacity is-style-dots\"\/>\n<\/div>\n<\/div>\n","protected":false},"excerpt":{"rendered":"<p>Consigue un 30% de descuento en cosm\u00e9tica Estos meses de enero y febrero son duros, por agradecer tu compra, con el cup\u00f3n eQuaid25 consigue un 30% de descuento en cosm\u00e9tica. \u00a1Nos ayudas y nosotros te ayudamos! Tu carrito<\/p>\n","protected":false},"author":1,"featured_media":0,"parent":0,"menu_order":0,"comment_status":"closed","ping_status":"closed","template":"","meta":{"_acf_changed":false,"footnotes":""},"class_list":["post-2214","page","type-page","status-publish","hentry"],"acf":[],"yoast_head":"<!-- This site is optimized with the Yoast SEO plugin v27.4 - https:\/\/yoast.com\/product\/yoast-seo-wordpress\/ -->\n<title>Carrito - eQuaid\u00ae Llet d&#039;euga | Botiga online<\/title>\n<meta name=\"robots\" content=\"index, follow, max-snippet:-1, max-image-preview:large, max-video-preview:-1\" \/>\n<link rel=\"canonical\" href=\"https:\/\/equaid.com\/es\/carrito\/\" \/>\n<meta property=\"og:locale\" content=\"es_ES\" \/>\n<meta property=\"og:type\" content=\"article\" \/>\n<meta property=\"og:title\" content=\"Carrito - eQuaid\u00ae Llet d&#039;euga | Botiga online\" \/>\n<meta property=\"og:description\" content=\"Consigue un 30% de descuento en cosm\u00e9tica Estos meses de enero y febrero son duros, por agradecer tu compra, con el cup\u00f3n eQuaid25 consigue un 30% de descuento en cosm\u00e9tica. \u00a1Nos ayudas y nosotros te ayudamos! Tu carrito\" \/>\n<meta property=\"og:url\" content=\"https:\/\/equaid.com\/es\/carrito\/\" \/>\n<meta property=\"og:site_name\" content=\"eQuaid\u00ae Llet d&#039;euga | Botiga online\" \/>\n<meta property=\"article:modified_time\" content=\"2025-01-21T18:19:48+00:00\" \/>\n<meta name=\"twitter:card\" content=\"summary_large_image\" \/>\n<meta name=\"twitter:label1\" content=\"Tiempo de lectura\" \/>\n\t<meta name=\"twitter:data1\" content=\"1 minuto\" \/>\n<script type=\"application\/ld+json\" class=\"yoast-schema-graph\">{\"@context\":\"https:\\\/\\\/schema.org\",\"@graph\":[{\"@type\":\"WebPage\",\"@id\":\"https:\\\/\\\/equaid.com\\\/es\\\/carrito\\\/\",\"url\":\"https:\\\/\\\/equaid.com\\\/es\\\/carrito\\\/\",\"name\":\"Carrito - eQuaid\u00ae Llet d&#039;euga | Botiga online\",\"isPartOf\":{\"@id\":\"https:\\\/\\\/equaid.com\\\/es\\\/#website\"},\"datePublished\":\"2024-06-25T08:46:48+00:00\",\"dateModified\":\"2025-01-21T18:19:48+00:00\",\"breadcrumb\":{\"@id\":\"https:\\\/\\\/equaid.com\\\/es\\\/carrito\\\/#breadcrumb\"},\"inLanguage\":\"es\",\"potentialAction\":[{\"@type\":\"ReadAction\",\"target\":[\"https:\\\/\\\/equaid.com\\\/es\\\/carrito\\\/\"]}]},{\"@type\":\"BreadcrumbList\",\"@id\":\"https:\\\/\\\/equaid.com\\\/es\\\/carrito\\\/#breadcrumb\",\"itemListElement\":[{\"@type\":\"ListItem\",\"position\":1,\"name\":\"Home\",\"item\":\"https:\\\/\\\/equaid.com\\\/es\\\/\"},{\"@type\":\"ListItem\",\"position\":2,\"name\":\"Carrito\"}]},{\"@type\":\"WebSite\",\"@id\":\"https:\\\/\\\/equaid.com\\\/es\\\/#website\",\"url\":\"https:\\\/\\\/equaid.com\\\/es\\\/\",\"name\":\"eQuaid\u00ae Llet d'euga | Botiga online\",\"description\":\"\",\"publisher\":{\"@id\":\"https:\\\/\\\/equaid.com\\\/es\\\/#organization\"},\"potentialAction\":[{\"@type\":\"SearchAction\",\"target\":{\"@type\":\"EntryPoint\",\"urlTemplate\":\"https:\\\/\\\/equaid.com\\\/es\\\/?s={search_term_string}\"},\"query-input\":{\"@type\":\"PropertyValueSpecification\",\"valueRequired\":true,\"valueName\":\"search_term_string\"}}],\"inLanguage\":\"es\"},{\"@type\":\"Organization\",\"@id\":\"https:\\\/\\\/equaid.com\\\/es\\\/#organization\",\"name\":\"eQuaid\u00ae Llet d'euga | Botiga online\",\"url\":\"https:\\\/\\\/equaid.com\\\/es\\\/\",\"logo\":{\"@type\":\"ImageObject\",\"inLanguage\":\"es\",\"@id\":\"https:\\\/\\\/equaid.com\\\/es\\\/#\\\/schema\\\/logo\\\/image\\\/\",\"url\":\"https:\\\/\\\/equaid.com\\\/wp-content\\\/uploads\\\/2024\\\/06\\\/logo-granja.svg\",\"contentUrl\":\"https:\\\/\\\/equaid.com\\\/wp-content\\\/uploads\\\/2024\\\/06\\\/logo-granja.svg\",\"width\":1,\"height\":1,\"caption\":\"eQuaid\u00ae Llet d'euga | Botiga online\"},\"image\":{\"@id\":\"https:\\\/\\\/equaid.com\\\/es\\\/#\\\/schema\\\/logo\\\/image\\\/\"}}]}<\/script>\n<!-- \/ Yoast SEO plugin. -->","yoast_head_json":{"title":"Carrito - eQuaid\u00ae Llet d&#039;euga | Botiga online","robots":{"index":"index","follow":"follow","max-snippet":"max-snippet:-1","max-image-preview":"max-image-preview:large","max-video-preview":"max-video-preview:-1"},"canonical":"https:\/\/equaid.com\/es\/carrito\/","og_locale":"es_ES","og_type":"article","og_title":"Carrito - eQuaid\u00ae Llet d&#039;euga | Botiga online","og_description":"Consigue un 30% de descuento en cosm\u00e9tica Estos meses de enero y febrero son duros, por agradecer tu compra, con el cup\u00f3n eQuaid25 consigue un 30% de descuento en cosm\u00e9tica. \u00a1Nos ayudas y nosotros te ayudamos! Tu carrito","og_url":"https:\/\/equaid.com\/es\/carrito\/","og_site_name":"eQuaid\u00ae Llet d&#039;euga | Botiga online","article_modified_time":"2025-01-21T18:19:48+00:00","twitter_card":"summary_large_image","twitter_misc":{"Tiempo de lectura":"1 minuto"},"schema":{"@context":"https:\/\/schema.org","@graph":[{"@type":"WebPage","@id":"https:\/\/equaid.com\/es\/carrito\/","url":"https:\/\/equaid.com\/es\/carrito\/","name":"Carrito - eQuaid\u00ae Llet d&#039;euga | Botiga online","isPartOf":{"@id":"https:\/\/equaid.com\/es\/#website"},"datePublished":"2024-06-25T08:46:48+00:00","dateModified":"2025-01-21T18:19:48+00:00","breadcrumb":{"@id":"https:\/\/equaid.com\/es\/carrito\/#breadcrumb"},"inLanguage":"es","potentialAction":[{"@type":"ReadAction","target":["https:\/\/equaid.com\/es\/carrito\/"]}]},{"@type":"BreadcrumbList","@id":"https:\/\/equaid.com\/es\/carrito\/#breadcrumb","itemListElement":[{"@type":"ListItem","position":1,"name":"Home","item":"https:\/\/equaid.com\/es\/"},{"@type":"ListItem","position":2,"name":"Carrito"}]},{"@type":"WebSite","@id":"https:\/\/equaid.com\/es\/#website","url":"https:\/\/equaid.com\/es\/","name":"eQuaid\u00ae Llet d'euga | Botiga online","description":"","publisher":{"@id":"https:\/\/equaid.com\/es\/#organization"},"potentialAction":[{"@type":"SearchAction","target":{"@type":"EntryPoint","urlTemplate":"https:\/\/equaid.com\/es\/?s={search_term_string}"},"query-input":{"@type":"PropertyValueSpecification","valueRequired":true,"valueName":"search_term_string"}}],"inLanguage":"es"},{"@type":"Organization","@id":"https:\/\/equaid.com\/es\/#organization","name":"eQuaid\u00ae Llet d'euga | Botiga online","url":"https:\/\/equaid.com\/es\/","logo":{"@type":"ImageObject","inLanguage":"es","@id":"https:\/\/equaid.com\/es\/#\/schema\/logo\/image\/","url":"https:\/\/equaid.com\/wp-content\/uploads\/2024\/06\/logo-granja.svg","contentUrl":"https:\/\/equaid.com\/wp-content\/uploads\/2024\/06\/logo-granja.svg","width":1,"height":1,"caption":"eQuaid\u00ae Llet d'euga | Botiga online"},"image":{"@id":"https:\/\/equaid.com\/es\/#\/schema\/logo\/image\/"}}]}},"_links":{"self":[{"href":"https:\/\/equaid.com\/es\/wp-json\/wp\/v2\/pages\/2214","targetHints":{"allow":["GET"]}}],"collection":[{"href":"https:\/\/equaid.com\/es\/wp-json\/wp\/v2\/pages"}],"about":[{"href":"https:\/\/equaid.com\/es\/wp-json\/wp\/v2\/types\/page"}],"author":[{"embeddable":true,"href":"https:\/\/equaid.com\/es\/wp-json\/wp\/v2\/users\/1"}],"replies":[{"embeddable":true,"href":"https:\/\/equaid.com\/es\/wp-json\/wp\/v2\/comments?post=2214"}],"version-history":[{"count":2,"href":"https:\/\/equaid.com\/es\/wp-json\/wp\/v2\/pages\/2214\/revisions"}],"predecessor-version":[{"id":8939,"href":"https:\/\/equaid.com\/es\/wp-json\/wp\/v2\/pages\/2214\/revisions\/8939"}],"wp:attachment":[{"href":"https:\/\/equaid.com\/es\/wp-json\/wp\/v2\/media?parent=2214"}],"curies":[{"name":"wp","href":"https:\/\/api.w.org\/{rel}","templated":true}]}}