{"id":9078,"date":"2025-02-09T16:52:37","date_gmt":"2025-02-09T15:52:37","guid":{"rendered":"https:\/\/equaid.com\/?post_type=product&#038;p=9078"},"modified":"2025-06-06T10:47:40","modified_gmt":"2025-06-06T08:47:40","slug":"equaid-vet-pomada-40gr","status":"publish","type":"product","link":"https:\/\/equaid.com\/ca\/equaidvet\/equaid-vet-pomada-40gr\/","title":{"rendered":"eQuaid Vet Pomada (40gr)"},"content":{"rendered":"<p>Es una pomada con la materia activa eQuaid\u00ae, pensada y desarrollada para transtornos cut\u00e1neos de r\u00e1pida eficacia con efecto calmante instant\u00e1neo.<\/p>\n<p>eQuaid\u00ae ayuda a regenerar y protege la piel actuando principalmente a nivel enzim\u00e1tico y bacteriano reactivando el sistema inmune, reforzando funciones enzim\u00e1ticas y aportando la mayor\u00eda de los elementos que necesita el organismo para la regeneraci\u00f3n celular.<\/p>\n<div><strong>INDICACIONES:\u00a0\u00a0<\/strong><\/div>\n<div>Cicatricaci\u00f3n, picores , rozaduras, erupciones con o sin inflamaci\u00f3n, perdidas de pelo y reacciones al\u00e9rgicas de la piel.<\/div>\n","protected":false},"excerpt":{"rendered":"<p><em>INGREDIENTES:<\/em><br \/>\n<em>(INCI):Aqua, Equae Lac(eQuaid\u00ae), Caprylic \/ Capric Triglyceride, Cetyl Alcohol, Olea Europaea Fruit Oil, Cetearyl Alcohol, Glycerin, Sodium Hyaluronate, Boswellia Serrata Gum, Hydrolyzed Soy Protein, Tocopherol, Glyceryl Caprylate, Lecithin, Bisabolol, Sodium Cetearyl Sulfate, Parfum, Dipropylene Glycol, Propanediol, Beta-Sitosterol, Ethyl Lauroyl Arginate HCl, Squalene.<\/em><\/p>\n","protected":false},"featured_media":9010,"comment_status":"open","ping_status":"closed","template":"","meta":{"_acf_changed":false},"product_brand":[],"product_cat":[139],"product_tag":[],"class_list":{"0":"post-9078","1":"product","2":"type-product","3":"status-publish","4":"has-post-thumbnail","6":"product_cat-equaidvet","8":"first","9":"instock","10":"taxable","11":"shipping-taxable","12":"purchasable","13":"product-type-simple"},"acf":[],"yoast_head":"<!-- This site is optimized with the Yoast SEO plugin v27.4 - https:\/\/yoast.com\/product\/yoast-seo-wordpress\/ -->\n<title>eQuaid Vet Pomada (40gr) - eQuaid\u00ae Llet d&#039;euga | Botiga online<\/title>\n<meta name=\"robots\" content=\"index, follow, max-snippet:-1, max-image-preview:large, max-video-preview:-1\" \/>\n<link rel=\"canonical\" href=\"https:\/\/equaid.com\/ca\/equaidvet\/equaid-vet-pomada-40gr\/\" \/>\n<meta property=\"og:locale\" content=\"ca_ES\" \/>\n<meta property=\"og:type\" content=\"article\" \/>\n<meta property=\"og:title\" content=\"eQuaid Vet Pomada (40gr) - eQuaid\u00ae Llet d&#039;euga | Botiga online\" \/>\n<meta property=\"og:description\" content=\"INGREDIENTES: (INCI):Aqua, Equae Lac(eQuaid\u00ae), Caprylic \/ Capric Triglyceride, Cetyl Alcohol, Olea Europaea Fruit Oil, Cetearyl Alcohol, Glycerin, Sodium Hyaluronate, Boswellia Serrata Gum, Hydrolyzed Soy Protein, Tocopherol, Glyceryl Caprylate, Lecithin, Bisabolol, Sodium Cetearyl Sulfate, Parfum, Dipropylene Glycol, Propanediol, Beta-Sitosterol, Ethyl Lauroyl Arginate HCl, Squalene.\" \/>\n<meta property=\"og:url\" content=\"https:\/\/equaid.com\/ca\/equaidvet\/equaid-vet-pomada-40gr\/\" \/>\n<meta property=\"og:site_name\" content=\"eQuaid\u00ae Llet d&#039;euga | Botiga online\" \/>\n<meta property=\"article:modified_time\" content=\"2025-06-06T08:47:40+00:00\" \/>\n<meta property=\"og:image\" content=\"https:\/\/equaid.com\/wp-content\/uploads\/2025\/01\/eQuaidVET-pomada.jpg\" \/>\n\t<meta property=\"og:image:width\" content=\"972\" \/>\n\t<meta property=\"og:image:height\" content=\"445\" \/>\n\t<meta property=\"og:image:type\" content=\"image\/jpeg\" \/>\n<meta name=\"twitter:card\" content=\"summary_large_image\" \/>\n<meta name=\"twitter:label1\" content=\"Temps estimat de lectura\" \/>\n\t<meta name=\"twitter:data1\" content=\"1 minut\" \/>\n<script type=\"application\/ld+json\" class=\"yoast-schema-graph\">{\"@context\":\"https:\\\/\\\/schema.org\",\"@graph\":[{\"@type\":\"WebPage\",\"@id\":\"https:\\\/\\\/equaid.com\\\/ca\\\/equaidvet\\\/equaid-vet-pomada-40gr\\\/\",\"url\":\"https:\\\/\\\/equaid.com\\\/ca\\\/equaidvet\\\/equaid-vet-pomada-40gr\\\/\",\"name\":\"eQuaid Vet Pomada (40gr) - eQuaid\u00ae Llet d&#039;euga | Botiga online\",\"isPartOf\":{\"@id\":\"https:\\\/\\\/equaid.com\\\/ca\\\/#website\"},\"primaryImageOfPage\":{\"@id\":\"https:\\\/\\\/equaid.com\\\/ca\\\/equaidvet\\\/equaid-vet-pomada-40gr\\\/#primaryimage\"},\"image\":{\"@id\":\"https:\\\/\\\/equaid.com\\\/ca\\\/equaidvet\\\/equaid-vet-pomada-40gr\\\/#primaryimage\"},\"thumbnailUrl\":\"https:\\\/\\\/equaid.com\\\/wp-content\\\/uploads\\\/2025\\\/01\\\/eQuaidVET-pomada.jpg\",\"datePublished\":\"2025-02-09T15:52:37+00:00\",\"dateModified\":\"2025-06-06T08:47:40+00:00\",\"breadcrumb\":{\"@id\":\"https:\\\/\\\/equaid.com\\\/ca\\\/equaidvet\\\/equaid-vet-pomada-40gr\\\/#breadcrumb\"},\"inLanguage\":\"ca\",\"potentialAction\":[{\"@type\":\"ReadAction\",\"target\":[\"https:\\\/\\\/equaid.com\\\/ca\\\/equaidvet\\\/equaid-vet-pomada-40gr\\\/\"]}]},{\"@type\":\"ImageObject\",\"inLanguage\":\"ca\",\"@id\":\"https:\\\/\\\/equaid.com\\\/ca\\\/equaidvet\\\/equaid-vet-pomada-40gr\\\/#primaryimage\",\"url\":\"https:\\\/\\\/equaid.com\\\/wp-content\\\/uploads\\\/2025\\\/01\\\/eQuaidVET-pomada.jpg\",\"contentUrl\":\"https:\\\/\\\/equaid.com\\\/wp-content\\\/uploads\\\/2025\\\/01\\\/eQuaidVET-pomada.jpg\",\"width\":972,\"height\":445},{\"@type\":\"BreadcrumbList\",\"@id\":\"https:\\\/\\\/equaid.com\\\/ca\\\/equaidvet\\\/equaid-vet-pomada-40gr\\\/#breadcrumb\",\"itemListElement\":[{\"@type\":\"ListItem\",\"position\":1,\"name\":\"Home\",\"item\":\"https:\\\/\\\/equaid.com\\\/ca\\\/\"},{\"@type\":\"ListItem\",\"position\":2,\"name\":\"Shop\",\"item\":\"https:\\\/\\\/equaid.com\\\/ca\\\/shop\\\/\"},{\"@type\":\"ListItem\",\"position\":3,\"name\":\"eQuaid Vet Pomada (40gr)\"}]},{\"@type\":\"WebSite\",\"@id\":\"https:\\\/\\\/equaid.com\\\/ca\\\/#website\",\"url\":\"https:\\\/\\\/equaid.com\\\/ca\\\/\",\"name\":\"eQuaid\u00ae Llet d'euga | Botiga online\",\"description\":\"\",\"publisher\":{\"@id\":\"https:\\\/\\\/equaid.com\\\/ca\\\/#organization\"},\"potentialAction\":[{\"@type\":\"SearchAction\",\"target\":{\"@type\":\"EntryPoint\",\"urlTemplate\":\"https:\\\/\\\/equaid.com\\\/ca\\\/?s={search_term_string}\"},\"query-input\":{\"@type\":\"PropertyValueSpecification\",\"valueRequired\":true,\"valueName\":\"search_term_string\"}}],\"inLanguage\":\"ca\"},{\"@type\":\"Organization\",\"@id\":\"https:\\\/\\\/equaid.com\\\/ca\\\/#organization\",\"name\":\"eQuaid\u00ae Llet d'euga | Botiga online\",\"url\":\"https:\\\/\\\/equaid.com\\\/ca\\\/\",\"logo\":{\"@type\":\"ImageObject\",\"inLanguage\":\"ca\",\"@id\":\"https:\\\/\\\/equaid.com\\\/ca\\\/#\\\/schema\\\/logo\\\/image\\\/\",\"url\":\"https:\\\/\\\/equaid.com\\\/wp-content\\\/uploads\\\/2024\\\/06\\\/logo-granja.svg\",\"contentUrl\":\"https:\\\/\\\/equaid.com\\\/wp-content\\\/uploads\\\/2024\\\/06\\\/logo-granja.svg\",\"width\":1,\"height\":1,\"caption\":\"eQuaid\u00ae Llet d'euga | Botiga online\"},\"image\":{\"@id\":\"https:\\\/\\\/equaid.com\\\/ca\\\/#\\\/schema\\\/logo\\\/image\\\/\"}}]}<\/script>\n<!-- \/ Yoast SEO plugin. -->","yoast_head_json":{"title":"eQuaid Vet Pomada (40gr) - eQuaid\u00ae Llet d&#039;euga | Botiga online","robots":{"index":"index","follow":"follow","max-snippet":"max-snippet:-1","max-image-preview":"max-image-preview:large","max-video-preview":"max-video-preview:-1"},"canonical":"https:\/\/equaid.com\/ca\/equaidvet\/equaid-vet-pomada-40gr\/","og_locale":"ca_ES","og_type":"article","og_title":"eQuaid Vet Pomada (40gr) - eQuaid\u00ae Llet d&#039;euga | Botiga online","og_description":"INGREDIENTES: (INCI):Aqua, Equae Lac(eQuaid\u00ae), Caprylic \/ Capric Triglyceride, Cetyl Alcohol, Olea Europaea Fruit Oil, Cetearyl Alcohol, Glycerin, Sodium Hyaluronate, Boswellia Serrata Gum, Hydrolyzed Soy Protein, Tocopherol, Glyceryl Caprylate, Lecithin, Bisabolol, Sodium Cetearyl Sulfate, Parfum, Dipropylene Glycol, Propanediol, Beta-Sitosterol, Ethyl Lauroyl Arginate HCl, Squalene.","og_url":"https:\/\/equaid.com\/ca\/equaidvet\/equaid-vet-pomada-40gr\/","og_site_name":"eQuaid\u00ae Llet d&#039;euga | Botiga online","article_modified_time":"2025-06-06T08:47:40+00:00","og_image":[{"width":972,"height":445,"url":"https:\/\/equaid.com\/wp-content\/uploads\/2025\/01\/eQuaidVET-pomada.jpg","type":"image\/jpeg"}],"twitter_card":"summary_large_image","twitter_misc":{"Temps estimat de lectura":"1 minut"},"schema":{"@context":"https:\/\/schema.org","@graph":[{"@type":"WebPage","@id":"https:\/\/equaid.com\/ca\/equaidvet\/equaid-vet-pomada-40gr\/","url":"https:\/\/equaid.com\/ca\/equaidvet\/equaid-vet-pomada-40gr\/","name":"eQuaid Vet Pomada (40gr) - eQuaid\u00ae Llet d&#039;euga | Botiga online","isPartOf":{"@id":"https:\/\/equaid.com\/ca\/#website"},"primaryImageOfPage":{"@id":"https:\/\/equaid.com\/ca\/equaidvet\/equaid-vet-pomada-40gr\/#primaryimage"},"image":{"@id":"https:\/\/equaid.com\/ca\/equaidvet\/equaid-vet-pomada-40gr\/#primaryimage"},"thumbnailUrl":"https:\/\/equaid.com\/wp-content\/uploads\/2025\/01\/eQuaidVET-pomada.jpg","datePublished":"2025-02-09T15:52:37+00:00","dateModified":"2025-06-06T08:47:40+00:00","breadcrumb":{"@id":"https:\/\/equaid.com\/ca\/equaidvet\/equaid-vet-pomada-40gr\/#breadcrumb"},"inLanguage":"ca","potentialAction":[{"@type":"ReadAction","target":["https:\/\/equaid.com\/ca\/equaidvet\/equaid-vet-pomada-40gr\/"]}]},{"@type":"ImageObject","inLanguage":"ca","@id":"https:\/\/equaid.com\/ca\/equaidvet\/equaid-vet-pomada-40gr\/#primaryimage","url":"https:\/\/equaid.com\/wp-content\/uploads\/2025\/01\/eQuaidVET-pomada.jpg","contentUrl":"https:\/\/equaid.com\/wp-content\/uploads\/2025\/01\/eQuaidVET-pomada.jpg","width":972,"height":445},{"@type":"BreadcrumbList","@id":"https:\/\/equaid.com\/ca\/equaidvet\/equaid-vet-pomada-40gr\/#breadcrumb","itemListElement":[{"@type":"ListItem","position":1,"name":"Home","item":"https:\/\/equaid.com\/ca\/"},{"@type":"ListItem","position":2,"name":"Shop","item":"https:\/\/equaid.com\/ca\/shop\/"},{"@type":"ListItem","position":3,"name":"eQuaid Vet Pomada (40gr)"}]},{"@type":"WebSite","@id":"https:\/\/equaid.com\/ca\/#website","url":"https:\/\/equaid.com\/ca\/","name":"eQuaid\u00ae Llet d'euga | Botiga online","description":"","publisher":{"@id":"https:\/\/equaid.com\/ca\/#organization"},"potentialAction":[{"@type":"SearchAction","target":{"@type":"EntryPoint","urlTemplate":"https:\/\/equaid.com\/ca\/?s={search_term_string}"},"query-input":{"@type":"PropertyValueSpecification","valueRequired":true,"valueName":"search_term_string"}}],"inLanguage":"ca"},{"@type":"Organization","@id":"https:\/\/equaid.com\/ca\/#organization","name":"eQuaid\u00ae Llet d'euga | Botiga online","url":"https:\/\/equaid.com\/ca\/","logo":{"@type":"ImageObject","inLanguage":"ca","@id":"https:\/\/equaid.com\/ca\/#\/schema\/logo\/image\/","url":"https:\/\/equaid.com\/wp-content\/uploads\/2024\/06\/logo-granja.svg","contentUrl":"https:\/\/equaid.com\/wp-content\/uploads\/2024\/06\/logo-granja.svg","width":1,"height":1,"caption":"eQuaid\u00ae Llet d'euga | Botiga online"},"image":{"@id":"https:\/\/equaid.com\/ca\/#\/schema\/logo\/image\/"}}]}},"_links":{"self":[{"href":"https:\/\/equaid.com\/ca\/wp-json\/wp\/v2\/product\/9078","targetHints":{"allow":["GET"]}}],"collection":[{"href":"https:\/\/equaid.com\/ca\/wp-json\/wp\/v2\/product"}],"about":[{"href":"https:\/\/equaid.com\/ca\/wp-json\/wp\/v2\/types\/product"}],"replies":[{"embeddable":true,"href":"https:\/\/equaid.com\/ca\/wp-json\/wp\/v2\/comments?post=9078"}],"wp:featuredmedia":[{"embeddable":true,"href":"https:\/\/equaid.com\/ca\/wp-json\/wp\/v2\/media\/9010"}],"wp:attachment":[{"href":"https:\/\/equaid.com\/ca\/wp-json\/wp\/v2\/media?parent=9078"}],"wp:term":[{"taxonomy":"product_brand","embeddable":true,"href":"https:\/\/equaid.com\/ca\/wp-json\/wp\/v2\/product_brand?post=9078"},{"taxonomy":"product_cat","embeddable":true,"href":"https:\/\/equaid.com\/ca\/wp-json\/wp\/v2\/product_cat?post=9078"},{"taxonomy":"product_tag","embeddable":true,"href":"https:\/\/equaid.com\/ca\/wp-json\/wp\/v2\/product_tag?post=9078"}],"curies":[{"name":"wp","href":"https:\/\/api.w.org\/{rel}","templated":true}]}}