{"id":1243,"date":"2024-07-02T15:34:45","date_gmt":"2024-07-02T13:34:45","guid":{"rendered":"https:\/\/equaid.com\/?post_type=product&#038;p=1243"},"modified":"2025-04-15T18:33:34","modified_gmt":"2025-04-15T16:33:34","slug":"equaid-crema-facial-24h-50ml","status":"publish","type":"product","link":"https:\/\/equaid.com\/ca\/equaid\/cosmetica\/equaid-crema-facial-24h-50ml\/","title":{"rendered":"eQuaid Crema Facial 24h (50ml)"},"content":{"rendered":"<p>La llet d&#8217;euga aplicada sobre la pell ajuda a la seva protecci\u00f3, regeneraci\u00f3 i hidrataci\u00f3, deixant una extrema suavitat i sedositat a les zones on ha estat aplicada.<\/p>\n<p>Gr\u00e0cies al fet que les vitamines de la llet d&#8217;euga tamb\u00e9 poden ser absorbides per la pell, aquesta crema nodreix i cuida el cutis.<\/p>\n","protected":false},"excerpt":{"rendered":"<p>Crema especialment formulada per aplicar a la cara, ajuda a la regeneraci\u00f3 i el sanejament de la pell, gr\u00e0cies a la seva elevada quantitat de llet d&#8217;euga.<\/p>\n<p>Crema d&#8217;absorci\u00f3 molt r\u00e0pida que actua com a protecci\u00f3 dels efectes externs i del sol.<\/p>\n","protected":false},"featured_media":1244,"comment_status":"open","ping_status":"closed","template":"","meta":{"_acf_changed":false},"product_brand":[],"product_cat":[18],"product_tag":[],"class_list":{"0":"post-1243","1":"product","2":"type-product","3":"status-publish","4":"has-post-thumbnail","6":"product_cat-cosmetica","8":"first","9":"instock","10":"taxable","11":"shipping-taxable","12":"purchasable","13":"product-type-simple"},"acf":[],"yoast_head":"<!-- This site is optimized with the Yoast SEO plugin v27.4 - https:\/\/yoast.com\/product\/yoast-seo-wordpress\/ -->\n<title>eQuaid Crema Facial 24h (50ml) - eQuaid\u00ae Llet d&#039;euga | Botiga online<\/title>\n<meta name=\"robots\" content=\"index, follow, max-snippet:-1, max-image-preview:large, max-video-preview:-1\" \/>\n<link rel=\"canonical\" href=\"https:\/\/equaid.com\/ca\/equaid\/cosmetica\/equaid-crema-facial-24h-50ml\/\" \/>\n<meta property=\"og:locale\" content=\"ca_ES\" \/>\n<meta property=\"og:type\" content=\"article\" \/>\n<meta property=\"og:title\" content=\"eQuaid Crema Facial 24h (50ml) - eQuaid\u00ae Llet d&#039;euga | Botiga online\" \/>\n<meta property=\"og:description\" content=\"Crema especialment formulada per aplicar a la cara, ajuda a la regeneraci\u00f3 i el sanejament de la pell, gr\u00e0cies a la seva elevada quantitat de llet d&#039;euga.  Crema d&#039;absorci\u00f3 molt r\u00e0pida que actua com a protecci\u00f3 dels efectes externs i del sol.\" \/>\n<meta property=\"og:url\" content=\"https:\/\/equaid.com\/ca\/equaid\/cosmetica\/equaid-crema-facial-24h-50ml\/\" \/>\n<meta property=\"og:site_name\" content=\"eQuaid\u00ae Llet d&#039;euga | Botiga online\" \/>\n<meta property=\"article:modified_time\" content=\"2025-04-15T16:33:34+00:00\" \/>\n<meta property=\"og:image\" content=\"https:\/\/equaid.com\/wp-content\/uploads\/2024\/07\/crema-facial-amb-llet-d-euga.jpg\" \/>\n\t<meta property=\"og:image:width\" content=\"800\" \/>\n\t<meta property=\"og:image:height\" content=\"800\" \/>\n\t<meta property=\"og:image:type\" content=\"image\/jpeg\" \/>\n<meta name=\"twitter:card\" content=\"summary_large_image\" \/>\n<meta name=\"twitter:label1\" content=\"Temps estimat de lectura\" \/>\n\t<meta name=\"twitter:data1\" content=\"1 minut\" \/>\n<script type=\"application\/ld+json\" class=\"yoast-schema-graph\">{\"@context\":\"https:\\\/\\\/schema.org\",\"@graph\":[{\"@type\":\"WebPage\",\"@id\":\"https:\\\/\\\/equaid.com\\\/ca\\\/equaid\\\/cosmetica\\\/equaid-crema-facial-24h-50ml\\\/\",\"url\":\"https:\\\/\\\/equaid.com\\\/ca\\\/equaid\\\/cosmetica\\\/equaid-crema-facial-24h-50ml\\\/\",\"name\":\"eQuaid Crema Facial 24h (50ml) - eQuaid\u00ae Llet d&#039;euga | Botiga online\",\"isPartOf\":{\"@id\":\"https:\\\/\\\/equaid.com\\\/ca\\\/#website\"},\"primaryImageOfPage\":{\"@id\":\"https:\\\/\\\/equaid.com\\\/ca\\\/equaid\\\/cosmetica\\\/equaid-crema-facial-24h-50ml\\\/#primaryimage\"},\"image\":{\"@id\":\"https:\\\/\\\/equaid.com\\\/ca\\\/equaid\\\/cosmetica\\\/equaid-crema-facial-24h-50ml\\\/#primaryimage\"},\"thumbnailUrl\":\"https:\\\/\\\/equaid.com\\\/wp-content\\\/uploads\\\/2024\\\/07\\\/crema-facial-amb-llet-d-euga.jpg\",\"datePublished\":\"2024-07-02T13:34:45+00:00\",\"dateModified\":\"2025-04-15T16:33:34+00:00\",\"breadcrumb\":{\"@id\":\"https:\\\/\\\/equaid.com\\\/ca\\\/equaid\\\/cosmetica\\\/equaid-crema-facial-24h-50ml\\\/#breadcrumb\"},\"inLanguage\":\"ca\",\"potentialAction\":[{\"@type\":\"ReadAction\",\"target\":[\"https:\\\/\\\/equaid.com\\\/ca\\\/equaid\\\/cosmetica\\\/equaid-crema-facial-24h-50ml\\\/\"]}]},{\"@type\":\"ImageObject\",\"inLanguage\":\"ca\",\"@id\":\"https:\\\/\\\/equaid.com\\\/ca\\\/equaid\\\/cosmetica\\\/equaid-crema-facial-24h-50ml\\\/#primaryimage\",\"url\":\"https:\\\/\\\/equaid.com\\\/wp-content\\\/uploads\\\/2024\\\/07\\\/crema-facial-amb-llet-d-euga.jpg\",\"contentUrl\":\"https:\\\/\\\/equaid.com\\\/wp-content\\\/uploads\\\/2024\\\/07\\\/crema-facial-amb-llet-d-euga.jpg\",\"width\":800,\"height\":800},{\"@type\":\"BreadcrumbList\",\"@id\":\"https:\\\/\\\/equaid.com\\\/ca\\\/equaid\\\/cosmetica\\\/equaid-crema-facial-24h-50ml\\\/#breadcrumb\",\"itemListElement\":[{\"@type\":\"ListItem\",\"position\":1,\"name\":\"Home\",\"item\":\"https:\\\/\\\/equaid.com\\\/ca\\\/\"},{\"@type\":\"ListItem\",\"position\":2,\"name\":\"Shop\",\"item\":\"https:\\\/\\\/equaid.com\\\/ca\\\/shop\\\/\"},{\"@type\":\"ListItem\",\"position\":3,\"name\":\"eQuaid Crema Facial 24h (50ml)\"}]},{\"@type\":\"WebSite\",\"@id\":\"https:\\\/\\\/equaid.com\\\/ca\\\/#website\",\"url\":\"https:\\\/\\\/equaid.com\\\/ca\\\/\",\"name\":\"eQuaid\u00ae Llet d'euga | Botiga online\",\"description\":\"\",\"publisher\":{\"@id\":\"https:\\\/\\\/equaid.com\\\/ca\\\/#organization\"},\"potentialAction\":[{\"@type\":\"SearchAction\",\"target\":{\"@type\":\"EntryPoint\",\"urlTemplate\":\"https:\\\/\\\/equaid.com\\\/ca\\\/?s={search_term_string}\"},\"query-input\":{\"@type\":\"PropertyValueSpecification\",\"valueRequired\":true,\"valueName\":\"search_term_string\"}}],\"inLanguage\":\"ca\"},{\"@type\":\"Organization\",\"@id\":\"https:\\\/\\\/equaid.com\\\/ca\\\/#organization\",\"name\":\"eQuaid\u00ae Llet d'euga | Botiga online\",\"url\":\"https:\\\/\\\/equaid.com\\\/ca\\\/\",\"logo\":{\"@type\":\"ImageObject\",\"inLanguage\":\"ca\",\"@id\":\"https:\\\/\\\/equaid.com\\\/ca\\\/#\\\/schema\\\/logo\\\/image\\\/\",\"url\":\"https:\\\/\\\/equaid.com\\\/wp-content\\\/uploads\\\/2024\\\/06\\\/logo-granja.svg\",\"contentUrl\":\"https:\\\/\\\/equaid.com\\\/wp-content\\\/uploads\\\/2024\\\/06\\\/logo-granja.svg\",\"width\":1,\"height\":1,\"caption\":\"eQuaid\u00ae Llet d'euga | Botiga online\"},\"image\":{\"@id\":\"https:\\\/\\\/equaid.com\\\/ca\\\/#\\\/schema\\\/logo\\\/image\\\/\"}}]}<\/script>\n<!-- \/ Yoast SEO plugin. -->","yoast_head_json":{"title":"eQuaid Crema Facial 24h (50ml) - eQuaid\u00ae Llet d&#039;euga | Botiga online","robots":{"index":"index","follow":"follow","max-snippet":"max-snippet:-1","max-image-preview":"max-image-preview:large","max-video-preview":"max-video-preview:-1"},"canonical":"https:\/\/equaid.com\/ca\/equaid\/cosmetica\/equaid-crema-facial-24h-50ml\/","og_locale":"ca_ES","og_type":"article","og_title":"eQuaid Crema Facial 24h (50ml) - eQuaid\u00ae Llet d&#039;euga | Botiga online","og_description":"Crema especialment formulada per aplicar a la cara, ajuda a la regeneraci\u00f3 i el sanejament de la pell, gr\u00e0cies a la seva elevada quantitat de llet d'euga.  Crema d'absorci\u00f3 molt r\u00e0pida que actua com a protecci\u00f3 dels efectes externs i del sol.","og_url":"https:\/\/equaid.com\/ca\/equaid\/cosmetica\/equaid-crema-facial-24h-50ml\/","og_site_name":"eQuaid\u00ae Llet d&#039;euga | Botiga online","article_modified_time":"2025-04-15T16:33:34+00:00","og_image":[{"width":800,"height":800,"url":"https:\/\/equaid.com\/wp-content\/uploads\/2024\/07\/crema-facial-amb-llet-d-euga.jpg","type":"image\/jpeg"}],"twitter_card":"summary_large_image","twitter_misc":{"Temps estimat de lectura":"1 minut"},"schema":{"@context":"https:\/\/schema.org","@graph":[{"@type":"WebPage","@id":"https:\/\/equaid.com\/ca\/equaid\/cosmetica\/equaid-crema-facial-24h-50ml\/","url":"https:\/\/equaid.com\/ca\/equaid\/cosmetica\/equaid-crema-facial-24h-50ml\/","name":"eQuaid Crema Facial 24h (50ml) - eQuaid\u00ae Llet d&#039;euga | Botiga online","isPartOf":{"@id":"https:\/\/equaid.com\/ca\/#website"},"primaryImageOfPage":{"@id":"https:\/\/equaid.com\/ca\/equaid\/cosmetica\/equaid-crema-facial-24h-50ml\/#primaryimage"},"image":{"@id":"https:\/\/equaid.com\/ca\/equaid\/cosmetica\/equaid-crema-facial-24h-50ml\/#primaryimage"},"thumbnailUrl":"https:\/\/equaid.com\/wp-content\/uploads\/2024\/07\/crema-facial-amb-llet-d-euga.jpg","datePublished":"2024-07-02T13:34:45+00:00","dateModified":"2025-04-15T16:33:34+00:00","breadcrumb":{"@id":"https:\/\/equaid.com\/ca\/equaid\/cosmetica\/equaid-crema-facial-24h-50ml\/#breadcrumb"},"inLanguage":"ca","potentialAction":[{"@type":"ReadAction","target":["https:\/\/equaid.com\/ca\/equaid\/cosmetica\/equaid-crema-facial-24h-50ml\/"]}]},{"@type":"ImageObject","inLanguage":"ca","@id":"https:\/\/equaid.com\/ca\/equaid\/cosmetica\/equaid-crema-facial-24h-50ml\/#primaryimage","url":"https:\/\/equaid.com\/wp-content\/uploads\/2024\/07\/crema-facial-amb-llet-d-euga.jpg","contentUrl":"https:\/\/equaid.com\/wp-content\/uploads\/2024\/07\/crema-facial-amb-llet-d-euga.jpg","width":800,"height":800},{"@type":"BreadcrumbList","@id":"https:\/\/equaid.com\/ca\/equaid\/cosmetica\/equaid-crema-facial-24h-50ml\/#breadcrumb","itemListElement":[{"@type":"ListItem","position":1,"name":"Home","item":"https:\/\/equaid.com\/ca\/"},{"@type":"ListItem","position":2,"name":"Shop","item":"https:\/\/equaid.com\/ca\/shop\/"},{"@type":"ListItem","position":3,"name":"eQuaid Crema Facial 24h (50ml)"}]},{"@type":"WebSite","@id":"https:\/\/equaid.com\/ca\/#website","url":"https:\/\/equaid.com\/ca\/","name":"eQuaid\u00ae Llet d'euga | Botiga online","description":"","publisher":{"@id":"https:\/\/equaid.com\/ca\/#organization"},"potentialAction":[{"@type":"SearchAction","target":{"@type":"EntryPoint","urlTemplate":"https:\/\/equaid.com\/ca\/?s={search_term_string}"},"query-input":{"@type":"PropertyValueSpecification","valueRequired":true,"valueName":"search_term_string"}}],"inLanguage":"ca"},{"@type":"Organization","@id":"https:\/\/equaid.com\/ca\/#organization","name":"eQuaid\u00ae Llet d'euga | Botiga online","url":"https:\/\/equaid.com\/ca\/","logo":{"@type":"ImageObject","inLanguage":"ca","@id":"https:\/\/equaid.com\/ca\/#\/schema\/logo\/image\/","url":"https:\/\/equaid.com\/wp-content\/uploads\/2024\/06\/logo-granja.svg","contentUrl":"https:\/\/equaid.com\/wp-content\/uploads\/2024\/06\/logo-granja.svg","width":1,"height":1,"caption":"eQuaid\u00ae Llet d'euga | Botiga online"},"image":{"@id":"https:\/\/equaid.com\/ca\/#\/schema\/logo\/image\/"}}]}},"_links":{"self":[{"href":"https:\/\/equaid.com\/ca\/wp-json\/wp\/v2\/product\/1243","targetHints":{"allow":["GET"]}}],"collection":[{"href":"https:\/\/equaid.com\/ca\/wp-json\/wp\/v2\/product"}],"about":[{"href":"https:\/\/equaid.com\/ca\/wp-json\/wp\/v2\/types\/product"}],"replies":[{"embeddable":true,"href":"https:\/\/equaid.com\/ca\/wp-json\/wp\/v2\/comments?post=1243"}],"wp:featuredmedia":[{"embeddable":true,"href":"https:\/\/equaid.com\/ca\/wp-json\/wp\/v2\/media\/1244"}],"wp:attachment":[{"href":"https:\/\/equaid.com\/ca\/wp-json\/wp\/v2\/media?parent=1243"}],"wp:term":[{"taxonomy":"product_brand","embeddable":true,"href":"https:\/\/equaid.com\/ca\/wp-json\/wp\/v2\/product_brand?post=1243"},{"taxonomy":"product_cat","embeddable":true,"href":"https:\/\/equaid.com\/ca\/wp-json\/wp\/v2\/product_cat?post=1243"},{"taxonomy":"product_tag","embeddable":true,"href":"https:\/\/equaid.com\/ca\/wp-json\/wp\/v2\/product_tag?post=1243"}],"curies":[{"name":"wp","href":"https:\/\/api.w.org\/{rel}","templated":true}]}}