{"id":1237,"date":"2024-07-02T15:28:30","date_gmt":"2024-07-02T13:28:30","guid":{"rendered":"https:\/\/equaid.com\/?post_type=product&#038;p=1237"},"modified":"2024-10-01T13:26:56","modified_gmt":"2024-10-01T11:26:56","slug":"pomada-equaid-complet-40gr","status":"publish","type":"product","link":"https:\/\/equaid.com\/ca\/equaid\/cosmetica\/pomada-equaid-complet-40gr\/","title":{"rendered":"eQuaid Pomada (40gr)"},"content":{"rendered":"<p>La pomada amb llet d&#8217;euga aplicada sobre la pell ajuda a la seva protecci\u00f3, regeneraci\u00f3 i hidrataci\u00f3, deixant una extrema suavitat i sedositat a les zones on ha estat aplicada.<\/p>\n<p>La llet d&#8217;euga cont\u00e9 prote\u00efnes amb uns amino\u00e0cids concrets que s\u00f3n capa\u00e7os de passar al sistema sanguini de forma intacta.<\/p>\n<p>Diferents estudis m\u00e8dics indiquen que es pot utilitzar com a adjuvant per als tractaments de mucoses de la pell.<br \/>\nGr\u00e0cies al contingut de la llet d&#8217;euga que tamb\u00e9 pot ser absorbit per la pell ajuda en problemes d\u00e8rmics com:<\/p>\n<ul>\n<li>Psoriasi<\/li>\n<li>\u00c8czemes<\/li>\n<li>Pell at\u00f2pica<\/li>\n<li>Neurodermatitis<\/li>\n<li>Acne<\/li>\n<li>Callositats<\/li>\n<li>Pell deshidratada<\/li>\n<\/ul>\n","protected":false},"excerpt":{"rendered":"<p>Pomada formulada per a persones amb problemes d\u00e8rmics o alteracions a la pell.<\/p>\n<p>Aporta una combinaci\u00f3 de micronutrients, vitamines i enzims al microbioma de la dermis per a la seva estabilitzaci\u00f3 i regeneraci\u00f3.<br \/>\nAjuda molt al sanejament de la pell gr\u00e0cies a la seva elevada quantitat de llet d&#8217;euga (100mg\/g).<br \/>\nAbsorci\u00f3 r\u00e0pida que actua com a protecci\u00f3 pr\u00e8via i amb un perllongat efecte calmant.<\/p>\n","protected":false},"featured_media":8182,"comment_status":"open","ping_status":"closed","template":"","meta":{"_acf_changed":false},"product_brand":[],"product_cat":[18],"product_tag":[],"class_list":{"0":"post-1237","1":"product","2":"type-product","3":"status-publish","4":"has-post-thumbnail","6":"product_cat-cosmetica","8":"first","9":"instock","10":"taxable","11":"shipping-taxable","12":"purchasable","13":"product-type-simple"},"acf":[],"yoast_head":"<!-- This site is optimized with the Yoast SEO plugin v27.2 - https:\/\/yoast.com\/product\/yoast-seo-wordpress\/ -->\n<title>eQuaid Pomada (40gr) - eQuaid\u00ae Llet d&#039;euga | Botiga online<\/title>\n<meta name=\"robots\" content=\"index, follow, max-snippet:-1, max-image-preview:large, max-video-preview:-1\" \/>\n<link rel=\"canonical\" href=\"https:\/\/equaid.com\/ca\/equaid\/cosmetica\/pomada-equaid-complet-40gr\/\" \/>\n<meta property=\"og:locale\" content=\"ca_ES\" \/>\n<meta property=\"og:type\" content=\"article\" \/>\n<meta property=\"og:title\" content=\"eQuaid Pomada (40gr) - eQuaid\u00ae Llet d&#039;euga | Botiga online\" \/>\n<meta property=\"og:description\" content=\"Pomada formulada per a persones amb problemes d\u00e8rmics o alteracions a la pell.  Aporta una combinaci\u00f3 de micronutrients, vitamines i enzims al microbioma de la dermis per a la seva estabilitzaci\u00f3 i regeneraci\u00f3. Ajuda molt al sanejament de la pell gr\u00e0cies a la seva elevada quantitat de llet d&#039;euga (100mg\/g). Absorci\u00f3 r\u00e0pida que actua com a protecci\u00f3 pr\u00e8via i amb un perllongat efecte calmant.\" \/>\n<meta property=\"og:url\" content=\"https:\/\/equaid.com\/ca\/equaid\/cosmetica\/pomada-equaid-complet-40gr\/\" \/>\n<meta property=\"og:site_name\" content=\"eQuaid\u00ae Llet d&#039;euga | Botiga online\" \/>\n<meta property=\"article:modified_time\" content=\"2024-10-01T11:26:56+00:00\" \/>\n<meta property=\"og:image\" content=\"https:\/\/equaid.com\/wp-content\/uploads\/2024\/07\/eQuaid-Pomada-40gr.png\" \/>\n\t<meta property=\"og:image:width\" content=\"1897\" \/>\n\t<meta property=\"og:image:height\" content=\"2048\" \/>\n\t<meta property=\"og:image:type\" content=\"image\/png\" \/>\n<meta name=\"twitter:card\" content=\"summary_large_image\" \/>\n<meta name=\"twitter:label1\" content=\"Temps estimat de lectura\" \/>\n\t<meta name=\"twitter:data1\" content=\"1 minut\" \/>\n<script type=\"application\/ld+json\" class=\"yoast-schema-graph\">{\"@context\":\"https:\/\/schema.org\",\"@graph\":[{\"@type\":\"WebPage\",\"@id\":\"https:\/\/equaid.com\/ca\/equaid\/cosmetica\/pomada-equaid-complet-40gr\/\",\"url\":\"https:\/\/equaid.com\/ca\/equaid\/cosmetica\/pomada-equaid-complet-40gr\/\",\"name\":\"eQuaid Pomada (40gr) - eQuaid\u00ae Llet d&#039;euga | Botiga online\",\"isPartOf\":{\"@id\":\"https:\/\/equaid.com\/ca\/#website\"},\"primaryImageOfPage\":{\"@id\":\"https:\/\/equaid.com\/ca\/equaid\/cosmetica\/pomada-equaid-complet-40gr\/#primaryimage\"},\"image\":{\"@id\":\"https:\/\/equaid.com\/ca\/equaid\/cosmetica\/pomada-equaid-complet-40gr\/#primaryimage\"},\"thumbnailUrl\":\"https:\/\/equaid.com\/wp-content\/uploads\/2024\/07\/eQuaid-Pomada-40gr.png\",\"datePublished\":\"2024-07-02T13:28:30+00:00\",\"dateModified\":\"2024-10-01T11:26:56+00:00\",\"breadcrumb\":{\"@id\":\"https:\/\/equaid.com\/ca\/equaid\/cosmetica\/pomada-equaid-complet-40gr\/#breadcrumb\"},\"inLanguage\":\"ca\",\"potentialAction\":[{\"@type\":\"ReadAction\",\"target\":[\"https:\/\/equaid.com\/ca\/equaid\/cosmetica\/pomada-equaid-complet-40gr\/\"]}]},{\"@type\":\"ImageObject\",\"inLanguage\":\"ca\",\"@id\":\"https:\/\/equaid.com\/ca\/equaid\/cosmetica\/pomada-equaid-complet-40gr\/#primaryimage\",\"url\":\"https:\/\/equaid.com\/wp-content\/uploads\/2024\/07\/eQuaid-Pomada-40gr.png\",\"contentUrl\":\"https:\/\/equaid.com\/wp-content\/uploads\/2024\/07\/eQuaid-Pomada-40gr.png\",\"width\":1897,\"height\":2048},{\"@type\":\"BreadcrumbList\",\"@id\":\"https:\/\/equaid.com\/ca\/equaid\/cosmetica\/pomada-equaid-complet-40gr\/#breadcrumb\",\"itemListElement\":[{\"@type\":\"ListItem\",\"position\":1,\"name\":\"Home\",\"item\":\"https:\/\/equaid.com\/ca\/\"},{\"@type\":\"ListItem\",\"position\":2,\"name\":\"Shop\",\"item\":\"https:\/\/equaid.com\/ca\/shop\/\"},{\"@type\":\"ListItem\",\"position\":3,\"name\":\"eQuaid Pomada (40gr)\"}]},{\"@type\":\"WebSite\",\"@id\":\"https:\/\/equaid.com\/ca\/#website\",\"url\":\"https:\/\/equaid.com\/ca\/\",\"name\":\"eQuaid\u00ae Llet d'euga | Botiga online\",\"description\":\"\",\"publisher\":{\"@id\":\"https:\/\/equaid.com\/ca\/#organization\"},\"potentialAction\":[{\"@type\":\"SearchAction\",\"target\":{\"@type\":\"EntryPoint\",\"urlTemplate\":\"https:\/\/equaid.com\/ca\/?s={search_term_string}\"},\"query-input\":{\"@type\":\"PropertyValueSpecification\",\"valueRequired\":true,\"valueName\":\"search_term_string\"}}],\"inLanguage\":\"ca\"},{\"@type\":\"Organization\",\"@id\":\"https:\/\/equaid.com\/ca\/#organization\",\"name\":\"eQuaid\u00ae Llet d'euga | Botiga online\",\"url\":\"https:\/\/equaid.com\/ca\/\",\"logo\":{\"@type\":\"ImageObject\",\"inLanguage\":\"ca\",\"@id\":\"https:\/\/equaid.com\/ca\/#\/schema\/logo\/image\/\",\"url\":\"https:\/\/equaid.com\/wp-content\/uploads\/2024\/06\/logo-granja.svg\",\"contentUrl\":\"https:\/\/equaid.com\/wp-content\/uploads\/2024\/06\/logo-granja.svg\",\"width\":1,\"height\":1,\"caption\":\"eQuaid\u00ae Llet d'euga | Botiga online\"},\"image\":{\"@id\":\"https:\/\/equaid.com\/ca\/#\/schema\/logo\/image\/\"}}]}<\/script>\n<!-- \/ Yoast SEO plugin. -->","yoast_head_json":{"title":"eQuaid Pomada (40gr) - eQuaid\u00ae Llet d&#039;euga | Botiga online","robots":{"index":"index","follow":"follow","max-snippet":"max-snippet:-1","max-image-preview":"max-image-preview:large","max-video-preview":"max-video-preview:-1"},"canonical":"https:\/\/equaid.com\/ca\/equaid\/cosmetica\/pomada-equaid-complet-40gr\/","og_locale":"ca_ES","og_type":"article","og_title":"eQuaid Pomada (40gr) - eQuaid\u00ae Llet d&#039;euga | Botiga online","og_description":"Pomada formulada per a persones amb problemes d\u00e8rmics o alteracions a la pell.  Aporta una combinaci\u00f3 de micronutrients, vitamines i enzims al microbioma de la dermis per a la seva estabilitzaci\u00f3 i regeneraci\u00f3. Ajuda molt al sanejament de la pell gr\u00e0cies a la seva elevada quantitat de llet d'euga (100mg\/g). Absorci\u00f3 r\u00e0pida que actua com a protecci\u00f3 pr\u00e8via i amb un perllongat efecte calmant.","og_url":"https:\/\/equaid.com\/ca\/equaid\/cosmetica\/pomada-equaid-complet-40gr\/","og_site_name":"eQuaid\u00ae Llet d&#039;euga | Botiga online","article_modified_time":"2024-10-01T11:26:56+00:00","og_image":[{"width":1897,"height":2048,"url":"https:\/\/equaid.com\/wp-content\/uploads\/2024\/07\/eQuaid-Pomada-40gr.png","type":"image\/png"}],"twitter_card":"summary_large_image","twitter_misc":{"Temps estimat de lectura":"1 minut"},"schema":{"@context":"https:\/\/schema.org","@graph":[{"@type":"WebPage","@id":"https:\/\/equaid.com\/ca\/equaid\/cosmetica\/pomada-equaid-complet-40gr\/","url":"https:\/\/equaid.com\/ca\/equaid\/cosmetica\/pomada-equaid-complet-40gr\/","name":"eQuaid Pomada (40gr) - eQuaid\u00ae Llet d&#039;euga | Botiga online","isPartOf":{"@id":"https:\/\/equaid.com\/ca\/#website"},"primaryImageOfPage":{"@id":"https:\/\/equaid.com\/ca\/equaid\/cosmetica\/pomada-equaid-complet-40gr\/#primaryimage"},"image":{"@id":"https:\/\/equaid.com\/ca\/equaid\/cosmetica\/pomada-equaid-complet-40gr\/#primaryimage"},"thumbnailUrl":"https:\/\/equaid.com\/wp-content\/uploads\/2024\/07\/eQuaid-Pomada-40gr.png","datePublished":"2024-07-02T13:28:30+00:00","dateModified":"2024-10-01T11:26:56+00:00","breadcrumb":{"@id":"https:\/\/equaid.com\/ca\/equaid\/cosmetica\/pomada-equaid-complet-40gr\/#breadcrumb"},"inLanguage":"ca","potentialAction":[{"@type":"ReadAction","target":["https:\/\/equaid.com\/ca\/equaid\/cosmetica\/pomada-equaid-complet-40gr\/"]}]},{"@type":"ImageObject","inLanguage":"ca","@id":"https:\/\/equaid.com\/ca\/equaid\/cosmetica\/pomada-equaid-complet-40gr\/#primaryimage","url":"https:\/\/equaid.com\/wp-content\/uploads\/2024\/07\/eQuaid-Pomada-40gr.png","contentUrl":"https:\/\/equaid.com\/wp-content\/uploads\/2024\/07\/eQuaid-Pomada-40gr.png","width":1897,"height":2048},{"@type":"BreadcrumbList","@id":"https:\/\/equaid.com\/ca\/equaid\/cosmetica\/pomada-equaid-complet-40gr\/#breadcrumb","itemListElement":[{"@type":"ListItem","position":1,"name":"Home","item":"https:\/\/equaid.com\/ca\/"},{"@type":"ListItem","position":2,"name":"Shop","item":"https:\/\/equaid.com\/ca\/shop\/"},{"@type":"ListItem","position":3,"name":"eQuaid Pomada (40gr)"}]},{"@type":"WebSite","@id":"https:\/\/equaid.com\/ca\/#website","url":"https:\/\/equaid.com\/ca\/","name":"eQuaid\u00ae Llet d'euga | Botiga online","description":"","publisher":{"@id":"https:\/\/equaid.com\/ca\/#organization"},"potentialAction":[{"@type":"SearchAction","target":{"@type":"EntryPoint","urlTemplate":"https:\/\/equaid.com\/ca\/?s={search_term_string}"},"query-input":{"@type":"PropertyValueSpecification","valueRequired":true,"valueName":"search_term_string"}}],"inLanguage":"ca"},{"@type":"Organization","@id":"https:\/\/equaid.com\/ca\/#organization","name":"eQuaid\u00ae Llet d'euga | Botiga online","url":"https:\/\/equaid.com\/ca\/","logo":{"@type":"ImageObject","inLanguage":"ca","@id":"https:\/\/equaid.com\/ca\/#\/schema\/logo\/image\/","url":"https:\/\/equaid.com\/wp-content\/uploads\/2024\/06\/logo-granja.svg","contentUrl":"https:\/\/equaid.com\/wp-content\/uploads\/2024\/06\/logo-granja.svg","width":1,"height":1,"caption":"eQuaid\u00ae Llet d'euga | Botiga online"},"image":{"@id":"https:\/\/equaid.com\/ca\/#\/schema\/logo\/image\/"}}]}},"_links":{"self":[{"href":"https:\/\/equaid.com\/ca\/wp-json\/wp\/v2\/product\/1237","targetHints":{"allow":["GET"]}}],"collection":[{"href":"https:\/\/equaid.com\/ca\/wp-json\/wp\/v2\/product"}],"about":[{"href":"https:\/\/equaid.com\/ca\/wp-json\/wp\/v2\/types\/product"}],"replies":[{"embeddable":true,"href":"https:\/\/equaid.com\/ca\/wp-json\/wp\/v2\/comments?post=1237"}],"wp:featuredmedia":[{"embeddable":true,"href":"https:\/\/equaid.com\/ca\/wp-json\/wp\/v2\/media\/8182"}],"wp:attachment":[{"href":"https:\/\/equaid.com\/ca\/wp-json\/wp\/v2\/media?parent=1237"}],"wp:term":[{"taxonomy":"product_brand","embeddable":true,"href":"https:\/\/equaid.com\/ca\/wp-json\/wp\/v2\/product_brand?post=1237"},{"taxonomy":"product_cat","embeddable":true,"href":"https:\/\/equaid.com\/ca\/wp-json\/wp\/v2\/product_cat?post=1237"},{"taxonomy":"product_tag","embeddable":true,"href":"https:\/\/equaid.com\/ca\/wp-json\/wp\/v2\/product_tag?post=1237"}],"curies":[{"name":"wp","href":"https:\/\/api.w.org\/{rel}","templated":true}]}}