{"id":10555,"date":"2026-03-18T09:31:36","date_gmt":"2026-03-18T08:31:36","guid":{"rendered":"https:\/\/equaid.com\/?post_type=product&#038;p=10555"},"modified":"2026-03-20T14:38:31","modified_gmt":"2026-03-20T13:38:31","slug":"formatge-amb-llet-deuga","status":"publish","type":"product","link":"https:\/\/equaid.com\/ca\/equaid\/llet-deuga\/formatge-amb-llet-deuga\/","title":{"rendered":"Formatge amb llet d\u2019euga"},"content":{"rendered":"<p><span style=\"font-weight: 400;\">A eQuaid continuem innovant amb els nostres productes naturals, us presentem una combinaci\u00f3 molt especial: formatge elaborat amb llet de vaca i llet d\u2019euga.<\/span><\/p>\n<p><span style=\"font-weight: 400;\">La suavitat i lleugeresa de la llet d\u2019euga es fusiona amb la cremositat de la llet de vaca per crear un formatge \u00fanic, delicat i sorprenentment equilibrat. Un producte diferent, pensat per a qui busca nous sabors i una experi\u00e8ncia gastron\u00f2mica especial.<\/span><\/p>\n<p><span style=\"font-weight: 400;\">\ud83c\udf3f Natural<\/span><\/p>\n<p><span style=\"font-weight: 400;\">\ud83d\udc0e Amb llet d\u2019euga<\/span><\/p>\n<p><span style=\"font-weight: 400;\">\ud83e\uddc0 Sabor suau i textura cremosa<\/span><\/p>\n<p><span style=\"font-weight: 400;\">Descobreix-lo i deixa\u2019t sorprendre per una nova manera de gaudir del formatge.<\/span><\/p>\n<p><span style=\"font-weight: 400;\">Fem servir la llet d\u2019euga com un ingredient noble que actua com diamant i genera una alqu\u00edmia \u00fanica\u2026<\/span><\/p>\n<p><span style=\"font-weight: 400;\">La seva sola pres\u00e8ncia, en un 4 per 1.000, transforma l\u2019estructura del formatge, desbloquejant aromes i textures que la llet de vaca guarda sota clau.<\/span><\/p>\n<p><span style=\"font-weight: 400;\">Lisozima d\u2019euga, el filtre natural que purifica el formatge i desvetlla matisos \u00fanics.<\/span><\/p>\n<ol>\n<li style=\"font-weight: 400;\" aria-level=\"1\"><span style=\"font-weight: 400;\">Vista i textura de pasta: descobriu una crosta natural i una pasta color m\u00e0rfil cremosa al tall. Textura sedosa i fundent en boca gr\u00e0cies a l\u2019estructura del 3 per mil.<\/span><\/li>\n<li style=\"font-weight: 400;\" aria-level=\"1\"><span style=\"font-weight: 400;\">Aromes pures i complexes: Notes d\u2019herba fresca de muntanya, lacti dol\u00e7 i un toc suaude fuita seca. La llet d\u2019euga aporta una nitidesa arom\u00e0tica excepcional.<\/span><\/li>\n<li style=\"font-weight: 400;\" aria-level=\"1\"><span style=\"font-weight: 400;\">Gust presistent i elegant: Sabor equilibrat amb un Umami subtil, do\u00e7or presistent i una eleg\u00e0ncia sensorial inigualable.<\/span><\/li>\n<\/ol>\n","protected":false},"excerpt":{"rendered":"<p>A eQuaid continuem innovant amb els nostres productes naturals, us presentem una combinaci\u00f3 molt especial: formatge elaborat amb llet de vaca i llet d\u2019euga. La suavitat i lleugeresa de la llet d\u2019euga es fusiona amb la cremositat de la llet de vaca per crear un formatge \u00fanic, delicat i sorprenentment equilibrat. Un producte diferent, pensat [&hellip;]<\/p>\n","protected":false},"featured_media":10576,"comment_status":"open","ping_status":"closed","template":"","meta":{"_acf_changed":false},"product_brand":[],"product_cat":[19],"product_tag":[],"class_list":{"0":"post-10555","1":"product","2":"type-product","3":"status-publish","4":"has-post-thumbnail","6":"product_cat-llet-deuga","7":"product_shipping_class-formatge","9":"first","10":"instock","11":"taxable","12":"shipping-taxable","13":"purchasable","14":"product-type-simple"},"acf":[],"yoast_head":"<!-- This site is optimized with the Yoast SEO plugin v27.4 - https:\/\/yoast.com\/product\/yoast-seo-wordpress\/ -->\n<title>Formatge amb llet d\u2019euga - eQuaid\u00ae Llet d&#039;euga | Botiga online<\/title>\n<meta name=\"robots\" content=\"index, follow, max-snippet:-1, max-image-preview:large, max-video-preview:-1\" \/>\n<link rel=\"canonical\" href=\"https:\/\/equaid.com\/ca\/equaid\/llet-deuga\/formatge-amb-llet-deuga\/\" \/>\n<meta property=\"og:locale\" content=\"ca_ES\" \/>\n<meta property=\"og:type\" content=\"article\" \/>\n<meta property=\"og:title\" content=\"Formatge amb llet d\u2019euga - eQuaid\u00ae Llet d&#039;euga | Botiga online\" \/>\n<meta property=\"og:description\" content=\"A eQuaid continuem innovant amb els nostres productes naturals, us presentem una combinaci\u00f3 molt especial: formatge elaborat amb llet de vaca i llet d\u2019euga. La suavitat i lleugeresa de la llet d\u2019euga es fusiona amb la cremositat de la llet de vaca per crear un formatge \u00fanic, delicat i sorprenentment equilibrat. Un producte diferent, pensat [&hellip;]\" \/>\n<meta property=\"og:url\" content=\"https:\/\/equaid.com\/ca\/equaid\/llet-deuga\/formatge-amb-llet-deuga\/\" \/>\n<meta property=\"og:site_name\" content=\"eQuaid\u00ae Llet d&#039;euga | Botiga online\" \/>\n<meta property=\"article:modified_time\" content=\"2026-03-20T13:38:31+00:00\" \/>\n<meta property=\"og:image\" content=\"https:\/\/equaid.com\/wp-content\/uploads\/2026\/03\/2.png\" \/>\n\t<meta property=\"og:image:width\" content=\"1080\" \/>\n\t<meta property=\"og:image:height\" content=\"1080\" \/>\n\t<meta property=\"og:image:type\" content=\"image\/png\" \/>\n<meta name=\"twitter:card\" content=\"summary_large_image\" \/>\n<meta name=\"twitter:label1\" content=\"Temps estimat de lectura\" \/>\n\t<meta name=\"twitter:data1\" content=\"2 minuts\" \/>\n<script type=\"application\/ld+json\" class=\"yoast-schema-graph\">{\"@context\":\"https:\\\/\\\/schema.org\",\"@graph\":[{\"@type\":\"WebPage\",\"@id\":\"https:\\\/\\\/equaid.com\\\/ca\\\/equaid\\\/llet-deuga\\\/formatge-amb-llet-deuga\\\/\",\"url\":\"https:\\\/\\\/equaid.com\\\/ca\\\/equaid\\\/llet-deuga\\\/formatge-amb-llet-deuga\\\/\",\"name\":\"Formatge amb llet d\u2019euga - eQuaid\u00ae Llet d&#039;euga | Botiga online\",\"isPartOf\":{\"@id\":\"https:\\\/\\\/equaid.com\\\/ca\\\/#website\"},\"primaryImageOfPage\":{\"@id\":\"https:\\\/\\\/equaid.com\\\/ca\\\/equaid\\\/llet-deuga\\\/formatge-amb-llet-deuga\\\/#primaryimage\"},\"image\":{\"@id\":\"https:\\\/\\\/equaid.com\\\/ca\\\/equaid\\\/llet-deuga\\\/formatge-amb-llet-deuga\\\/#primaryimage\"},\"thumbnailUrl\":\"https:\\\/\\\/equaid.com\\\/wp-content\\\/uploads\\\/2026\\\/03\\\/2.png\",\"datePublished\":\"2026-03-18T08:31:36+00:00\",\"dateModified\":\"2026-03-20T13:38:31+00:00\",\"breadcrumb\":{\"@id\":\"https:\\\/\\\/equaid.com\\\/ca\\\/equaid\\\/llet-deuga\\\/formatge-amb-llet-deuga\\\/#breadcrumb\"},\"inLanguage\":\"ca\",\"potentialAction\":[{\"@type\":\"ReadAction\",\"target\":[\"https:\\\/\\\/equaid.com\\\/ca\\\/equaid\\\/llet-deuga\\\/formatge-amb-llet-deuga\\\/\"]}]},{\"@type\":\"ImageObject\",\"inLanguage\":\"ca\",\"@id\":\"https:\\\/\\\/equaid.com\\\/ca\\\/equaid\\\/llet-deuga\\\/formatge-amb-llet-deuga\\\/#primaryimage\",\"url\":\"https:\\\/\\\/equaid.com\\\/wp-content\\\/uploads\\\/2026\\\/03\\\/2.png\",\"contentUrl\":\"https:\\\/\\\/equaid.com\\\/wp-content\\\/uploads\\\/2026\\\/03\\\/2.png\",\"width\":1080,\"height\":1080},{\"@type\":\"BreadcrumbList\",\"@id\":\"https:\\\/\\\/equaid.com\\\/ca\\\/equaid\\\/llet-deuga\\\/formatge-amb-llet-deuga\\\/#breadcrumb\",\"itemListElement\":[{\"@type\":\"ListItem\",\"position\":1,\"name\":\"Home\",\"item\":\"https:\\\/\\\/equaid.com\\\/ca\\\/\"},{\"@type\":\"ListItem\",\"position\":2,\"name\":\"Shop\",\"item\":\"https:\\\/\\\/equaid.com\\\/ca\\\/shop\\\/\"},{\"@type\":\"ListItem\",\"position\":3,\"name\":\"Formatge amb llet d\u2019euga\"}]},{\"@type\":\"WebSite\",\"@id\":\"https:\\\/\\\/equaid.com\\\/ca\\\/#website\",\"url\":\"https:\\\/\\\/equaid.com\\\/ca\\\/\",\"name\":\"eQuaid\u00ae Llet d'euga | Botiga online\",\"description\":\"\",\"publisher\":{\"@id\":\"https:\\\/\\\/equaid.com\\\/ca\\\/#organization\"},\"potentialAction\":[{\"@type\":\"SearchAction\",\"target\":{\"@type\":\"EntryPoint\",\"urlTemplate\":\"https:\\\/\\\/equaid.com\\\/ca\\\/?s={search_term_string}\"},\"query-input\":{\"@type\":\"PropertyValueSpecification\",\"valueRequired\":true,\"valueName\":\"search_term_string\"}}],\"inLanguage\":\"ca\"},{\"@type\":\"Organization\",\"@id\":\"https:\\\/\\\/equaid.com\\\/ca\\\/#organization\",\"name\":\"eQuaid\u00ae Llet d'euga | Botiga online\",\"url\":\"https:\\\/\\\/equaid.com\\\/ca\\\/\",\"logo\":{\"@type\":\"ImageObject\",\"inLanguage\":\"ca\",\"@id\":\"https:\\\/\\\/equaid.com\\\/ca\\\/#\\\/schema\\\/logo\\\/image\\\/\",\"url\":\"https:\\\/\\\/equaid.com\\\/wp-content\\\/uploads\\\/2024\\\/06\\\/logo-granja.svg\",\"contentUrl\":\"https:\\\/\\\/equaid.com\\\/wp-content\\\/uploads\\\/2024\\\/06\\\/logo-granja.svg\",\"width\":1,\"height\":1,\"caption\":\"eQuaid\u00ae Llet d'euga | Botiga online\"},\"image\":{\"@id\":\"https:\\\/\\\/equaid.com\\\/ca\\\/#\\\/schema\\\/logo\\\/image\\\/\"}}]}<\/script>\n<!-- \/ Yoast SEO plugin. -->","yoast_head_json":{"title":"Formatge amb llet d\u2019euga - eQuaid\u00ae Llet d&#039;euga | Botiga online","robots":{"index":"index","follow":"follow","max-snippet":"max-snippet:-1","max-image-preview":"max-image-preview:large","max-video-preview":"max-video-preview:-1"},"canonical":"https:\/\/equaid.com\/ca\/equaid\/llet-deuga\/formatge-amb-llet-deuga\/","og_locale":"ca_ES","og_type":"article","og_title":"Formatge amb llet d\u2019euga - eQuaid\u00ae Llet d&#039;euga | Botiga online","og_description":"A eQuaid continuem innovant amb els nostres productes naturals, us presentem una combinaci\u00f3 molt especial: formatge elaborat amb llet de vaca i llet d\u2019euga. La suavitat i lleugeresa de la llet d\u2019euga es fusiona amb la cremositat de la llet de vaca per crear un formatge \u00fanic, delicat i sorprenentment equilibrat. Un producte diferent, pensat [&hellip;]","og_url":"https:\/\/equaid.com\/ca\/equaid\/llet-deuga\/formatge-amb-llet-deuga\/","og_site_name":"eQuaid\u00ae Llet d&#039;euga | Botiga online","article_modified_time":"2026-03-20T13:38:31+00:00","og_image":[{"width":1080,"height":1080,"url":"https:\/\/equaid.com\/wp-content\/uploads\/2026\/03\/2.png","type":"image\/png"}],"twitter_card":"summary_large_image","twitter_misc":{"Temps estimat de lectura":"2 minuts"},"schema":{"@context":"https:\/\/schema.org","@graph":[{"@type":"WebPage","@id":"https:\/\/equaid.com\/ca\/equaid\/llet-deuga\/formatge-amb-llet-deuga\/","url":"https:\/\/equaid.com\/ca\/equaid\/llet-deuga\/formatge-amb-llet-deuga\/","name":"Formatge amb llet d\u2019euga - eQuaid\u00ae Llet d&#039;euga | Botiga online","isPartOf":{"@id":"https:\/\/equaid.com\/ca\/#website"},"primaryImageOfPage":{"@id":"https:\/\/equaid.com\/ca\/equaid\/llet-deuga\/formatge-amb-llet-deuga\/#primaryimage"},"image":{"@id":"https:\/\/equaid.com\/ca\/equaid\/llet-deuga\/formatge-amb-llet-deuga\/#primaryimage"},"thumbnailUrl":"https:\/\/equaid.com\/wp-content\/uploads\/2026\/03\/2.png","datePublished":"2026-03-18T08:31:36+00:00","dateModified":"2026-03-20T13:38:31+00:00","breadcrumb":{"@id":"https:\/\/equaid.com\/ca\/equaid\/llet-deuga\/formatge-amb-llet-deuga\/#breadcrumb"},"inLanguage":"ca","potentialAction":[{"@type":"ReadAction","target":["https:\/\/equaid.com\/ca\/equaid\/llet-deuga\/formatge-amb-llet-deuga\/"]}]},{"@type":"ImageObject","inLanguage":"ca","@id":"https:\/\/equaid.com\/ca\/equaid\/llet-deuga\/formatge-amb-llet-deuga\/#primaryimage","url":"https:\/\/equaid.com\/wp-content\/uploads\/2026\/03\/2.png","contentUrl":"https:\/\/equaid.com\/wp-content\/uploads\/2026\/03\/2.png","width":1080,"height":1080},{"@type":"BreadcrumbList","@id":"https:\/\/equaid.com\/ca\/equaid\/llet-deuga\/formatge-amb-llet-deuga\/#breadcrumb","itemListElement":[{"@type":"ListItem","position":1,"name":"Home","item":"https:\/\/equaid.com\/ca\/"},{"@type":"ListItem","position":2,"name":"Shop","item":"https:\/\/equaid.com\/ca\/shop\/"},{"@type":"ListItem","position":3,"name":"Formatge amb llet d\u2019euga"}]},{"@type":"WebSite","@id":"https:\/\/equaid.com\/ca\/#website","url":"https:\/\/equaid.com\/ca\/","name":"eQuaid\u00ae Llet d'euga | Botiga online","description":"","publisher":{"@id":"https:\/\/equaid.com\/ca\/#organization"},"potentialAction":[{"@type":"SearchAction","target":{"@type":"EntryPoint","urlTemplate":"https:\/\/equaid.com\/ca\/?s={search_term_string}"},"query-input":{"@type":"PropertyValueSpecification","valueRequired":true,"valueName":"search_term_string"}}],"inLanguage":"ca"},{"@type":"Organization","@id":"https:\/\/equaid.com\/ca\/#organization","name":"eQuaid\u00ae Llet d'euga | Botiga online","url":"https:\/\/equaid.com\/ca\/","logo":{"@type":"ImageObject","inLanguage":"ca","@id":"https:\/\/equaid.com\/ca\/#\/schema\/logo\/image\/","url":"https:\/\/equaid.com\/wp-content\/uploads\/2024\/06\/logo-granja.svg","contentUrl":"https:\/\/equaid.com\/wp-content\/uploads\/2024\/06\/logo-granja.svg","width":1,"height":1,"caption":"eQuaid\u00ae Llet d'euga | Botiga online"},"image":{"@id":"https:\/\/equaid.com\/ca\/#\/schema\/logo\/image\/"}}]}},"_links":{"self":[{"href":"https:\/\/equaid.com\/ca\/wp-json\/wp\/v2\/product\/10555","targetHints":{"allow":["GET"]}}],"collection":[{"href":"https:\/\/equaid.com\/ca\/wp-json\/wp\/v2\/product"}],"about":[{"href":"https:\/\/equaid.com\/ca\/wp-json\/wp\/v2\/types\/product"}],"replies":[{"embeddable":true,"href":"https:\/\/equaid.com\/ca\/wp-json\/wp\/v2\/comments?post=10555"}],"wp:featuredmedia":[{"embeddable":true,"href":"https:\/\/equaid.com\/ca\/wp-json\/wp\/v2\/media\/10576"}],"wp:attachment":[{"href":"https:\/\/equaid.com\/ca\/wp-json\/wp\/v2\/media?parent=10555"}],"wp:term":[{"taxonomy":"product_brand","embeddable":true,"href":"https:\/\/equaid.com\/ca\/wp-json\/wp\/v2\/product_brand?post=10555"},{"taxonomy":"product_cat","embeddable":true,"href":"https:\/\/equaid.com\/ca\/wp-json\/wp\/v2\/product_cat?post=10555"},{"taxonomy":"product_tag","embeddable":true,"href":"https:\/\/equaid.com\/ca\/wp-json\/wp\/v2\/product_tag?post=10555"}],"curies":[{"name":"wp","href":"https:\/\/api.w.org\/{rel}","templated":true}]}}