{"id":3942,"date":"2024-09-12T13:22:39","date_gmt":"2024-09-12T11:22:39","guid":{"rendered":"https:\/\/equaid.com\/?page_id=3942"},"modified":"2024-09-12T13:41:16","modified_gmt":"2024-09-12T11:41:16","slug":"avis-legal","status":"publish","type":"page","link":"https:\/\/equaid.com\/ca\/avis-legal\/","title":{"rendered":"Av\u00eds legal"},"content":{"rendered":"\n<p><br>En compliment de la Llei 34\/2002,\u00a0de 11\u00a0de juliol, de serveis de la societat de la informaci\u00f3 i de comer\u00e7 electr\u00f2nic, Associaci\u00f3\u00a0eQuaid\u00a0l&#8217;informa que \u00e9s titular del\u00a0website\u00a0EQUAID.COM,\u00a0EQUAID.ORG,.\u00a0D&#8217;acord amb l&#8217;exig\u00e8ncia de l&#8217;article 10 de l&#8217;esmentada Llei, Associaci\u00f3\u00a0eQuaid\u00a0informa de les seg\u00fcents dades: El titular d&#8217;aquesta p\u00e0gina web \u00e9s Associaci\u00f3\u00a0eQuaid, amb CIF\u00a0G55131908\u00a0i domicili social en Associaci\u00f3\u00a0eQuaid; MAS EL PLA, Puigpardines, LA VALL D&#8217;EN\u00a0BAS\u00a0Inscrita a la Secci\u00f3\u00a01\u00aa\u00a0del\u00a0Registre d&#8217;Associacions de la Generalitat l&#8217;Associaci\u00f3 denominada Associaci\u00f3\u00a0eQuaid, de Vall donin Bas (Girona). L&#8217;adre\u00e7a de correu electr\u00f2nic de contacte amb l&#8217;empresa \u00e9s juti@equaid.org<\/p>\n\n\n\n<h2 class=\"wp-block-heading\">Usuari i r\u00e8gim de responsabilitats<\/h2>\n\n\n\n<p>La navegaci\u00f3, acc\u00e9s i \u00fas per les&nbsp;websites&nbsp;d&#8217;Associaci\u00f3&nbsp;eQuaid&nbsp;confereix la condici\u00f3 d&#8217;usuari, per la que s&#8217;accepten, des de la navegaci\u00f3 per les p\u00e0gines d&#8217;Associaci\u00f3&nbsp;eQuaid, totes les condicions d&#8217;\u00fas aqu\u00ed establertes sense perjudici de l&#8217;aplicaci\u00f3 de la corresponent normativa d&#8217;obligat compliment legal segons el cas.<br><br>Les p\u00e0gines web d&#8217;Associaci\u00f3&nbsp;eQuaid&nbsp;proporcionen gran diversitat d&#8217;informaci\u00f3, serveis i dades. L&#8217;usuari assumeix la seva responsabilitat en l&#8217;\u00fas correcte de les&nbsp;websites. Aquesta responsabilitat s&#8217;estendr\u00e0 a:<br><br>La veracitat i licitud de les informacions aportades per l&#8217;usuari en els formularis facilitats per Associaci\u00f3&nbsp;eQuaid&nbsp;per a l&#8217;acc\u00e9s a determinats continguts o serveis oferts per les webs. Tamb\u00e9 ser\u00e0 responsable de l&#8217;\u00fas que li doni a les claus d&#8217;acc\u00e9s que hagi obtingut amb la complementaci\u00f3 dels formularis mencionats.<br>L&#8217;\u00fas&nbsp;de&nbsp;la informaci\u00f3, serveis i dades ofertes per Associaci\u00f3&nbsp;eQuaid&nbsp;contr\u00e0riament a&nbsp;el que disposa&nbsp;per les presents condicions, la Llei, la moral, els bons costums o l&#8217;ordre p\u00fablic, o que de qualsevol&nbsp;altra&nbsp;forma pugui suposar lesi\u00f3 dels drets de tercers o&nbsp;del&nbsp;mateix funcionament de les&nbsp;websites.<\/p>\n\n\n\n<h2 class=\"wp-block-heading\"><strong>Pol\u00edtica d&#8217;enlla\u00e7os i exempcions de&nbsp;responsabibidad<\/strong><\/h2>\n\n\n\n<p>Associaci\u00f3&nbsp;eQuaid&nbsp;no es fa responsable del contingut&nbsp;de les p\u00e0gines web&nbsp;a les quals&nbsp;l&#8217;usuari pugui accedir a trav\u00e9s dels enlla\u00e7os establerts en les seves&nbsp;websites&nbsp;i declara que en cap cas procedir\u00e0 a examinar o exercitar cap&nbsp;tipus&nbsp;de control sobre el contingut d&#8217;altres p\u00e0gines de la xarxa.<br>Aix\u00ed mateix, tampoc garantir\u00e0 la disponibilitat t\u00e8cnica, exactitud, veracitat, validesa o legalitat de p\u00e0gines alienes a la seva propietat a les que es pugui accedir per mitj\u00e0 dels enlla\u00e7os.<br><br>Associaci\u00f3&nbsp;eQuaid&nbsp;declara haver adoptat totes les mesures necess\u00e0ries per evitar qualsevol dany que, als usuaris del seu&nbsp;website, poguessin derivar-se de la navegaci\u00f3 per les seves p\u00e0gines web. En conseq\u00fc\u00e8ncia, Associaci\u00f3&nbsp;eQuaid&nbsp;no es fa responsable, en cap cas, dels eventuals danys que per la navegaci\u00f3 per Internet pogu\u00e9s patir l&#8217;usuari.<\/p>\n\n\n\n<h2 class=\"wp-block-heading\"><strong><br>Modificacions<\/strong><\/h2>\n\n\n\n<p>Associaci\u00f3&nbsp;eQuaid&nbsp;es reserva el dret a realitzar les modificacions que consideri oportunes, sense av\u00eds previ, en el contingut dels seus llocs web. Tant pel que fa als continguts de les&nbsp;websites, com en les condicions d&#8217;\u00fas de les mateixes o en les condicions generals de contractaci\u00f3. Aquestes modificacions podran realitzar-se, a trav\u00e9s dels seus&nbsp;websites, de qualsevol forma admissible en dret i seran d&#8217;obligat compliment durant el temps&nbsp;en qu\u00e8&nbsp;es trobin publicades en la web i fins que no siguin modificades v\u00e0lidament per altres posteriors<strong>.<\/strong><\/p>\n\n\n\n<h2 class=\"wp-block-heading\"><strong><br>Reserva de&nbsp;cookies<\/strong><\/h2>\n\n\n\n<p>Associaci\u00f3&nbsp;eQuaid&nbsp;es reserva el dret d&#8217;utilitzar&nbsp;cookies&nbsp;en la navegaci\u00f3 de l&#8217;usuari per les seves&nbsp;websites&nbsp;per facilitar la personalitzaci\u00f3 i comoditat de la navegaci\u00f3. Seguint la pol\u00edtica de protecci\u00f3 de dades de l&#8217;empresa Associaci\u00f3&nbsp;eQuaid&nbsp;informa que les&nbsp;cookies&nbsp;s&#8217;associen a l&#8217;usuari an\u00f2nim i al seu ordinador, i no proporcionen per si el nom i cognoms de l&#8217;usuari.<br><br>L&#8217;usuari t\u00e9 la possibilitat de configurar el seu navegador de manera que se&nbsp;l&#8217;informi&nbsp;de la recepci\u00f3 de&nbsp;cookies, podent, si aix\u00ed ho desitja, impedir que siguin instal\u00b7lades en el seu disc dur.&nbsp;No obstant aix\u00f2, per l&#8217;acc\u00e9s a les&nbsp;websites&nbsp;d&#8217;Associaci\u00f3&nbsp;eQuaid&nbsp;no ser\u00e0 preceptiva la instal\u00b7laci\u00f3 de&nbsp;cookies.<\/p>\n\n\n\n<h2 class=\"wp-block-heading\">Protecci\u00f3 de dades<\/h2>\n\n\n\n<p>De conformitat amb el que estableix la Llei Org\u00e0nica 15\/1999 de Protecci\u00f3 de Dades de Car\u00e0cter Personal, Associaci\u00f3&nbsp;eQuaid&nbsp;informa els&nbsp;usuaris de les seves&nbsp;websites&nbsp;de qu\u00e8&nbsp;les dades personals recollides per l&#8217;empresa mitjan\u00e7ant els formularis facilitats a les seves p\u00e0gines, seran introdu\u00efts en un fitxer automatitzat sota la responsabilitat Associaci\u00f3&nbsp;eQuaid, amb la finalitat de poder facilitar, agilitzar i complir els compromisos establerts entre ambdues parts.<br><br>Aix\u00ed mateix, Associaci\u00f3&nbsp;eQuaid&nbsp;informa de la possibilitat d&#8217;exercir els drets d&#8217;acc\u00e9s, cancel\u00b7laci\u00f3, rectificaci\u00f3 i oposici\u00f3 mitjan\u00e7ant un escrit a l&#8217;adre\u00e7a Associaci\u00f3&nbsp;eQuaid; Mas el Pla, Puigpardines, la vall d&#8217;en Bas.<br><br>Mentre no ens comuniqui el contrari, entendrem que les seves dades no han estat modificades, que vost\u00e8 es compromet a notificar-nos qualsevol variaci\u00f3 i que tenim el consentiment per utilitzar-los a fi de poder fidelitzar la relaci\u00f3 entre les parts.<\/p>\n\n\n\n<h2 class=\"wp-block-heading\"><br>Propietat&nbsp;intel\u00b7lectual<\/h2>\n\n\n\n<p>Els drets de propietat intel\u00b7lectual i industrial derivats de tots els textos, imatges, aix\u00ed com dels mitjans i formes de presentaci\u00f3 i muntatge de les seves p\u00e0gines pertanyen, per si o com a cession\u00e0ria, a Associaci\u00f3&nbsp;eQuaid. Seran, per tant, obres protegides com a propietat intel\u00b7lectual per l&#8217;ordenament jur\u00eddic espanyol, si endoles d&#8217;aplicaci\u00f3 tant la normativa espanyola i comunit\u00e0ria en aquest camp, com els tractats internacionals relatius a la mat\u00e8ria i subscrits per Espanya.<br><br>Tots els drets reservats. En compliment de la Llei de la Propietat Intel\u00b7lectual es prohibeix expressament la reproducci\u00f3, distribuci\u00f3, comunicaci\u00f3 p\u00fablica i utilitzaci\u00f3, de la totalitat o part dels continguts de les seves p\u00e0gines web sense el consentiment expr\u00e9s&nbsp;de l&#8217;Associaci\u00f3&nbsp;eQuaid.<\/p>\n\n\n\n<h2 class=\"wp-block-heading\"><br>Accions legals, legislaci\u00f3 aplicable i jurisdicci\u00f3<\/h2>\n\n\n\n<p>Associaci\u00f3&nbsp;eQuaid&nbsp;es reserva aix\u00ed mateix la facultat de presentar les accions civils o penals que consideri oportunes per la utilitzaci\u00f3 indeguda de les seves p\u00e0gines web i continguts o per l&#8217;incompliment de les presents condicions.<br><br>La relaci\u00f3 entre l&#8217;usuari i Associaci\u00f3&nbsp;eQuaid&nbsp;es regia per la normativa espanyola vigent i seran competents per a decidir sobre qualsevol controv\u00e8rsia que es pogu\u00e9s suscitar entre l&#8217;usuari i Associaci\u00f3&nbsp;eQuaid, els jutjats o tribunals propis de la localitat&nbsp;d&#8217;OLOT.<\/p>\n\n\n\n<h2 class=\"wp-block-heading\"><strong><br>Transaccions amb targetes de cr\u00e8dit. (TPV)<\/strong><\/h2>\n\n\n\n<p>&#8220;Aquest comerciant es compromet a no permetre cap transacci\u00f3 que sigui il\u00b7legal, o es consideri per les marques de targetes de cr\u00e8dit o el banc adquirent, que pugui o tingui el potencial de danyar la bona voluntat dels mateixos o influir de manera negativa en ells. Les seg\u00fcents activitats estan prohibides en virtut dels programes de les marques de targetes: la venda o oferta d&#8217;un producte o servei que no sigui de plena conformitat amb totes les lleis aplicables a l&#8217;comprador, banc emissor, Comerciant, Titular de la targeta, o tarjetas. A m\u00e9s a m\u00e9s, les seg\u00fcents activitats tamb\u00e9 estan prohibides expl\u00edcitament:<br><br>-Vendre medicaments &#8220;.<\/p>\n","protected":false},"excerpt":{"rendered":"<p>En compliment de la Llei 34\/2002,\u00a0de 11\u00a0de juliol, de serveis de la societat de la informaci\u00f3 i de comer\u00e7 electr\u00f2nic, Associaci\u00f3\u00a0eQuaid\u00a0l&#8217;informa que \u00e9s titular del\u00a0website\u00a0EQUAID.COM,\u00a0EQUAID.ORG,.\u00a0D&#8217;acord amb l&#8217;exig\u00e8ncia de l&#8217;article 10 de l&#8217;esmentada Llei, Associaci\u00f3\u00a0eQuaid\u00a0informa de les seg\u00fcents dades: El titular d&#8217;aquesta p\u00e0gina web \u00e9s Associaci\u00f3\u00a0eQuaid, amb CIF\u00a0G55131908\u00a0i domicili social en Associaci\u00f3\u00a0eQuaid; MAS EL PLA, Puigpardines, [&hellip;]<\/p>\n","protected":false},"author":1,"featured_media":0,"parent":0,"menu_order":0,"comment_status":"closed","ping_status":"closed","template":"","meta":{"_acf_changed":false,"footnotes":""},"class_list":["post-3942","page","type-page","status-publish","hentry"],"acf":[],"yoast_head":"<!-- This site is optimized with the Yoast SEO plugin v27.4 - https:\/\/yoast.com\/product\/yoast-seo-wordpress\/ -->\n<title>Av\u00eds legal - eQuaid\u00ae Llet d&#039;euga | Botiga online<\/title>\n<meta name=\"robots\" content=\"index, follow, max-snippet:-1, max-image-preview:large, max-video-preview:-1\" \/>\n<link rel=\"canonical\" href=\"https:\/\/equaid.com\/ca\/avis-legal\/\" \/>\n<meta property=\"og:locale\" content=\"ca_ES\" \/>\n<meta property=\"og:type\" content=\"article\" \/>\n<meta property=\"og:title\" content=\"Av\u00eds legal - eQuaid\u00ae Llet d&#039;euga | Botiga online\" \/>\n<meta property=\"og:description\" content=\"En compliment de la Llei 34\/2002,\u00a0de 11\u00a0de juliol, de serveis de la societat de la informaci\u00f3 i de comer\u00e7 electr\u00f2nic, Associaci\u00f3\u00a0eQuaid\u00a0l&#8217;informa que \u00e9s titular del\u00a0website\u00a0EQUAID.COM,\u00a0EQUAID.ORG,.\u00a0D&#8217;acord amb l&#8217;exig\u00e8ncia de l&#8217;article 10 de l&#8217;esmentada Llei, Associaci\u00f3\u00a0eQuaid\u00a0informa de les seg\u00fcents dades: El titular d&#8217;aquesta p\u00e0gina web \u00e9s Associaci\u00f3\u00a0eQuaid, amb CIF\u00a0G55131908\u00a0i domicili social en Associaci\u00f3\u00a0eQuaid; MAS EL PLA, Puigpardines, [&hellip;]\" \/>\n<meta property=\"og:url\" content=\"https:\/\/equaid.com\/ca\/avis-legal\/\" \/>\n<meta property=\"og:site_name\" content=\"eQuaid\u00ae Llet d&#039;euga | Botiga online\" \/>\n<meta property=\"article:modified_time\" content=\"2024-09-12T11:41:16+00:00\" \/>\n<meta name=\"twitter:card\" content=\"summary_large_image\" \/>\n<meta name=\"twitter:label1\" content=\"Temps estimat de lectura\" \/>\n\t<meta name=\"twitter:data1\" content=\"6 minuts\" \/>\n<script type=\"application\/ld+json\" class=\"yoast-schema-graph\">{\"@context\":\"https:\\\/\\\/schema.org\",\"@graph\":[{\"@type\":\"WebPage\",\"@id\":\"https:\\\/\\\/equaid.com\\\/ca\\\/avis-legal\\\/\",\"url\":\"https:\\\/\\\/equaid.com\\\/ca\\\/avis-legal\\\/\",\"name\":\"Av\u00eds legal - eQuaid\u00ae Llet d&#039;euga | Botiga online\",\"isPartOf\":{\"@id\":\"https:\\\/\\\/equaid.com\\\/ca\\\/#website\"},\"datePublished\":\"2024-09-12T11:22:39+00:00\",\"dateModified\":\"2024-09-12T11:41:16+00:00\",\"breadcrumb\":{\"@id\":\"https:\\\/\\\/equaid.com\\\/ca\\\/avis-legal\\\/#breadcrumb\"},\"inLanguage\":\"ca\",\"potentialAction\":[{\"@type\":\"ReadAction\",\"target\":[\"https:\\\/\\\/equaid.com\\\/ca\\\/avis-legal\\\/\"]}]},{\"@type\":\"BreadcrumbList\",\"@id\":\"https:\\\/\\\/equaid.com\\\/ca\\\/avis-legal\\\/#breadcrumb\",\"itemListElement\":[{\"@type\":\"ListItem\",\"position\":1,\"name\":\"Home\",\"item\":\"https:\\\/\\\/equaid.com\\\/ca\\\/\"},{\"@type\":\"ListItem\",\"position\":2,\"name\":\"Av\u00eds legal\"}]},{\"@type\":\"WebSite\",\"@id\":\"https:\\\/\\\/equaid.com\\\/ca\\\/#website\",\"url\":\"https:\\\/\\\/equaid.com\\\/ca\\\/\",\"name\":\"eQuaid\u00ae Llet d'euga | Botiga online\",\"description\":\"\",\"publisher\":{\"@id\":\"https:\\\/\\\/equaid.com\\\/ca\\\/#organization\"},\"potentialAction\":[{\"@type\":\"SearchAction\",\"target\":{\"@type\":\"EntryPoint\",\"urlTemplate\":\"https:\\\/\\\/equaid.com\\\/ca\\\/?s={search_term_string}\"},\"query-input\":{\"@type\":\"PropertyValueSpecification\",\"valueRequired\":true,\"valueName\":\"search_term_string\"}}],\"inLanguage\":\"ca\"},{\"@type\":\"Organization\",\"@id\":\"https:\\\/\\\/equaid.com\\\/ca\\\/#organization\",\"name\":\"eQuaid\u00ae Llet d'euga | Botiga online\",\"url\":\"https:\\\/\\\/equaid.com\\\/ca\\\/\",\"logo\":{\"@type\":\"ImageObject\",\"inLanguage\":\"ca\",\"@id\":\"https:\\\/\\\/equaid.com\\\/ca\\\/#\\\/schema\\\/logo\\\/image\\\/\",\"url\":\"https:\\\/\\\/equaid.com\\\/wp-content\\\/uploads\\\/2024\\\/06\\\/logo-granja.svg\",\"contentUrl\":\"https:\\\/\\\/equaid.com\\\/wp-content\\\/uploads\\\/2024\\\/06\\\/logo-granja.svg\",\"width\":1,\"height\":1,\"caption\":\"eQuaid\u00ae Llet d'euga | Botiga online\"},\"image\":{\"@id\":\"https:\\\/\\\/equaid.com\\\/ca\\\/#\\\/schema\\\/logo\\\/image\\\/\"}}]}<\/script>\n<!-- \/ Yoast SEO plugin. -->","yoast_head_json":{"title":"Av\u00eds legal - eQuaid\u00ae Llet d&#039;euga | Botiga online","robots":{"index":"index","follow":"follow","max-snippet":"max-snippet:-1","max-image-preview":"max-image-preview:large","max-video-preview":"max-video-preview:-1"},"canonical":"https:\/\/equaid.com\/ca\/avis-legal\/","og_locale":"ca_ES","og_type":"article","og_title":"Av\u00eds legal - eQuaid\u00ae Llet d&#039;euga | Botiga online","og_description":"En compliment de la Llei 34\/2002,\u00a0de 11\u00a0de juliol, de serveis de la societat de la informaci\u00f3 i de comer\u00e7 electr\u00f2nic, Associaci\u00f3\u00a0eQuaid\u00a0l&#8217;informa que \u00e9s titular del\u00a0website\u00a0EQUAID.COM,\u00a0EQUAID.ORG,.\u00a0D&#8217;acord amb l&#8217;exig\u00e8ncia de l&#8217;article 10 de l&#8217;esmentada Llei, Associaci\u00f3\u00a0eQuaid\u00a0informa de les seg\u00fcents dades: El titular d&#8217;aquesta p\u00e0gina web \u00e9s Associaci\u00f3\u00a0eQuaid, amb CIF\u00a0G55131908\u00a0i domicili social en Associaci\u00f3\u00a0eQuaid; MAS EL PLA, Puigpardines, [&hellip;]","og_url":"https:\/\/equaid.com\/ca\/avis-legal\/","og_site_name":"eQuaid\u00ae Llet d&#039;euga | Botiga online","article_modified_time":"2024-09-12T11:41:16+00:00","twitter_card":"summary_large_image","twitter_misc":{"Temps estimat de lectura":"6 minuts"},"schema":{"@context":"https:\/\/schema.org","@graph":[{"@type":"WebPage","@id":"https:\/\/equaid.com\/ca\/avis-legal\/","url":"https:\/\/equaid.com\/ca\/avis-legal\/","name":"Av\u00eds legal - eQuaid\u00ae Llet d&#039;euga | Botiga online","isPartOf":{"@id":"https:\/\/equaid.com\/ca\/#website"},"datePublished":"2024-09-12T11:22:39+00:00","dateModified":"2024-09-12T11:41:16+00:00","breadcrumb":{"@id":"https:\/\/equaid.com\/ca\/avis-legal\/#breadcrumb"},"inLanguage":"ca","potentialAction":[{"@type":"ReadAction","target":["https:\/\/equaid.com\/ca\/avis-legal\/"]}]},{"@type":"BreadcrumbList","@id":"https:\/\/equaid.com\/ca\/avis-legal\/#breadcrumb","itemListElement":[{"@type":"ListItem","position":1,"name":"Home","item":"https:\/\/equaid.com\/ca\/"},{"@type":"ListItem","position":2,"name":"Av\u00eds legal"}]},{"@type":"WebSite","@id":"https:\/\/equaid.com\/ca\/#website","url":"https:\/\/equaid.com\/ca\/","name":"eQuaid\u00ae Llet d'euga | Botiga online","description":"","publisher":{"@id":"https:\/\/equaid.com\/ca\/#organization"},"potentialAction":[{"@type":"SearchAction","target":{"@type":"EntryPoint","urlTemplate":"https:\/\/equaid.com\/ca\/?s={search_term_string}"},"query-input":{"@type":"PropertyValueSpecification","valueRequired":true,"valueName":"search_term_string"}}],"inLanguage":"ca"},{"@type":"Organization","@id":"https:\/\/equaid.com\/ca\/#organization","name":"eQuaid\u00ae Llet d'euga | Botiga online","url":"https:\/\/equaid.com\/ca\/","logo":{"@type":"ImageObject","inLanguage":"ca","@id":"https:\/\/equaid.com\/ca\/#\/schema\/logo\/image\/","url":"https:\/\/equaid.com\/wp-content\/uploads\/2024\/06\/logo-granja.svg","contentUrl":"https:\/\/equaid.com\/wp-content\/uploads\/2024\/06\/logo-granja.svg","width":1,"height":1,"caption":"eQuaid\u00ae Llet d'euga | Botiga online"},"image":{"@id":"https:\/\/equaid.com\/ca\/#\/schema\/logo\/image\/"}}]}},"_links":{"self":[{"href":"https:\/\/equaid.com\/ca\/wp-json\/wp\/v2\/pages\/3942","targetHints":{"allow":["GET"]}}],"collection":[{"href":"https:\/\/equaid.com\/ca\/wp-json\/wp\/v2\/pages"}],"about":[{"href":"https:\/\/equaid.com\/ca\/wp-json\/wp\/v2\/types\/page"}],"author":[{"embeddable":true,"href":"https:\/\/equaid.com\/ca\/wp-json\/wp\/v2\/users\/1"}],"replies":[{"embeddable":true,"href":"https:\/\/equaid.com\/ca\/wp-json\/wp\/v2\/comments?post=3942"}],"version-history":[{"count":2,"href":"https:\/\/equaid.com\/ca\/wp-json\/wp\/v2\/pages\/3942\/revisions"}],"predecessor-version":[{"id":3949,"href":"https:\/\/equaid.com\/ca\/wp-json\/wp\/v2\/pages\/3942\/revisions\/3949"}],"wp:attachment":[{"href":"https:\/\/equaid.com\/ca\/wp-json\/wp\/v2\/media?parent=3942"}],"curies":[{"name":"wp","href":"https:\/\/api.w.org\/{rel}","templated":true}]}}